{"id":9963,"date":"2025-08-31T04:18:28","date_gmt":"2025-08-31T04:18:28","guid":{"rendered":"https:\/\/www.enterpricecorp.com\/sitio\/?post_type=product&#038;p=9963"},"modified":"2025-08-31T04:19:19","modified_gmt":"2025-08-31T04:19:19","slug":"pulsioximetro-gmd-pulsax-500e","status":"publish","type":"product","link":"https:\/\/www.enterpricecorp.com\/sitio\/producto\/pulsioximetro-gmd-pulsax-500e\/","title":{"rendered":"Pulsiox\u00edmetro GMD Pulsax 500E"},"content":{"rendered":"<p>El Pulsiox\u00edmetro GMD 500E , es un equipo que mide los niveles de saturaci\u00f3n de ox\u00edgeno en la sangre y la frecuencia cardiaca a trav\u00e9s del dedo del paciente. Su pantalla con tecnolog\u00eda LED es de f\u00e1cil visualizaci\u00f3n. Este dispositivo es ideal para personas con dificultades respiratorias e insuficiencias card\u00edacas. En esta versi\u00f3n, cuenta con un dise\u00f1o renovado y con materiales m\u00e1s resistentes que los de su antecesor el 500B.<\/p>\n","protected":false},"excerpt":{"rendered":"<p><strong>Beneficios<\/strong><\/p>\n<ul>\n<li>Se entrega con acta de verificaci\u00f3n.<\/li>\n<li>Proporciona mediciones precisas y confiables.<\/li>\n<li>Su apagado es autom\u00e1tico.<\/li>\n<li>Tiene indicador de bater\u00eda baja.<\/li>\n<li>Incluye correa y pr\u00e1ctico estuche.<\/li>\n<li>La visualizaci\u00f3n del pulso es en gr\u00e1fico de barras.<\/li>\n<\/ul>\n<p><strong>Caracteristicas<\/strong><\/p>\n<ul>\n<li>Su pantalla LED es resistente y f\u00e1cil de visualizar<\/li>\n<li>Funciona con dos bater\u00edas AAA<\/li>\n<li>Cuenta con correa de seguridad y estuche<\/li>\n<li>Recomendado para uso en adulto<\/li>\n<li>Apagado autom\u00e1tico en 16 segundos<\/li>\n<li>pantalla unidireccional<\/li>\n<\/ul>\n<p><strong>Especificaciones<\/strong><\/p>\n<ul>\n<li><strong>Referencia:<\/strong>\u00a0GMDPX-500E<\/li>\n<li><strong>Registro sanitario:<\/strong>\u00a02018EBC-0018574<\/li>\n<li><strong>Clasificaci\u00f3n de riesgo:<\/strong>\u00a0IIB<\/li>\n<li><strong>Rango de medici\u00f3n saturaci\u00f3n de ox\u00edgeno:<\/strong>\u00a0[35 -100] %<\/li>\n<li><strong>Rango medici\u00f3n frecuencia card\u00edaca:<\/strong>\u00a0[25 \u2013 250] ppm<\/li>\n<li><strong>Resoluci\u00f3n de saturaci\u00f3n de ox\u00edgeno:<\/strong>\u00a03.1 %<\/li>\n<li><strong>Resoluci\u00f3n de frecuencia cardiaca:<\/strong>\u00a01.1 ppm<\/li>\n<li><strong>Precisi\u00f3n de la saturaci\u00f3n de ox\u00edgeno:<\/strong>\u00a0\u00b1 2% [70 \u2013 100] % No requerido (\u2264 69 %)<\/li>\n<li><strong>Precisi\u00f3n de la frecuencia card\u00edaca:<\/strong>\u00a0\u00b1 2 ppm<\/li>\n<li><strong>Tipo de alimentaci\u00f3n:<\/strong>\u00a02 Bater\u00edas alkalinas AAA 1.5 V<\/li>\n<li><strong>Dimensiones:<\/strong>\u00a06,2 cm \u00d7 3.7 cm \u00d7 3.2 cm<\/li>\n<li><strong>Longitud de onda:<\/strong>\u00a0Luz Rojo: 660 nm \u00b1 3 Infrarojo: 905 nm \u00b1 5<\/li>\n<li><strong>Condiciones de operaci\u00f3n:<\/strong>\u00a05 \u2013 40] \u00b0C; [15 \u2013 80] % RH<\/li>\n<li><strong>Accesorios:<\/strong>\u00a0Correa y Maleta<\/li>\n<\/ul>\n","protected":false},"featured_media":9964,"comment_status":"open","ping_status":"closed","template":"","meta":[],"product_brand":[],"product_cat":[99],"product_tag":[200,126,201],"class_list":{"0":"post-9963","1":"product","2":"type-product","3":"status-publish","4":"has-post-thumbnail","6":"product_cat-oximetria","7":"product_tag-oxigeno","8":"product_tag-oximetro","9":"product_tag-oximetro-de-pulso","11":"first","12":"instock","13":"taxable","14":"shipping-taxable","15":"product-type-simple"},"_links":{"self":[{"href":"https:\/\/www.enterpricecorp.com\/sitio\/wp-json\/wp\/v2\/product\/9963","targetHints":{"allow":["GET"]}}],"collection":[{"href":"https:\/\/www.enterpricecorp.com\/sitio\/wp-json\/wp\/v2\/product"}],"about":[{"href":"https:\/\/www.enterpricecorp.com\/sitio\/wp-json\/wp\/v2\/types\/product"}],"replies":[{"embeddable":true,"href":"https:\/\/www.enterpricecorp.com\/sitio\/wp-json\/wp\/v2\/comments?post=9963"}],"version-history":[{"count":2,"href":"https:\/\/www.enterpricecorp.com\/sitio\/wp-json\/wp\/v2\/product\/9963\/revisions"}],"predecessor-version":[{"id":9969,"href":"https:\/\/www.enterpricecorp.com\/sitio\/wp-json\/wp\/v2\/product\/9963\/revisions\/9969"}],"wp:featuredmedia":[{"embeddable":true,"href":"https:\/\/www.enterpricecorp.com\/sitio\/wp-json\/wp\/v2\/media\/9964"}],"wp:attachment":[{"href":"https:\/\/www.enterpricecorp.com\/sitio\/wp-json\/wp\/v2\/media?parent=9963"}],"wp:term":[{"taxonomy":"product_brand","embeddable":true,"href":"https:\/\/www.enterpricecorp.com\/sitio\/wp-json\/wp\/v2\/product_brand?post=9963"},{"taxonomy":"product_cat","embeddable":true,"href":"https:\/\/www.enterpricecorp.com\/sitio\/wp-json\/wp\/v2\/product_cat?post=9963"},{"taxonomy":"product_tag","embeddable":true,"href":"https:\/\/www.enterpricecorp.com\/sitio\/wp-json\/wp\/v2\/product_tag?post=9963"}],"curies":[{"name":"wp","href":"https:\/\/api.w.org\/{rel}","templated":true}]}}