{"id":9956,"date":"2025-08-31T04:10:36","date_gmt":"2025-08-31T04:10:36","guid":{"rendered":"https:\/\/www.enterpricecorp.com\/sitio\/?post_type=product&#038;p=9956"},"modified":"2025-08-31T04:10:36","modified_gmt":"2025-08-31T04:10:36","slug":"electrocardiografo-se3","status":"publish","type":"product","link":"https:\/\/www.enterpricecorp.com\/sitio\/producto\/electrocardiografo-se3\/","title":{"rendered":"Electrocardi\u00f3grafo SE3"},"content":{"rendered":"","protected":false},"excerpt":{"rendered":"<p><strong>Caracter\u00edsticas:<\/strong><\/p>\n<ul>\n<li>Electrocardi\u00f3grafo de 3 canales<\/li>\n<li>Pantalla LCD a color plegable, para visualizaci\u00f3n de ondas<\/li>\n<li>Impresora t\u00e9rmica incorporada de alta resoluci\u00f3n<\/li>\n<li>Fuente de alimentaci\u00f3n AC \/ DC<\/li>\n<li>Bater\u00eda recargable Li-ion, con duraci\u00f3n de 6.5 horas.<\/li>\n<li>Almacenamiento de datos de paciente: 500 ECG<\/li>\n<li>Filtrado digital<\/li>\n<li>Ajuste autom\u00e1tico de l\u00ednea de base<\/li>\n<li>Modo de trabajo Auto \/ Manual<\/li>\n<li>Detecci\u00f3n y alerta de desconexi\u00f3n<\/li>\n<li>Medici\u00f3n e interpretaci\u00f3n de ECG autom\u00e1tico<\/li>\n<\/ul>\n","protected":false},"featured_media":9957,"comment_status":"open","ping_status":"closed","template":"","meta":[],"product_brand":[],"product_cat":[87],"product_tag":[107,150,160,199],"class_list":{"0":"post-9956","1":"product","2":"type-product","3":"status-publish","4":"has-post-thumbnail","6":"product_cat-electrocardiografos","7":"product_tag-cardiologia","8":"product_tag-electrocardiografos","9":"product_tag-linea-de-equipos","10":"product_tag-lo-mas-vendido","12":"first","13":"instock","14":"taxable","15":"shipping-taxable","16":"product-type-simple"},"_links":{"self":[{"href":"https:\/\/www.enterpricecorp.com\/sitio\/wp-json\/wp\/v2\/product\/9956","targetHints":{"allow":["GET"]}}],"collection":[{"href":"https:\/\/www.enterpricecorp.com\/sitio\/wp-json\/wp\/v2\/product"}],"about":[{"href":"https:\/\/www.enterpricecorp.com\/sitio\/wp-json\/wp\/v2\/types\/product"}],"replies":[{"embeddable":true,"href":"https:\/\/www.enterpricecorp.com\/sitio\/wp-json\/wp\/v2\/comments?post=9956"}],"version-history":[{"count":1,"href":"https:\/\/www.enterpricecorp.com\/sitio\/wp-json\/wp\/v2\/product\/9956\/revisions"}],"predecessor-version":[{"id":9958,"href":"https:\/\/www.enterpricecorp.com\/sitio\/wp-json\/wp\/v2\/product\/9956\/revisions\/9958"}],"wp:featuredmedia":[{"embeddable":true,"href":"https:\/\/www.enterpricecorp.com\/sitio\/wp-json\/wp\/v2\/media\/9957"}],"wp:attachment":[{"href":"https:\/\/www.enterpricecorp.com\/sitio\/wp-json\/wp\/v2\/media?parent=9956"}],"wp:term":[{"taxonomy":"product_brand","embeddable":true,"href":"https:\/\/www.enterpricecorp.com\/sitio\/wp-json\/wp\/v2\/product_brand?post=9956"},{"taxonomy":"product_cat","embeddable":true,"href":"https:\/\/www.enterpricecorp.com\/sitio\/wp-json\/wp\/v2\/product_cat?post=9956"},{"taxonomy":"product_tag","embeddable":true,"href":"https:\/\/www.enterpricecorp.com\/sitio\/wp-json\/wp\/v2\/product_tag?post=9956"}],"curies":[{"name":"wp","href":"https:\/\/api.w.org\/{rel}","templated":true}]}}