{"id":9952,"date":"2025-08-31T04:07:58","date_gmt":"2025-08-31T04:07:58","guid":{"rendered":"https:\/\/www.enterpricecorp.com\/sitio\/?post_type=product&#038;p=9952"},"modified":"2025-08-31T04:07:58","modified_gmt":"2025-08-31T04:07:58","slug":"electrocardiografo-se-301","status":"publish","type":"product","link":"https:\/\/www.enterpricecorp.com\/sitio\/producto\/electrocardiografo-se-301\/","title":{"rendered":"Electrocardi\u00f3grafo SE \u2013 301"},"content":{"rendered":"","protected":false},"excerpt":{"rendered":"<p><strong>Caracter\u00edsticas:<\/strong><\/p>\n<ul>\n<li>Electrocardi\u00f3grafo de 3 canales<\/li>\n<li>Pantalla t\u00e1ctil a color de alta resoluci\u00f3n<\/li>\n<li>Filtros completos y tecnolog\u00eda anti-ruido<\/li>\n<li>Adquisici\u00f3n y visualizaci\u00f3n simult\u00e1nea de 12 derivaciones<\/li>\n<li>Identificaci\u00f3n de calidad de se\u00f1al<\/li>\n<li>Muestreo de larga duraci\u00f3n<\/li>\n<li>Gran capacidad de almacenamiento<\/li>\n<li>Bater\u00eda de iones de litio recargable incorporada<\/li>\n<li>Comunicaci\u00f3n bidireccional con el sistema de gesti\u00f3n de datos SE-1515<\/li>\n<\/ul>\n","protected":false},"featured_media":9953,"comment_status":"open","ping_status":"closed","template":"","meta":[],"product_brand":[],"product_cat":[87],"product_tag":[66,107,150,67,160],"class_list":{"0":"post-9952","1":"product","2":"type-product","3":"status-publish","4":"has-post-thumbnail","6":"product_cat-electrocardiografos","7":"product_tag-ambulancia","8":"product_tag-cardiologia","9":"product_tag-electrocardiografos","10":"product_tag-home-care","11":"product_tag-linea-de-equipos","13":"first","14":"instock","15":"taxable","16":"shipping-taxable","17":"product-type-simple"},"_links":{"self":[{"href":"https:\/\/www.enterpricecorp.com\/sitio\/wp-json\/wp\/v2\/product\/9952","targetHints":{"allow":["GET"]}}],"collection":[{"href":"https:\/\/www.enterpricecorp.com\/sitio\/wp-json\/wp\/v2\/product"}],"about":[{"href":"https:\/\/www.enterpricecorp.com\/sitio\/wp-json\/wp\/v2\/types\/product"}],"replies":[{"embeddable":true,"href":"https:\/\/www.enterpricecorp.com\/sitio\/wp-json\/wp\/v2\/comments?post=9952"}],"version-history":[{"count":1,"href":"https:\/\/www.enterpricecorp.com\/sitio\/wp-json\/wp\/v2\/product\/9952\/revisions"}],"predecessor-version":[{"id":9955,"href":"https:\/\/www.enterpricecorp.com\/sitio\/wp-json\/wp\/v2\/product\/9952\/revisions\/9955"}],"wp:featuredmedia":[{"embeddable":true,"href":"https:\/\/www.enterpricecorp.com\/sitio\/wp-json\/wp\/v2\/media\/9953"}],"wp:attachment":[{"href":"https:\/\/www.enterpricecorp.com\/sitio\/wp-json\/wp\/v2\/media?parent=9952"}],"wp:term":[{"taxonomy":"product_brand","embeddable":true,"href":"https:\/\/www.enterpricecorp.com\/sitio\/wp-json\/wp\/v2\/product_brand?post=9952"},{"taxonomy":"product_cat","embeddable":true,"href":"https:\/\/www.enterpricecorp.com\/sitio\/wp-json\/wp\/v2\/product_cat?post=9952"},{"taxonomy":"product_tag","embeddable":true,"href":"https:\/\/www.enterpricecorp.com\/sitio\/wp-json\/wp\/v2\/product_tag?post=9952"}],"curies":[{"name":"wp","href":"https:\/\/api.w.org\/{rel}","templated":true}]}}