{"id":9945,"date":"2025-08-31T03:59:53","date_gmt":"2025-08-31T03:59:53","guid":{"rendered":"https:\/\/www.enterpricecorp.com\/sitio\/?post_type=product&#038;p=9945"},"modified":"2025-08-31T03:59:53","modified_gmt":"2025-08-31T03:59:53","slug":"sistema-holter-ekg-se-2003","status":"publish","type":"product","link":"https:\/\/www.enterpricecorp.com\/sitio\/producto\/sistema-holter-ekg-se-2003\/","title":{"rendered":"Sistema Holter EKG SE \u2013 2003"},"content":{"rendered":"<p>\u00a1Edan SE 2003, el compa\u00f1ero confiable para diagn\u00f3sticos card\u00edacos detallados!<\/p>\n","protected":false},"excerpt":{"rendered":"<div class=\"woocommerce-product-details__short-description\">\n<p><strong>Caracter\u00edsticas:<\/strong><\/p>\n<ul>\n<li>Holter EKG SE 2003 Descripci\u00f3n<\/li>\n<li>Forma de onda a tiempo real.<\/li>\n<li>Una bater\u00eda dura hasta 8 d\u00edas de monitoreo.<\/li>\n<li>Compatible memoria SD.<\/li>\n<li>Detecci\u00f3n de marcapasos.<\/li>\n<\/ul>\n<\/div>\n","protected":false},"featured_media":9946,"comment_status":"open","ping_status":"closed","template":"","meta":[],"product_brand":[],"product_cat":[88],"product_tag":[107,198],"class_list":{"0":"post-9945","1":"product","2":"type-product","3":"status-publish","4":"has-post-thumbnail","6":"product_cat-sistema-holter","7":"product_tag-cardiologia","8":"product_tag-holter","10":"first","11":"instock","12":"taxable","13":"shipping-taxable","14":"product-type-simple"},"_links":{"self":[{"href":"https:\/\/www.enterpricecorp.com\/sitio\/wp-json\/wp\/v2\/product\/9945","targetHints":{"allow":["GET"]}}],"collection":[{"href":"https:\/\/www.enterpricecorp.com\/sitio\/wp-json\/wp\/v2\/product"}],"about":[{"href":"https:\/\/www.enterpricecorp.com\/sitio\/wp-json\/wp\/v2\/types\/product"}],"replies":[{"embeddable":true,"href":"https:\/\/www.enterpricecorp.com\/sitio\/wp-json\/wp\/v2\/comments?post=9945"}],"version-history":[{"count":1,"href":"https:\/\/www.enterpricecorp.com\/sitio\/wp-json\/wp\/v2\/product\/9945\/revisions"}],"predecessor-version":[{"id":9947,"href":"https:\/\/www.enterpricecorp.com\/sitio\/wp-json\/wp\/v2\/product\/9945\/revisions\/9947"}],"wp:featuredmedia":[{"embeddable":true,"href":"https:\/\/www.enterpricecorp.com\/sitio\/wp-json\/wp\/v2\/media\/9946"}],"wp:attachment":[{"href":"https:\/\/www.enterpricecorp.com\/sitio\/wp-json\/wp\/v2\/media?parent=9945"}],"wp:term":[{"taxonomy":"product_brand","embeddable":true,"href":"https:\/\/www.enterpricecorp.com\/sitio\/wp-json\/wp\/v2\/product_brand?post=9945"},{"taxonomy":"product_cat","embeddable":true,"href":"https:\/\/www.enterpricecorp.com\/sitio\/wp-json\/wp\/v2\/product_cat?post=9945"},{"taxonomy":"product_tag","embeddable":true,"href":"https:\/\/www.enterpricecorp.com\/sitio\/wp-json\/wp\/v2\/product_tag?post=9945"}],"curies":[{"name":"wp","href":"https:\/\/api.w.org\/{rel}","templated":true}]}}