{"id":9933,"date":"2025-08-31T03:50:37","date_gmt":"2025-08-31T03:50:37","guid":{"rendered":"https:\/\/www.enterpricecorp.com\/sitio\/?post_type=product&#038;p=9933"},"modified":"2025-08-31T03:50:37","modified_gmt":"2025-08-31T03:50:37","slug":"oximetro-h100b","status":"publish","type":"product","link":"https:\/\/www.enterpricecorp.com\/sitio\/producto\/oximetro-h100b\/","title":{"rendered":"Ox\u00edmetro H100B"},"content":{"rendered":"<p>\u00a1H100B de EDAN, el ox\u00edmetro port\u00e1til que combina precisi\u00f3n y confiabilidad en cada medici\u00f3n!<\/p>\n","protected":false},"excerpt":{"rendered":"<p><strong>Caracter\u00edsticas:<\/strong><\/p>\n<ul>\n<li>Pulso ox\u00edmetro (SpO2).<\/li>\n<li>Port\u00e1til.<\/li>\n<li>Pulso ox\u00edmetro (SpO2) adulto, pediatrico y Neonatal.<\/li>\n<li>Display num\u00e9rico.<\/li>\n<li>Visualizaci\u00f3n onda pletismogr\u00e1fica de SpO2.<\/li>\n<li>Medici\u00f3n de temperatura opcional (H100N).<\/li>\n<li>Alarmas.<\/li>\n<li>Pantalla LCD.<\/li>\n<\/ul>\n","protected":false},"featured_media":9934,"comment_status":"open","ping_status":"closed","template":"","meta":[],"product_brand":[],"product_cat":[99],"product_tag":[67,126],"class_list":{"0":"post-9933","1":"product","2":"type-product","3":"status-publish","4":"has-post-thumbnail","6":"product_cat-oximetria","7":"product_tag-home-care","8":"product_tag-oximetro","10":"first","11":"instock","12":"taxable","13":"shipping-taxable","14":"product-type-simple"},"_links":{"self":[{"href":"https:\/\/www.enterpricecorp.com\/sitio\/wp-json\/wp\/v2\/product\/9933","targetHints":{"allow":["GET"]}}],"collection":[{"href":"https:\/\/www.enterpricecorp.com\/sitio\/wp-json\/wp\/v2\/product"}],"about":[{"href":"https:\/\/www.enterpricecorp.com\/sitio\/wp-json\/wp\/v2\/types\/product"}],"replies":[{"embeddable":true,"href":"https:\/\/www.enterpricecorp.com\/sitio\/wp-json\/wp\/v2\/comments?post=9933"}],"version-history":[{"count":1,"href":"https:\/\/www.enterpricecorp.com\/sitio\/wp-json\/wp\/v2\/product\/9933\/revisions"}],"predecessor-version":[{"id":9935,"href":"https:\/\/www.enterpricecorp.com\/sitio\/wp-json\/wp\/v2\/product\/9933\/revisions\/9935"}],"wp:featuredmedia":[{"embeddable":true,"href":"https:\/\/www.enterpricecorp.com\/sitio\/wp-json\/wp\/v2\/media\/9934"}],"wp:attachment":[{"href":"https:\/\/www.enterpricecorp.com\/sitio\/wp-json\/wp\/v2\/media?parent=9933"}],"wp:term":[{"taxonomy":"product_brand","embeddable":true,"href":"https:\/\/www.enterpricecorp.com\/sitio\/wp-json\/wp\/v2\/product_brand?post=9933"},{"taxonomy":"product_cat","embeddable":true,"href":"https:\/\/www.enterpricecorp.com\/sitio\/wp-json\/wp\/v2\/product_cat?post=9933"},{"taxonomy":"product_tag","embeddable":true,"href":"https:\/\/www.enterpricecorp.com\/sitio\/wp-json\/wp\/v2\/product_tag?post=9933"}],"curies":[{"name":"wp","href":"https:\/\/api.w.org\/{rel}","templated":true}]}}