{"id":9882,"date":"2025-08-31T02:39:26","date_gmt":"2025-08-31T02:39:26","guid":{"rendered":"https:\/\/www.enterpricecorp.com\/sitio\/?post_type=product&#038;p=9882"},"modified":"2025-08-31T02:39:26","modified_gmt":"2025-08-31T02:39:26","slug":"contec-ecg1212g","status":"publish","type":"product","link":"https:\/\/www.enterpricecorp.com\/sitio\/producto\/contec-ecg1212g\/","title":{"rendered":"CONTEC ECG1212G"},"content":{"rendered":"<div><\/div>\n<h2>CONTEC CE \/ FDA Electrocardi\u00f3grafo ECG de 12 canales ECG1212G con software para PC<\/h2>\n<div><strong>Funciones<\/strong><br \/>\n1) Adopte LCD en color de alta resoluci\u00f3n de 10.1 \u00bb, opere con pantalla t\u00e1ctil completa y botones de funci\u00f3n, conveniente de usar.<br \/>\n2) Colecci\u00f3n de sincronizaci\u00f3n para ECG de 12 derivaciones, compatible con visualizaci\u00f3n de forma de onda de 12 derivaciones y Cabrera-derivaciones. Obtenga una forma de onda de ECG de alta calidad a trav\u00e9s del filtro de frecuencia de potencia (50\/60 Hz), el filtro de l\u00ednea de base y el filtro EMG (25\/35 Hz) de la se\u00f1al de ECG.<br \/>\n3) Visualizaci\u00f3n de 3\/6\/12: forma de onda de ECG de derivaci\u00f3n, valor de FC, modo de impresi\u00f3n, sensibilidad, velocidad del papel, estado del filtro, reloj, energ\u00eda de la bater\u00eda, cuadr\u00edcula de fondo, par\u00e1metro medido e interpretaci\u00f3n, etc. en una pantalla y con funciones r\u00e1pidas para arranque, sobrecarga y estado de funcionamiento del sistema.<br \/>\n4) Fuente de alimentaci\u00f3n: CA \/ CC (que puede adaptarse a CA 50 \/ 60Hz), con bater\u00eda de litio recargable incorporada, circuito de carga, circuito de protecci\u00f3n perfecto contra sobrecorriente y sobretensi\u00f3n.<br \/>\n5) En estado de CC \u00f3ptimo, hasta 10 horas de tiempo de espera, impresi\u00f3n continua durante m\u00e1s de 3 horas, que cumple con los requisitos de visitar a un paciente en el hogar y examen corporal.<br \/>\n6) Impresora t\u00e9rmica incorporada, admite m\u00faltiples modos y formatos de impresi\u00f3n, como auto M \u00d7 N, M \u00d7 N + 1, M \u00d7 N + 2, l\u00ednea de ritmo M y manual, etc. El contenido incluye tiempo, velocidad del papel , se puede imprimir la sensibilidad, la se\u00f1al de calibraci\u00f3n, el nombre del cable, el estado del filtro y la informaci\u00f3n del paciente. Se puede configurar la longitud de la forma de onda impresa, la salida del par\u00e1metro de medici\u00f3n, la conclusi\u00f3n del diagn\u00f3stico, la forma de onda QRS superpuesta, el histograma, el gr\u00e1fico de tendencias y la lista de intervalos, etc. Con las funciones de impresi\u00f3n (impresi\u00f3n de temporizaci\u00f3n y autoimpresi\u00f3n para arritmias, etc.), que cumplen con diferentes requisitos.<br \/>\n7) Con las funciones de medici\u00f3n autom\u00e1tica e interpretaci\u00f3n autom\u00e1tica de los par\u00e1metros de ECG de rutina, proporcione resultados medidos y conclusiones de autodiagn\u00f3stico para FC, intervalo PR, duraci\u00f3n P, duraci\u00f3n QRS, intervalo QT \/ QTc, eje P \/ QRS \/ T, Amplitud R (V5), S (V1), R (V5) + S (V1), etc., lo que reduce la carga del m\u00e9dico.<br \/>\n8) La memoria incorporada almacena 4000 casos (tiempo de ahorro de datos: 10 s) al menos, conveniente para la revisi\u00f3n de casos y estad\u00edsticas.<br \/>\n9) Los casos hist\u00f3ricos se pueden revisar, consultar, modificar, transmitir, imprimir, corregir plomo, los casos tambi\u00e9n se pueden exportar a otros formatos de archivos electr\u00f3nicos (dat, pdf, xml, bmp, jpeg, etc.)<br \/>\n10) Interfaz de funcionamiento chino \/ ingl\u00e9s, se puede imprimir el informe en el idioma correspondiente; teclado virtual incorporado, compatible con el m\u00e9todo de entrada chino \/ ingl\u00e9s.<br \/>\n11) Admite teclado, mouse, esc\u00e1ner e impresora est\u00e1ndar USB externos.<\/div>\n<div><\/div>\n<div><strong>Actuaci\u00f3n<\/strong><br \/>\n1) Modo de entrada: protecci\u00f3n flotante y de desfibrilaci\u00f3n<br \/>\n2) Plomo: est\u00e1ndar de 12 cables<br \/>\n3) Corriente de fuga del paciente: &lt;10 \u00b5A<br \/>\n4) Impedancia de entrada: \u2265 2,5 M\u03a9<br \/>\n5) Respuesta de frecuencia:<br \/>\nAmplitud de entrada nominal Frecuencia de entrada y forma de onda Respuesta de salida relativa<br \/>\n1,0 0,67 Hz ~ 40 Hz, sinusoidal \u00b1 10% a<br \/>\n0.5 40 Hz ~ 100 Hz, sinusoidal +10%, -30% a<br \/>\n0,25 100 Hz ~ 150 Hz, sinusoidal +10%, -30% a<br \/>\n0,5 150 Hz ~ 500 Hz, sinusoidal +10%, -100% a<br \/>\n1,5 \u22641 Hz, 200 ms, triangular +0%, -10% b<br \/>\na relativo a la salida de 10 Hz b relativo a la salida de 200 ms<br \/>\n6) Constante de tiempo: \u2265 3,2 s<br \/>\n7) CMRR:&gt; 105 dB<br \/>\n8) Filtro: frecuencia de alimentaci\u00f3n (CA 50\/60 Hz), EMG (25 Hz \/ 35 Hz (-3 dB)) y deriva de la l\u00ednea de base<br \/>\n9) Modo de grabaci\u00f3n: sistema de impresi\u00f3n t\u00e9rmica<br \/>\n10) Tama\u00f1o del papel: 210 mm (W) \u00d7 20 m (L), papel t\u00e9rmico de alta velocidad<br \/>\n11) Velocidad del papel: 12,5 mm \/ s, 25 mm \/ s, 50 mm \/ s, error: \u00b1 5%<br \/>\n12) Ganancia (sensibilidad): 5, 10, 20 mm \/ mV, precisi\u00f3n: \u00b1 2%<br \/>\nSensibilidad est\u00e1ndar: 10 mm \/ mV \u00b1 0,2 mm \/ mV<br \/>\n13) Modo de grabaci\u00f3n: grabaci\u00f3n autom\u00e1tica, de ritmo y manual<br \/>\n14) Par\u00e1metros de medici\u00f3n: FC, intervalo P \u2013 R, duraci\u00f3n P, duraci\u00f3n QRS, duraci\u00f3n T, intervalo Q \u2013 T, Q \u2013 Tc, eje P, eje QRS, eje T, amplitud R (V5), amplitud S (V1) , R (V5) + S (V1) amplitud<br \/>\n15) Clase de seguridad: clase I, pieza aplicada tipo CF a prueba de desfibrilaci\u00f3n<br \/>\n16) Voltaje de polarizaci\u00f3n: \u00b1 610 mV<br \/>\n17) Nivel de ruido: \u2264 12 \u00b5Vp-p<br \/>\n18) Frecuencia de muestreo para la entrada de se\u00f1al de ECG: 32 kHz<br \/>\n19) Frecuencia de muestreo para el procesamiento de datos de forma de onda: 1 kHz<br \/>\n20) Precisi\u00f3n de muestreo: 24 bits<br \/>\n21) Se\u00f1al de detecci\u00f3n m\u00ednima: una se\u00f1al sinusoidal de 10 Hz, 20 \u00b5V (valor pico \u2013 pico) puede producir una desviaci\u00f3n grabada visualmente.<br \/>\n22) Canal de detecci\u00f3n de marcapasos: II<br \/>\n23) Precisi\u00f3n de la reproducci\u00f3n de la se\u00f1al de entrada: \u00b1 5%<br \/>\n24) Cuantificaci\u00f3n de amplitud: \u2264 5\u00b5V \/ LSB<br \/>\n25) Desviaci\u00f3n de tiempo en cada canal: &lt;100 \u00b5s<br \/>\n26) Fuente de alimentaci\u00f3n:<br \/>\nCA: 100 V ~ 240 V (50\/60 Hz)<br \/>\nCC: bater\u00eda de litio recargable de 14,8 V \/ 5200 mAh<br \/>\n27) Grado de protecci\u00f3n contra la entrada de l\u00edquido: IPX0<br \/>\n28) Modo de trabajo: funcionamiento continuo<\/div>\n<div><\/div>\n<div><strong>AccesoriosEst\u00e1ndar<\/strong>:<br \/>\nUn cable de plomo<br \/>\nElectrodo de una extremidad<br \/>\nUn electrodo de pecho<br \/>\nUn papel de registro t\u00e9rmico<br \/>\nUn cable de alimentaci\u00f3n<br \/>\nUn cable de tierra<br \/>\nUn manual de usuario<\/div>\n<div>Caracter\u00edstica f\u00edsica<\/div>\n<div><strong>Operando:<\/strong><br \/>\na) Temperatura ambiente: 5 \u2103 ~ 40 \u2103<br \/>\nb) Humedad relativa: 25% ~ 95% (sin condensaci\u00f3n)<br \/>\nc) Presi\u00f3n atmosf\u00e9rica: 700 hPa ~ 1060 hPa<br \/>\nTransporte y almacenamiento:<br \/>\na) Temperatura ambiente: \u2013 20 \u2103 ~ + 55 \u2103<br \/>\nb) Humedad relativa: \u2264 95%<br \/>\nc) Presi\u00f3n atmosf\u00e9rica: 500 hPa ~ 1060 hPa<br \/>\nDimensi\u00f3n: 340 mm (L) \u00d7 320 mm (W) \u00d7 86 mm (H)<\/div>\n<div>Peso: 5 kilogramos<\/div>\n","protected":false},"excerpt":{"rendered":"<div><strong>Introducci\u00f3n<\/strong><\/div>\n<div>El dispositivo es un electrocardi\u00f3grafo que puede recolectar se\u00f1ales de ECG de 12 derivaciones simult\u00e1neamente e imprimir formas de onda de ECG con un sistema de impresi\u00f3n t\u00e9rmica. Presenta, registra y muestra la forma de onda de ECG en modo autom\u00e1tico \/ manual; medir, analizar y diagnosticar los par\u00e1metros de forma de onda de ECG autom\u00e1ticamente; solicitando \u00abInicio\u00bb y \u00abFalta de papel\u00bb; idioma de interfaz opcional (chino \/ ingl\u00e9s, etc.); bater\u00eda de litio incorporada, AC \/ DC; seleccionar la derivaci\u00f3n del ritmo libremente para observar un ritmo card\u00edaco anormal; gesti\u00f3n de la base de datos de casos.<\/div>\n","protected":false},"featured_media":9883,"comment_status":"open","ping_status":"closed","template":"","meta":[],"product_brand":[],"product_cat":[101],"product_tag":[186],"class_list":{"0":"post-9882","1":"product","2":"type-product","3":"status-publish","4":"has-post-thumbnail","6":"product_cat-monitor-de-ecg","7":"product_tag-monitor-de-ecg","9":"first","10":"instock","11":"taxable","12":"shipping-taxable","13":"product-type-simple"},"_links":{"self":[{"href":"https:\/\/www.enterpricecorp.com\/sitio\/wp-json\/wp\/v2\/product\/9882","targetHints":{"allow":["GET"]}}],"collection":[{"href":"https:\/\/www.enterpricecorp.com\/sitio\/wp-json\/wp\/v2\/product"}],"about":[{"href":"https:\/\/www.enterpricecorp.com\/sitio\/wp-json\/wp\/v2\/types\/product"}],"replies":[{"embeddable":true,"href":"https:\/\/www.enterpricecorp.com\/sitio\/wp-json\/wp\/v2\/comments?post=9882"}],"version-history":[{"count":1,"href":"https:\/\/www.enterpricecorp.com\/sitio\/wp-json\/wp\/v2\/product\/9882\/revisions"}],"predecessor-version":[{"id":9884,"href":"https:\/\/www.enterpricecorp.com\/sitio\/wp-json\/wp\/v2\/product\/9882\/revisions\/9884"}],"wp:featuredmedia":[{"embeddable":true,"href":"https:\/\/www.enterpricecorp.com\/sitio\/wp-json\/wp\/v2\/media\/9883"}],"wp:attachment":[{"href":"https:\/\/www.enterpricecorp.com\/sitio\/wp-json\/wp\/v2\/media?parent=9882"}],"wp:term":[{"taxonomy":"product_brand","embeddable":true,"href":"https:\/\/www.enterpricecorp.com\/sitio\/wp-json\/wp\/v2\/product_brand?post=9882"},{"taxonomy":"product_cat","embeddable":true,"href":"https:\/\/www.enterpricecorp.com\/sitio\/wp-json\/wp\/v2\/product_cat?post=9882"},{"taxonomy":"product_tag","embeddable":true,"href":"https:\/\/www.enterpricecorp.com\/sitio\/wp-json\/wp\/v2\/product_tag?post=9882"}],"curies":[{"name":"wp","href":"https:\/\/api.w.org\/{rel}","templated":true}]}}