{"id":9878,"date":"2025-08-31T02:33:55","date_gmt":"2025-08-31T02:33:55","guid":{"rendered":"https:\/\/www.enterpricecorp.com\/sitio\/?post_type=product&#038;p=9878"},"modified":"2025-08-31T02:33:55","modified_gmt":"2025-08-31T02:33:55","slug":"contec8000g","status":"publish","type":"product","link":"https:\/\/www.enterpricecorp.com\/sitio\/producto\/contec8000g\/","title":{"rendered":"CONTEC8000G"},"content":{"rendered":"<div class=\"woocommerce-product-details__short-description\">\n<p><strong>Introducci\u00f3n:<\/strong><\/p>\n<p>El dispositivo adquiere funciones que incluyen muestreo sincr\u00f3nico de datos de ECG de 12 derivaciones convencionales y datos de ECG de vector de 3 derivaciones, varias formas de an\u00e1lisis y diagn\u00f3stico, salida de informes y otras funciones. Como sistema de an\u00e1lisis de ECG integrado, el dispositivo puede reflejar el movimiento del coraz\u00f3n del usuario de forma oportuna y precisa. El dispositivo es aplicable para el examen de ECG en instituciones m\u00e9dicas y de salud en todos los niveles, proporcionando una base precisa y confiable para el diagn\u00f3stico.<\/p>\n<\/div>\n<form class=\"cart\" action=\"https:\/\/bimedik.com.co\/producto\/contec8000g\/\" enctype=\"multipart\/form-data\" method=\"post\">\n<div class=\"quantity\">\n<h2 class=\"clearTextStyle\">CONTEC8000G Sistema de estaci\u00f3n de trabajo de ECG basado en PC de 12 derivaciones<\/h2>\n<p><strong>Caracter\u00edsticas<\/strong><\/p>\n<p>1. Dise\u00f1o compacto y port\u00e1til para grabadora, compatible con el sistema de derivaci\u00f3n Wilson y Frank, con luz indicadora de derivaci\u00f3n<br \/>\n2. Adopte el modo de muestreo, visualizaci\u00f3n y almacenamiento en tiempo real, tiene muchas funciones, como el an\u00e1lisis de ondas QRS en tiempo real, el c\u00e1lculo de la frecuencia card\u00edaca y la impresi\u00f3n en tiempo real, y proporciona m\u00faltiples m\u00e9todos de filtro para evitar la desviaci\u00f3n y la interferencia de la l\u00ednea de base.<br \/>\n3. Adopte aritm\u00e9tica de an\u00e1lisis de ECG avanzada, m\u00e1s perfecta para que la computadora busque puntos y obtenga un tipo de arritmia de reconocimiento autom\u00e1tico confiable, lo que hace que el informe de an\u00e1lisis y la conclusi\u00f3n sean m\u00e1s valiosos.<br \/>\n4. La forma de onda de ECG se muestra usando tecnolog\u00eda anti-aliasing de manera clara e inteligente, la posici\u00f3n de la derivaci\u00f3n se puede ajustar, lo que resuelve el problema de la superposici\u00f3n de la forma de onda causada por la desviaci\u00f3n de la l\u00ednea de base o la forma de onda de alta amplitud.<br \/>\n5. La alta frecuencia de muestreo (1000 Hz) garantiza que no se distorsione la forma de onda del ECG. La alta resoluci\u00f3n en pantalla e impresi\u00f3n garantiza los detalles de la forma de onda del ECG.<br \/>\n6.Proporcione docenas de modos de impresi\u00f3n y visualizaci\u00f3n sincronizados y continuos, incluidos 6\u00d72, 3\u00d74, 3\u00d74 + 2, etc.La herramienta auxiliar, como el an\u00e1lisis de formas de onda superpuestas, la escala electr\u00f3nica y la base de datos terminol\u00f3gica editable, etc., brinda mucho m\u00e1s conveniente para el diagn\u00f3stico y aplicacion clinica.<br \/>\n7. Funci\u00f3n de an\u00e1lisis m\u00faltiple, que incluye: ECG convencional de 12 derivaciones, cardiograma de frecuencia (FCG), ECG de alta frecuencia, an\u00e1lisis de dispersi\u00f3n interna del intervalo QT, an\u00e1lisis de variabilidad de la frecuencia card\u00edaca (HRV), an\u00e1lisis de isquemia del miocardio (STLE), turbulencia de la frecuencia card\u00edaca (HRT) an\u00e1lisis, an\u00e1lisis de ECG de marcapasos, cardiograma vectorial (VCG), cardiograma vectorial de tiempo (TVCG) y SAECG, etc.<br \/>\n8. La funci\u00f3n de \u00abimpresi\u00f3n de acceso directo\u00bb permite obtener una vista previa o imprimir todos los informes de an\u00e1lisis y guardarlos en una PC con formato multimedia (formato BMP, PNG, PDF o JPG) seg\u00fan las necesidades.<br \/>\n9. Soporte para llamar a procedimientos externos para obtener informaci\u00f3n del paciente de origen desconocido, exportar datos de ECG en formato est\u00e1ndar HL7 aECG, imprimir informe electr\u00f3nico y enviar aviso al procedimiento externo, conveniencia para sistemas de acoplamiento con HIS, PACS y otros del hospital.<\/p>\n<p><strong>Rendimiento<\/strong><\/p>\n<p>Rango de visualizaci\u00f3n de frecuencia card\u00edaca: 30 lpm ~ 300 lpm, error: 30 lpm ~ 100 lpm, \u00b1 1 lpm; 100 lpm ~ 300 lpm, \u00b1 1%.<br \/>\nFrecuencia de muestreo: m\u00e1x. 1000 Hz<br \/>\nPrecisi\u00f3n de muestreo: m\u00e1x. 24 bits<br \/>\nPlomo: est\u00e1ndar 12 cables<br \/>\nCorriente de bucle de entrada: \u2264 0.1\u03bcA<br \/>\nCMRR:&gt; 60dB,&gt; 100dB (con filtro)<br \/>\nCaracter\u00edstica de frecuencia de amplitud: establezca 10Hz como punto de referencia, 0.05Hz ~ 150Hz (-3dB ~ + 0.4dB)<br \/>\nNivel de ruido: \u226415\u03bcVp-p<br \/>\nTipo de seguridad: Clase II Tipo CF con protecci\u00f3n contra desfibrilaci\u00f3n<\/p>\n<p><strong>Accesorios<\/strong><\/p>\n<p>Cable de tierra 1pc<br \/>\nCable de conexi\u00f3n de la estaci\u00f3n de trabajo de ECG 2 piezas<br \/>\nL\u00ednea de transmisi\u00f3n de datos de la estaci\u00f3n de trabajo ECG 1pc<br \/>\nCable conductor de la estaci\u00f3n de trabajo de ECG 1pc<br \/>\nAbrazadera de electrodo de extremidad 1 juego (4 piezas)<br \/>\nElectrodo de pecho 1 juego (6 piezas)<br \/>\nManual de usuario 1pc<br \/>\nclip de alambre de plomo 1pc (2pcs)<\/p>\n<p><strong>Caracter\u00edstica f\u00edsica<\/strong><\/p>\n<p>Entorno operativo<br \/>\na) Temperatura ambiente: 5 \u2103 ~ 40 \u2103<br \/>\nb) Humedad relativa: 25% ~ 95% (sin condensaci\u00f3n)<br \/>\nc) Fuente de alimentaci\u00f3n: USB DC 5V<br \/>\nd) Presi\u00f3n atmosf\u00e9rica: 700hPa ~ 1060hPa<br \/>\nEntorno de almacenamiento<br \/>\na) Temperatura ambiente: -40 \u2103 ~ + 55 \u2103<br \/>\nb) Humedad relativa: \u226495% HR<br \/>\nc) Presi\u00f3n atmosf\u00e9rica: 500hPa ~ 1060hPa<\/p>\n<p><strong>Configuraci\u00f3n opcional<\/strong><\/p>\n<p>Consulte la lista de materiales para obtener m\u00e1s detalles.<\/p>\n<\/div>\n<\/form>\n","protected":false},"excerpt":{"rendered":"<p>Introducci\u00f3n: El dispositivo adquiere funciones que incluyen muestreo sincr\u00f3nico de datos de ECG de 12 derivaciones convencionales y datos de ECG de vector de 3 derivaciones, varias formas de an\u00e1lisis y diagn\u00f3stico, salida de informes y otras funciones. Como sistema de an\u00e1lisis de ECG integrado, el dispositivo puede reflejar el movimiento del coraz\u00f3n del usuario de forma oportuna y precisa. El dispositivo es aplicable para el examen de ECG en instituciones m\u00e9dicas y de salud en todos los niveles, proporcionando una base precisa y confiable para el diagn\u00f3stico. CONTEC8000G Sistema de estaci\u00f3n de trabajo de ECG basado en PC de 12 derivaciones Caracter\u00edsticas 1. Dise\u00f1o compacto y port\u00e1til para grabadora, compatible con el sistema de derivaci\u00f3n Wilson y Frank, con luz indicadora de derivaci\u00f3n 2. Adopte el modo de muestreo, visualizaci\u00f3n y almacenamiento en tiempo real, tiene muchas funciones, como el an\u00e1lisis de ondas QRS en tiempo real, el c\u00e1lculo de la frecuencia card\u00edaca y la impresi\u00f3n en tiempo real, y proporciona m\u00faltiples m\u00e9todos de filtro para evitar la desviaci\u00f3n y la interferencia de la l\u00ednea de base. 3. Adopte aritm\u00e9tica de an\u00e1lisis de ECG avanzada, m\u00e1s perfecta para que la computadora busque puntos y obtenga un tipo de arritmia de reconocimiento autom\u00e1tico confiable, lo que hace que el informe de an\u00e1lisis y la conclusi\u00f3n sean m\u00e1s valiosos. 4. La forma de onda de ECG se muestra usando tecnolog\u00eda anti-aliasing de manera clara e inteligente, la posici\u00f3n de la derivaci\u00f3n se puede ajustar, lo que resuelve el problema de la superposici\u00f3n de la forma de onda causada por la desviaci\u00f3n de la l\u00ednea de base o la forma de onda de alta amplitud. 5. La alta frecuencia de muestreo (1000 Hz) garantiza que no se distorsione la forma de onda del ECG. La alta resoluci\u00f3n en pantalla e impresi\u00f3n garantiza los detalles de la forma de onda del ECG. 6.Proporcione docenas de modos de impresi\u00f3n y visualizaci\u00f3n sincronizados y continuos, incluidos 6\u00d72, 3\u00d74, 3\u00d74 + 2, etc.La herramienta auxiliar, como el an\u00e1lisis de formas de onda superpuestas, la escala electr\u00f3nica y la base de datos terminol\u00f3gica editable, etc., brinda mucho m\u00e1s conveniente para el diagn\u00f3stico y aplicacion clinica. 7. Funci\u00f3n de an\u00e1lisis m\u00faltiple, que incluye: ECG convencional de 12 derivaciones, cardiograma de frecuencia (FCG), ECG de alta frecuencia, an\u00e1lisis de dispersi\u00f3n interna del intervalo QT, an\u00e1lisis de variabilidad de la frecuencia card\u00edaca (HRV), an\u00e1lisis de isquemia del miocardio (STLE), turbulencia de la frecuencia card\u00edaca (HRT) an\u00e1lisis, an\u00e1lisis de ECG de marcapasos, cardiograma vectorial (VCG), cardiograma vectorial de tiempo (TVCG) y SAECG, etc. 8. La funci\u00f3n de \u00abimpresi\u00f3n de acceso directo\u00bb permite obtener una vista previa o imprimir todos los informes de an\u00e1lisis y guardarlos en una PC con formato multimedia (formato BMP, PNG, PDF o JPG) seg\u00fan las necesidades. 9. Soporte para llamar a procedimientos externos para obtener informaci\u00f3n del paciente de origen desconocido, exportar datos de ECG en formato est\u00e1ndar HL7 aECG, imprimir informe electr\u00f3nico y enviar aviso al procedimiento externo, conveniencia para sistemas de acoplamiento con HIS, PACS y otros del hospital. Rendimiento Rango de visualizaci\u00f3n de frecuencia card\u00edaca: 30 lpm ~ 300 lpm, error: 30 lpm ~ 100 lpm, \u00b1 1 lpm; 100 lpm ~ 300 lpm, \u00b1 1%. Frecuencia de muestreo: m\u00e1x. 1000 Hz Precisi\u00f3n de muestreo: m\u00e1x. 24 bits Plomo: est\u00e1ndar 12 cables Corriente de bucle de entrada: \u2264 0.1\u03bcA CMRR:&gt; 60dB,&gt; 100dB (con filtro) Caracter\u00edstica de frecuencia de amplitud: establezca 10Hz como punto de referencia, 0.05Hz ~ 150Hz (-3dB ~ + 0.4dB) Nivel de ruido: \u226415\u03bcVp-p Tipo de seguridad: Clase II Tipo CF con protecci\u00f3n contra desfibrilaci\u00f3n Accesorios Cable de tierra 1pc Cable de conexi\u00f3n de la estaci\u00f3n de trabajo de ECG 2 piezas L\u00ednea de transmisi\u00f3n de datos de la estaci\u00f3n de trabajo ECG 1pc Cable conductor de la estaci\u00f3n de trabajo de ECG 1pc Abrazadera de electrodo de extremidad 1 juego (4 piezas) Electrodo de pecho 1 juego (6 piezas) Manual de usuario 1pc clip de alambre de plomo 1pc (2pcs) Caracter\u00edstica f\u00edsica Entorno operativo a) Temperatura ambiente: 5 \u2103 ~ 40 \u2103 b) Humedad relativa: 25% ~ 95% (sin condensaci\u00f3n) c) Fuente de alimentaci\u00f3n: USB DC 5V d) Presi\u00f3n atmosf\u00e9rica: 700hPa ~ 1060hPa Entorno de almacenamiento a) Temperatura ambiente: -40 \u2103 ~ + 55 \u2103 b) Humedad relativa: \u226495% HR c) Presi\u00f3n atmosf\u00e9rica: 500hPa ~ 1060hPa Configuraci\u00f3n opcional Consulte la lista de materiales para obtener m\u00e1s detalles.<\/p>\n","protected":false},"featured_media":9880,"comment_status":"open","ping_status":"closed","template":"","meta":[],"product_brand":[],"product_cat":[101],"product_tag":[189],"class_list":{"0":"post-9878","1":"product","2":"type-product","3":"status-publish","4":"has-post-thumbnail","6":"product_cat-monitor-de-ecg","7":"product_tag-contec8000g","9":"first","10":"instock","11":"taxable","12":"shipping-taxable","13":"product-type-simple"},"_links":{"self":[{"href":"https:\/\/www.enterpricecorp.com\/sitio\/wp-json\/wp\/v2\/product\/9878","targetHints":{"allow":["GET"]}}],"collection":[{"href":"https:\/\/www.enterpricecorp.com\/sitio\/wp-json\/wp\/v2\/product"}],"about":[{"href":"https:\/\/www.enterpricecorp.com\/sitio\/wp-json\/wp\/v2\/types\/product"}],"replies":[{"embeddable":true,"href":"https:\/\/www.enterpricecorp.com\/sitio\/wp-json\/wp\/v2\/comments?post=9878"}],"version-history":[{"count":1,"href":"https:\/\/www.enterpricecorp.com\/sitio\/wp-json\/wp\/v2\/product\/9878\/revisions"}],"predecessor-version":[{"id":9881,"href":"https:\/\/www.enterpricecorp.com\/sitio\/wp-json\/wp\/v2\/product\/9878\/revisions\/9881"}],"wp:featuredmedia":[{"embeddable":true,"href":"https:\/\/www.enterpricecorp.com\/sitio\/wp-json\/wp\/v2\/media\/9880"}],"wp:attachment":[{"href":"https:\/\/www.enterpricecorp.com\/sitio\/wp-json\/wp\/v2\/media?parent=9878"}],"wp:term":[{"taxonomy":"product_brand","embeddable":true,"href":"https:\/\/www.enterpricecorp.com\/sitio\/wp-json\/wp\/v2\/product_brand?post=9878"},{"taxonomy":"product_cat","embeddable":true,"href":"https:\/\/www.enterpricecorp.com\/sitio\/wp-json\/wp\/v2\/product_cat?post=9878"},{"taxonomy":"product_tag","embeddable":true,"href":"https:\/\/www.enterpricecorp.com\/sitio\/wp-json\/wp\/v2\/product_tag?post=9878"}],"curies":[{"name":"wp","href":"https:\/\/api.w.org\/{rel}","templated":true}]}}