{"id":9875,"date":"2025-08-31T02:25:43","date_gmt":"2025-08-31T02:25:43","guid":{"rendered":"https:\/\/www.enterpricecorp.com\/sitio\/?post_type=product&#038;p=9875"},"modified":"2025-08-31T02:25:43","modified_gmt":"2025-08-31T02:25:43","slug":"contec8000s","status":"publish","type":"product","link":"https:\/\/www.enterpricecorp.com\/sitio\/producto\/contec8000s\/","title":{"rendered":"CONTEC8000S"},"content":{"rendered":"<p><strong>Introducci\u00f3n<\/strong><\/p>\n<p>El sistema de an\u00e1lisis de ECG de esfuerzo consta de un dispositivo de hardware de muestreo, un sistema de software especial y un equipo de ejercicio. Sus funciones incluyen muestreo sincr\u00f3nico de ECG de 12 derivaciones y almacenamiento de datos, an\u00e1lisis del segmento ST, revisi\u00f3n de ECG en din\u00e1mica \/ est\u00e1tica \/ superpuesta durante todo el proceso de ejercicio, y an\u00e1lisis de gr\u00e1ficos de tendencias de m\u00faltiples par\u00e1metros, m\u00faltiples informes imprimibles, etc. Se registrar\u00e1 de manera oportuna y precisa, lo que refleja la funci\u00f3n card\u00edaca del paciente, proporcionando datos confiables para los m\u00e9dicos en los diagn\u00f3sticos.<\/p>\n<p><strong>Caracter\u00edsticas<\/strong><\/p>\n<p>1. Imprima la forma de onda de ECG en tiempo real durante el proceso de muestreo, registre y guarde los datos de ECG de todo el proceso.<br \/>\n2. Observaci\u00f3n de los cambios del segmento ST en tiempo real, visualizaci\u00f3n ampliada de la derivaci\u00f3n seleccionada por el usuario, c\u00e1lculo autom\u00e1tico de los datos relacionados con ST.<br \/>\n3. Adopte tecnolog\u00eda antiinterferente para asegurar la estabilizaci\u00f3n de la l\u00ednea de base, reduzca el efecto en la forma de onda de ECG de la interferencia EMG, la deriva de la l\u00ednea de base y la interferencia de CA.<br \/>\n4. Disponible tanto para el esquema de ejercicio est\u00e1ndar como para el definido por el usuario, el aviso instant\u00e1neo autom\u00e1tico de impresi\u00f3n y la medici\u00f3n de PA se pueden configurar de acuerdo con la frase del ejercicio.<br \/>\n5. El operador puede marcar eventos durante el ejercicio, la forma de onda del ECG del evento marcado se puede comparar con la forma de onda actual. El evento se puede observar, editar e imprimir despu\u00e9s del impuesto especial.<br \/>\n6. Visualizaci\u00f3n e impresi\u00f3n de todo tipo de gr\u00e1ficos de tendencias. Incluye principalmente: HR, BP, METS, HR * BP, tendencia del ejercicio, nivel \/ influencia \/ pendiente del segmento ST \/ nivel 3D \/ J y ST \/ HR, etc.<br \/>\n7. Funci\u00f3n de revisi\u00f3n din\u00e1mica \/ est\u00e1tica despu\u00e9s del ejercicio, representaci\u00f3n de todo el proceso de prueba de ejercicio.<br \/>\n8. Funci\u00f3n de importaci\u00f3n \/ exportaci\u00f3n de casos. Comprima la carcasa para almacenarla, lo que ocupa menos espacio en disco. El caso comprimido se asociar\u00e1 con el tipo de archivo en el sistema operativo. Esto har\u00e1 que la operaci\u00f3n de importaci\u00f3n sea mucho m\u00e1s simple y r\u00e1pida.<br \/>\n9. La funci\u00f3n de configuraci\u00f3n del sistema incluye varios elementos de configuraci\u00f3n. Por ejemplo, cambiar el idioma chino \/ ingl\u00e9s, el formato y el modo de visualizaci\u00f3n de la forma de onda (12 derivaciones * 1 columna \/ 6 derivaciones * 1 columna \/ 6 derivaciones * 2 columnas \/ 3 derivaciones * 2 columnas \/ 3 derivaciones * 1 columna, etc.), color de fondo, configuraci\u00f3n relacionada con la impresi\u00f3n, filtro configuraci\u00f3n y visualizaci\u00f3n de par\u00e1metros opcionales, etc.<br \/>\n10. Proporcionar m\u00faltiples herramientas funcionales, que se utilizan para la gesti\u00f3n de dispositivos, estad\u00edsticas de casos y otras operaciones.<br \/>\n11. Modo inal\u00e1mbrico de muestreo de datos de ECG, mejora la capacidad antiinterferente.<br \/>\n12. Compatible con diversos tipos de equipos de ejercicio.<\/p>\n<p><strong>Actuaci\u00f3n<\/strong><\/p>\n<p>Corriente de fuga del paciente: &lt;10\u00b5A<br \/>\nImpedancia de entrada: \u226550 M\u03a9<br \/>\nRespuesta de frecuencia: 0.05Hz \uff5e 150Hz (-3dB ~ + 0.4dB)<br \/>\nConstante de tiempo: \u22653.2s<br \/>\nRelaci\u00f3n de rechazo de modo com\u00fan (CMRR): \uff1e 60dB, \uff1e 100dB (filtro activado)<br \/>\nVoltaje de calibraci\u00f3n: 1 mV<br \/>\nFrecuencia de muestreo: m\u00e1x. 1000 Hz<br \/>\nPrecisi\u00f3n de muestreo: m\u00e1x. 24 bits<br \/>\nCorriente de bucle de entrada: \u226450nA<br \/>\nVoltaje de resistencia de polarizaci\u00f3n: \u00b1 500 mV<br \/>\nNivel de ruido: \u226415\u00b5Vp-p<br \/>\nTipo de seguridad: equipo alimentado internamente, tipo BF<\/p>\n<p><strong>Accesorios<\/strong><\/p>\n<p>Tarjeta de red inal\u00e1mbrica 1pc<br \/>\nCables de plomo 1pc<br \/>\nElectrodos 1pc<br \/>\nCable de puesta a tierra 1pc<br \/>\nVelcro 2 piezas<br \/>\nCable de puerto serie 1 pieza<br \/>\nCD 1 pieza<br \/>\nSoftware perro 1pc<br \/>\nTarjeta de puerto serie 1pc<\/p>\n<p><strong>Caracter\u00edstica f\u00edsica<\/strong><\/p>\n<p>Dimensi\u00f3n: 94 mm (L) * 66 mm (W) * 31 mm (H)<br \/>\nPeso: aproximadamente 94,6 g (sin bater\u00eda)<\/p>\n<p><strong>Configuraci\u00f3n opcional<\/strong><\/p>\n<p>Consulte la lista de materiales para obtener m\u00e1s detalles.<\/p>\n","protected":false},"excerpt":{"rendered":"<p>Introducci\u00f3n El sistema de an\u00e1lisis de ECG de esfuerzo consta de un dispositivo de hardware de muestreo, un sistema de software especial y un equipo de ejercicio. Sus funciones incluyen muestreo sincr\u00f3nico de ECG de 12 derivaciones y almacenamiento de datos, an\u00e1lisis del segmento ST, revisi\u00f3n de ECG en din\u00e1mica \/ est\u00e1tica \/ superpuesta durante todo el proceso de ejercicio, y an\u00e1lisis de gr\u00e1ficos de tendencias de m\u00faltiples par\u00e1metros, m\u00faltiples informes imprimibles, etc. Se registrar\u00e1 de manera oportuna y precisa, lo que refleja la funci\u00f3n card\u00edaca del paciente, proporcionando datos confiables para los m\u00e9dicos en los diagn\u00f3sticos. Caracter\u00edsticas 1. Imprima la forma de onda de ECG en tiempo real durante el proceso de muestreo, registre y guarde los datos de ECG de todo el proceso. 2. Observaci\u00f3n de los cambios del segmento ST en tiempo real, visualizaci\u00f3n ampliada de la derivaci\u00f3n seleccionada por el usuario, c\u00e1lculo autom\u00e1tico de los datos relacionados con ST. 3. Adopte tecnolog\u00eda antiinterferente para asegurar la estabilizaci\u00f3n de la l\u00ednea de base, reduzca el efecto en la forma de onda de ECG de la interferencia EMG, la deriva de la l\u00ednea de base y la interferencia de CA. 4. Disponible tanto para el esquema de ejercicio est\u00e1ndar como para el definido por el usuario, el aviso instant\u00e1neo autom\u00e1tico de impresi\u00f3n y la medici\u00f3n de PA se pueden configurar de acuerdo con la frase del ejercicio. 5. El operador puede marcar eventos durante el ejercicio, la forma de onda del ECG del evento marcado se puede comparar con la forma de onda actual. El evento se puede observar, editar e imprimir despu\u00e9s del impuesto especial. 6. Visualizaci\u00f3n e impresi\u00f3n de todo tipo de gr\u00e1ficos de tendencias. Incluye principalmente: HR, BP, METS, HR * BP, tendencia del ejercicio, nivel \/ influencia \/ pendiente del segmento ST \/ nivel 3D \/ J y ST \/ HR, etc. 7. Funci\u00f3n de revisi\u00f3n din\u00e1mica \/ est\u00e1tica despu\u00e9s del ejercicio, representaci\u00f3n de todo el proceso de prueba de ejercicio. 8. Funci\u00f3n de importaci\u00f3n \/ exportaci\u00f3n de casos. Comprima la carcasa para almacenarla, lo que ocupa menos espacio en disco. El caso comprimido se asociar\u00e1 con el tipo de archivo en el sistema operativo. Esto har\u00e1 que la operaci\u00f3n de importaci\u00f3n sea mucho m\u00e1s simple y r\u00e1pida. 9. La funci\u00f3n de configuraci\u00f3n del sistema incluye varios elementos de configuraci\u00f3n. Por ejemplo, cambiar el idioma chino \/ ingl\u00e9s, el formato y el modo de visualizaci\u00f3n de la forma de onda (12 derivaciones * 1 columna \/ 6 derivaciones * 1 columna \/ 6 derivaciones * 2 columnas \/ 3 derivaciones * 2 columnas \/ 3 derivaciones * 1 columna, etc.), color de fondo, configuraci\u00f3n relacionada con la impresi\u00f3n, filtro configuraci\u00f3n y visualizaci\u00f3n de par\u00e1metros opcionales, etc. 10. Proporcionar m\u00faltiples herramientas funcionales, que se utilizan para la gesti\u00f3n de dispositivos, estad\u00edsticas de casos y otras operaciones. 11. Modo inal\u00e1mbrico de muestreo de datos de ECG, mejora la capacidad antiinterferente. 12. Compatible con diversos tipos de equipos de ejercicio. Actuaci\u00f3n Corriente de fuga del paciente: &lt;10\u00b5A Impedancia de entrada: \u226550 M\u03a9 Respuesta de frecuencia: 0.05Hz \uff5e 150Hz (-3dB ~ + 0.4dB) Constante de tiempo: \u22653.2s Relaci\u00f3n de rechazo de modo com\u00fan (CMRR): \uff1e 60dB, \uff1e 100dB (filtro activado) Voltaje de calibraci\u00f3n: 1 mV Frecuencia de muestreo: m\u00e1x. 1000 Hz Precisi\u00f3n de muestreo: m\u00e1x. 24 bits Corriente de bucle de entrada: \u226450nA Voltaje de resistencia de polarizaci\u00f3n: \u00b1 500 mV Nivel de ruido: \u226415\u00b5Vp-p Tipo de seguridad: equipo alimentado internamente, tipo BF Accesorios Tarjeta de red inal\u00e1mbrica 1pc Cables de plomo 1pc Electrodos 1pc Cable de puesta a tierra 1pc Velcro 2 piezas Cable de puerto serie 1 pieza CD 1 pieza Software perro 1pc Tarjeta de puerto serie 1pc Caracter\u00edstica f\u00edsica Dimensi\u00f3n: 94 mm (L) * 66 mm (W) * 31 mm (H) Peso: aproximadamente 94,6 g (sin bater\u00eda) Configuraci\u00f3n opcional Consulte la lista de materiales para obtener m\u00e1s detalles.<\/p>\n","protected":false},"featured_media":9876,"comment_status":"open","ping_status":"closed","template":"","meta":[],"product_brand":[],"product_cat":[101],"product_tag":[187,188],"class_list":{"0":"post-9875","1":"product","2":"type-product","3":"status-publish","4":"has-post-thumbnail","6":"product_cat-monitor-de-ecg","7":"product_tag-contec8000s","8":"product_tag-sistema-de-ecg","10":"first","11":"instock","12":"taxable","13":"shipping-taxable","14":"product-type-simple"},"_links":{"self":[{"href":"https:\/\/www.enterpricecorp.com\/sitio\/wp-json\/wp\/v2\/product\/9875","targetHints":{"allow":["GET"]}}],"collection":[{"href":"https:\/\/www.enterpricecorp.com\/sitio\/wp-json\/wp\/v2\/product"}],"about":[{"href":"https:\/\/www.enterpricecorp.com\/sitio\/wp-json\/wp\/v2\/types\/product"}],"replies":[{"embeddable":true,"href":"https:\/\/www.enterpricecorp.com\/sitio\/wp-json\/wp\/v2\/comments?post=9875"}],"version-history":[{"count":1,"href":"https:\/\/www.enterpricecorp.com\/sitio\/wp-json\/wp\/v2\/product\/9875\/revisions"}],"predecessor-version":[{"id":9877,"href":"https:\/\/www.enterpricecorp.com\/sitio\/wp-json\/wp\/v2\/product\/9875\/revisions\/9877"}],"wp:featuredmedia":[{"embeddable":true,"href":"https:\/\/www.enterpricecorp.com\/sitio\/wp-json\/wp\/v2\/media\/9876"}],"wp:attachment":[{"href":"https:\/\/www.enterpricecorp.com\/sitio\/wp-json\/wp\/v2\/media?parent=9875"}],"wp:term":[{"taxonomy":"product_brand","embeddable":true,"href":"https:\/\/www.enterpricecorp.com\/sitio\/wp-json\/wp\/v2\/product_brand?post=9875"},{"taxonomy":"product_cat","embeddable":true,"href":"https:\/\/www.enterpricecorp.com\/sitio\/wp-json\/wp\/v2\/product_cat?post=9875"},{"taxonomy":"product_tag","embeddable":true,"href":"https:\/\/www.enterpricecorp.com\/sitio\/wp-json\/wp\/v2\/product_tag?post=9875"}],"curies":[{"name":"wp","href":"https:\/\/api.w.org\/{rel}","templated":true}]}}