{"id":9872,"date":"2025-08-31T02:22:33","date_gmt":"2025-08-31T02:22:33","guid":{"rendered":"https:\/\/www.enterpricecorp.com\/sitio\/?post_type=product&#038;p=9872"},"modified":"2025-08-31T02:22:33","modified_gmt":"2025-08-31T02:22:33","slug":"contec-ce-fda-pm10","status":"publish","type":"product","link":"https:\/\/www.enterpricecorp.com\/sitio\/producto\/contec-ce-fda-pm10\/","title":{"rendered":"CONTEC CE FDA PM10"},"content":{"rendered":"<p>El monitor de ECG port\u00e1til PM10 es un dispositivo para verificar el ECG, que es aplicable para la familia y el usuario individual, es un buen ayudante para prevenir temprano enfermedades cardiovasculares y reducir los riesgos.<br \/>\nEl dise\u00f1o inteligente logra la administraci\u00f3n remota de la salud mediante el uso de una aplicaci\u00f3n m\u00f3vil, puede iniciar autom\u00e1ticamente la medici\u00f3n, almacenar ECG, cargar datos, descargar conclusiones de salud y obtener asesoramiento m\u00e9dico en el primer momento.<\/p>\n<p><strong>Monitor de ECG de latido card\u00edaco Bluetooth port\u00e1til Soporte para Android \/ IOS<\/strong><\/p>\n<p><strong>Objeto de aplicaci\u00f3n:<\/strong><\/p>\n<p>Es aplicable a pacientes con diferentes tipos de enfermedades cr\u00f3nicas, especialmente enfermedad coronaria, diabetes, hipertensi\u00f3n, miocarditis, obesidad, dolor tor\u00e1cico, palpitaciones y disnea.<\/p>\n<p><strong>Caracter\u00edsticas:<\/strong><\/p>\n<p>TFT-LCD a color de 1,77 \u00ab.<br \/>\nR\u00e1pidamente para verificar el ECG una vez que se toca el dedo, conveniente para operar.<br \/>\nSe puede obtener una conclusi\u00f3n precisa inmediatamente despu\u00e9s de la medici\u00f3n.<br \/>\nLa bater\u00eda de litio recargable incorporada puede grabar continuamente hasta 500 casos en carga completa.<br \/>\nTransmisi\u00f3n por Bluetooth.<br \/>\nLos datos de ECG se pueden guardar en la plataforma CLOUD de forma permanente, lo que es conveniente para verificar y analizar.<br \/>\nLos datos hist\u00f3ricos se pueden imprimir en cualquier momento, conveniente para diagnosticar.<\/p>\n<p><strong>Actuaci\u00f3n:<\/strong><\/p>\n<p>Voltaje de calibraci\u00f3n: 1 mV \u00b1 5%<br \/>\nSensibilidad est\u00e1ndar: 10 mm \/ mV \u00b1 5%<br \/>\nCaracter\u00edstica de frecuencia de amplitud: est\u00e1ndar: 10Hz, 1Hz, 20Hz, (+ 0.4dB, -3dB)<br \/>\nNivel de ruido: \u226430\u03bcV<br \/>\nCMRR: \u226560dB<br \/>\nVelocidad de escaneo: 25 mm \/ s \u00b1 5%<br \/>\nFrecuencia de muestreo: 250 puntos \/ s<br \/>\nRango de medici\u00f3n de FC: 30 lpm 300 lpm, error: \u00b1 1 lpm o 1%<br \/>\nTipo de protecci\u00f3n contra descargas el\u00e9ctricas: Dispositivo de alimentaci\u00f3n interno<br \/>\nGrado de protecci\u00f3n contra descargas el\u00e9ctricas: pieza aplicada tipo BF<br \/>\nGrado de impermeabilidad: IP22<\/p>\n<p><strong>Accesorios:<\/strong><br \/>\n1.Cable de alimentaci\u00f3n, 1<br \/>\n2.Manual de usuario, 1<\/p>\n<p><strong>Caracter\u00edstica f\u00edsica<\/strong><strong>\uff1a<\/strong><br \/>\nDimensi\u00f3n: 100 mm (L) \u00d7 45 mm (W) \u00d7 15 mm (H)<br \/>\nPeso: 60g<\/p>\n","protected":false},"excerpt":{"rendered":"<p>El monitor de ECG port\u00e1til PM10 es un dispositivo para verificar el ECG, que es aplicable para la familia y el usuario individual, es un buen ayudante para prevenir temprano enfermedades cardiovasculares y reducir los riesgos. El dise\u00f1o inteligente logra la administraci\u00f3n remota de la salud mediante el uso de una aplicaci\u00f3n m\u00f3vil, puede iniciar autom\u00e1ticamente la medici\u00f3n, almacenar ECG, cargar datos, descargar conclusiones de salud y obtener asesoramiento m\u00e9dico en el primer momento. Monitor de ECG de latido card\u00edaco Bluetooth port\u00e1til Soporte para Android \/ IOS Objeto de aplicaci\u00f3n: Es aplicable a pacientes con diferentes tipos de enfermedades cr\u00f3nicas, especialmente enfermedad coronaria, diabetes, hipertensi\u00f3n, miocarditis, obesidad, dolor tor\u00e1cico, palpitaciones y disnea. Caracter\u00edsticas: TFT-LCD a color de 1,77 \u00ab. R\u00e1pidamente para verificar el ECG una vez que se toca el dedo, conveniente para operar. Se puede obtener una conclusi\u00f3n precisa inmediatamente despu\u00e9s de la medici\u00f3n. La bater\u00eda de litio recargable incorporada puede grabar continuamente hasta 500 casos en carga completa. Transmisi\u00f3n por Bluetooth. Los datos de ECG se pueden guardar en la plataforma CLOUD de forma permanente, lo que es conveniente para verificar y analizar. Los datos hist\u00f3ricos se pueden imprimir en cualquier momento, conveniente para diagnosticar. Actuaci\u00f3n: Voltaje de calibraci\u00f3n: 1 mV \u00b1 5% Sensibilidad est\u00e1ndar: 10 mm \/ mV \u00b1 5% Caracter\u00edstica de frecuencia de amplitud: est\u00e1ndar: 10Hz, 1Hz, 20Hz, (+ 0.4dB, -3dB) Nivel de ruido: \u226430\u03bcV CMRR: \u226560dB Velocidad de escaneo: 25 mm \/ s \u00b1 5% Frecuencia de muestreo: 250 puntos \/ s Rango de medici\u00f3n de FC: 30 lpm 300 lpm, error: \u00b1 1 lpm o 1% Tipo de protecci\u00f3n contra descargas el\u00e9ctricas: Dispositivo de alimentaci\u00f3n interno Grado de protecci\u00f3n contra descargas el\u00e9ctricas: pieza aplicada tipo BF Grado de impermeabilidad: IP22 Accesorios: 1.Cable de alimentaci\u00f3n, 1 2.Manual de usuario, 1 Caracter\u00edstica f\u00edsica\uff1a Dimensi\u00f3n: 100 mm (L) \u00d7 45 mm (W) \u00d7 15 mm (H) Peso: 60g<\/p>\n","protected":false},"featured_media":9873,"comment_status":"open","ping_status":"closed","template":"","meta":[],"product_brand":[],"product_cat":[101],"product_tag":[184,185,186],"class_list":{"0":"post-9872","1":"product","2":"type-product","3":"status-publish","4":"has-post-thumbnail","6":"product_cat-monitor-de-ecg","7":"product_tag-bluetooth-portatil-soporte-para-android","8":"product_tag-latido-cardiaco","9":"product_tag-monitor-de-ecg","11":"first","12":"instock","13":"taxable","14":"shipping-taxable","15":"product-type-simple"},"_links":{"self":[{"href":"https:\/\/www.enterpricecorp.com\/sitio\/wp-json\/wp\/v2\/product\/9872","targetHints":{"allow":["GET"]}}],"collection":[{"href":"https:\/\/www.enterpricecorp.com\/sitio\/wp-json\/wp\/v2\/product"}],"about":[{"href":"https:\/\/www.enterpricecorp.com\/sitio\/wp-json\/wp\/v2\/types\/product"}],"replies":[{"embeddable":true,"href":"https:\/\/www.enterpricecorp.com\/sitio\/wp-json\/wp\/v2\/comments?post=9872"}],"version-history":[{"count":1,"href":"https:\/\/www.enterpricecorp.com\/sitio\/wp-json\/wp\/v2\/product\/9872\/revisions"}],"predecessor-version":[{"id":9874,"href":"https:\/\/www.enterpricecorp.com\/sitio\/wp-json\/wp\/v2\/product\/9872\/revisions\/9874"}],"wp:featuredmedia":[{"embeddable":true,"href":"https:\/\/www.enterpricecorp.com\/sitio\/wp-json\/wp\/v2\/media\/9873"}],"wp:attachment":[{"href":"https:\/\/www.enterpricecorp.com\/sitio\/wp-json\/wp\/v2\/media?parent=9872"}],"wp:term":[{"taxonomy":"product_brand","embeddable":true,"href":"https:\/\/www.enterpricecorp.com\/sitio\/wp-json\/wp\/v2\/product_brand?post=9872"},{"taxonomy":"product_cat","embeddable":true,"href":"https:\/\/www.enterpricecorp.com\/sitio\/wp-json\/wp\/v2\/product_cat?post=9872"},{"taxonomy":"product_tag","embeddable":true,"href":"https:\/\/www.enterpricecorp.com\/sitio\/wp-json\/wp\/v2\/product_tag?post=9872"}],"curies":[{"name":"wp","href":"https:\/\/api.w.org\/{rel}","templated":true}]}}