{"id":9869,"date":"2025-08-31T02:18:15","date_gmt":"2025-08-31T02:18:15","guid":{"rendered":"https:\/\/www.enterpricecorp.com\/sitio\/?post_type=product&#038;p=9869"},"modified":"2025-08-31T02:18:15","modified_gmt":"2025-08-31T02:18:15","slug":"contec-ecg90a","status":"publish","type":"product","link":"https:\/\/www.enterpricecorp.com\/sitio\/producto\/contec-ecg90a\/","title":{"rendered":"CONTEC ECG90A"},"content":{"rendered":"<p><strong>Introducci\u00f3n<\/strong><br \/>\nECG90A es un electrocardi\u00f3grafo que puede recopilar se\u00f1ales de ECG de 12 derivaciones e imprimir formas de onda mediante el sistema de impresi\u00f3n t\u00e9rmica. Se presenta en: registro y visualizaci\u00f3n de la forma de onda de ECG en modo AUTO \/ Manual, medici\u00f3n y diagn\u00f3stico autom\u00e1tico de los par\u00e1metros de la forma de onda de ECG, solicitando \u00abDesconexi\u00f3n\u00bb o \u00abFalta de papel\u00bb, idiomas de interfaz opcionales (chino \/ ingl\u00e9s), gesti\u00f3n de base de datos de casos.<\/p>\n<p><strong>Funci\u00f3n<\/strong><\/p>\n<p>1) Recolecci\u00f3n de sincronizaci\u00f3n para ECG de 12 derivaciones, adopte tecnolog\u00eda de procesamiento de se\u00f1al digital y obtenga una forma de onda de ECG de alta calidad a trav\u00e9s del filtro de frecuencia de potencia, el filtro de l\u00ednea de base y el filtro EMG de la se\u00f1al de ECG.<br \/>\n2) El filtro digital particular y de alta precisi\u00f3n elimina la desviaci\u00f3n de la l\u00ednea de base, sin distorsi\u00f3n de la forma de onda del ECG, mejora en gran medida la capacidad de desviaci\u00f3n de la l\u00ednea de base, conveniente para el juicio de la forma de onda.<br \/>\n3) Visualizaci\u00f3n de ECG de 3\/6\/12 derivaciones, modo de impresi\u00f3n, sensibilidad, velocidad del papel y estado del filtro, etc. en una pantalla, conveniente para el diagn\u00f3stico de contraste.<br \/>\n4) Registre en tiempo real y continuamente la forma de onda de ECG clara y precisa y el car\u00e1cter de anotaci\u00f3n (incluida la marca de derivaci\u00f3n, la sensibilidad, la velocidad del papel y el estado del filtro, etc.).<br \/>\n5) Adopte un sistema de impresi\u00f3n t\u00e9rmica de alta resoluci\u00f3n (8 puntos \/ mm), sin necesidad de ajustes. Frecuencia de grabaci\u00f3n: hasta 150Hz.<br \/>\n6) Con las funciones de autoan\u00e1lisis y autodiagn\u00f3stico para par\u00e1metros de ECG de rutina, proporciona resultados de medici\u00f3n y conclusi\u00f3n de autodiagn\u00f3stico para FC, intervalo PR, duraci\u00f3n P, duraci\u00f3n QRS, intervalo QT, Q-Tc, eje P, eje QRS , Eje T, R (V5), S (V1), R (V5) + S (V1), etc., lo que reduce la carga del m\u00e9dico.<br \/>\n7) La tarjeta SD opcional almacena hasta 100 casos, lo que es conveniente para que el m\u00e9dico revise el caso y la estad\u00edstica.<br \/>\n8) En el modo de revisi\u00f3n, la forma de onda del caso almacenada se puede verificar, los par\u00e1metros de medici\u00f3n y la informaci\u00f3n de diagn\u00f3stico se pueden analizar autom\u00e1ticamente.<br \/>\n9) Interfaz e informe en dos idiomas (chino o ingl\u00e9s).<br \/>\n10) Software ECG-Sync opcional, con\u00e9ctese con la PC mediante la interfaz USB2.0 para formar una estaci\u00f3n de trabajo de ECG, recopile datos en tiempo real en el software para analizar e imprimir el informe, y los casos antiguos almacenados en el electrocardi\u00f3grafo se pueden cargar en la PC.<br \/>\n11) Fuente de alimentaci\u00f3n: CA \/ CC, y en estado \u00f3ptimo de CC, la bater\u00eda de litio recargable incorporada puede funcionar continuamente durante 4 horas, imprimir hasta 90 minutos y 150 ECG, lo que cumple con los requisitos de visitar a un paciente en casa y examen corporal. La bater\u00eda de litio recargable es desmontable, lo que resulta conveniente para que el usuario la reemplace y cargue en cualquier momento.<br \/>\n<strong>Actuaci\u00f3n<\/strong><\/p>\n<p>Modo de entrada: protecci\u00f3n flotante y de desfibrilaci\u00f3n<br \/>\nRespuesta de frecuencia: 0.05Hz ~ 150Hz (-3dB ~ + 0.4dB)<br \/>\nCMRR:&gt; 60dB,&gt; 100dB (agregar filtro)<br \/>\nConstante de tiempo: \u2265 3,2 s<br \/>\nCorriente de fuga del paciente: &lt;10\u00b5A<br \/>\nVoltaje de calibraci\u00f3n: 1 mV<br \/>\nSensibilidad: 5, 10, 20 mm \/ mV \u00b1 5%, sensibilidad est\u00e1ndar: 10 mm \/ mV \u00b1 2%<br \/>\nNivel de ruido: \u226415\u00b5Vp-p<br \/>\nCorriente del circuito de entrada: \u226450nA<br \/>\nImpedancia de entrada: \u226550 M\u03a9<br \/>\nPrecisi\u00f3n de muestreo: 12 bits<br \/>\nClasificaci\u00f3n de seguridad: clase I, tipo CF y pieza aplicada a prueba de desfibrilaci\u00f3n<br \/>\nModo de grabaci\u00f3n: sistema de impresi\u00f3n t\u00e9rmica<br \/>\nPar\u00e1metros de medici\u00f3n: FC, intervalo PR, duraci\u00f3n P, duraci\u00f3n QRS, duraci\u00f3n T, intervalo QT, Q-Tc, eje P, eje QRS, eje T, R (V5), S (V1), R (V5) + S ( V1)<br \/>\nTama\u00f1o del papel: 50 mm (ancho) \u00d7 20 m (largo)<br \/>\nFrecuencia de muestreo: 1000 Hz.<br \/>\nVoltaje de polarizaci\u00f3n: \u00b1 500 mV<br \/>\nFiltro de interferencia EMG: 25Hz \/ 35Hz (-3dB)<br \/>\nFiltro de frecuencia de alimentaci\u00f3n: CA 50Hz \/ 60Hz (-20dB)<br \/>\nVelocidad del papel:<br \/>\nAutom\u00e1tico: 6,25, 12,5, 25, 50 mm \/ s, \u00b1 5%<br \/>\nManual: 6.25, 12.5, 25, 50 mm \/ s, \u00b1 5%<br \/>\nFuente de alimentaci\u00f3n: adaptador DC 12V, bater\u00eda de litio recargable de 7.4V \/ 2000mAh<br \/>\nGrado impermeable: IPX0<br \/>\nModo de trabajo: trabajo continuo<\/p>\n<p><strong>Accesorios<\/strong><br \/>\nEst\u00e1ndar:<br \/>\nUn cable de plomo<br \/>\nUn electrodo de extremidad<br \/>\nUn electrodo de pecho<br \/>\nUn papel de registro t\u00e9rmico<br \/>\nUn cable de alimentaci\u00f3n<br \/>\nUn cable de tierra<br \/>\nUn manual de usuario<br \/>\nUn adaptador de corriente<\/p>\n<p>Opcional:<br \/>\nSoftware ECG-Sync + cable USB<br \/>\nElectrodo de ECG<br \/>\nBolso<br \/>\nGel conductor<br \/>\ntarjeta SD<br \/>\n<strong>Caracter\u00edstica f\u00edsica<\/strong><br \/>\nAmbiente de trabajo<br \/>\nTemperatura: 5 \u2103 ~ 40 \u2103<br \/>\nHumedad relativa: 25% ~ 95% (sin condensaci\u00f3n)<br \/>\nPresi\u00f3n atmosf\u00e9rica: 700hPa ~ 1060hPa<br \/>\nEntorno de transporte y almacenamiento<br \/>\nTemperatura: -40 \u2103 ~ + 55 \u2103<br \/>\nHumedad relativa: \u226495%<br \/>\nPresi\u00f3n atmosf\u00e9rica: 500 hPa ~ 1060 hPa<br \/>\nDimensi\u00f3n: 207 mm (L) \u00d7 96 mm (W) \u00d7 62 mm (H)<br \/>\nPesar: 0.5Kg<\/p>\n","protected":false},"excerpt":{"rendered":"<p>Introducci\u00f3n ECG90A es un electrocardi\u00f3grafo que puede recopilar se\u00f1ales de ECG de 12 derivaciones e imprimir formas de onda mediante el sistema de impresi\u00f3n t\u00e9rmica. Se presenta en: registro y visualizaci\u00f3n de la forma de onda de ECG en modo AUTO \/ Manual, medici\u00f3n y diagn\u00f3stico autom\u00e1tico de los par\u00e1metros de la forma de onda de ECG, solicitando \u00abDesconexi\u00f3n\u00bb o \u00abFalta de papel\u00bb, idiomas de interfaz opcionales (chino \/ ingl\u00e9s), gesti\u00f3n de base de datos de casos. Funci\u00f3n 1) Recolecci\u00f3n de sincronizaci\u00f3n para ECG de 12 derivaciones, adopte tecnolog\u00eda de procesamiento de se\u00f1al digital y obtenga una forma de onda de ECG de alta calidad a trav\u00e9s del filtro de frecuencia de potencia, el filtro de l\u00ednea de base y el filtro EMG de la se\u00f1al de ECG. 2) El filtro digital particular y de alta precisi\u00f3n elimina la desviaci\u00f3n de la l\u00ednea de base, sin distorsi\u00f3n de la forma de onda del ECG, mejora en gran medida la capacidad de desviaci\u00f3n de la l\u00ednea de base, conveniente para el juicio de la forma de onda. 3) Visualizaci\u00f3n de ECG de 3\/6\/12 derivaciones, modo de impresi\u00f3n, sensibilidad, velocidad del papel y estado del filtro, etc. en una pantalla, conveniente para el diagn\u00f3stico de contraste. 4) Registre en tiempo real y continuamente la forma de onda de ECG clara y precisa y el car\u00e1cter de anotaci\u00f3n (incluida la marca de derivaci\u00f3n, la sensibilidad, la velocidad del papel y el estado del filtro, etc.). 5) Adopte un sistema de impresi\u00f3n t\u00e9rmica de alta resoluci\u00f3n (8 puntos \/ mm), sin necesidad de ajustes. Frecuencia de grabaci\u00f3n: hasta 150Hz. 6) Con las funciones de autoan\u00e1lisis y autodiagn\u00f3stico para par\u00e1metros de ECG de rutina, proporciona resultados de medici\u00f3n y conclusi\u00f3n de autodiagn\u00f3stico para FC, intervalo PR, duraci\u00f3n P, duraci\u00f3n QRS, intervalo QT, Q-Tc, eje P, eje QRS , Eje T, R (V5), S (V1), R (V5) + S (V1), etc., lo que reduce la carga del m\u00e9dico. 7) La tarjeta SD opcional almacena hasta 100 casos, lo que es conveniente para que el m\u00e9dico revise el caso y la estad\u00edstica. 8) En el modo de revisi\u00f3n, la forma de onda del caso almacenada se puede verificar, los par\u00e1metros de medici\u00f3n y la informaci\u00f3n de diagn\u00f3stico se pueden analizar autom\u00e1ticamente. 9) Interfaz e informe en dos idiomas (chino o ingl\u00e9s). 10) Software ECG-Sync opcional, con\u00e9ctese con la PC mediante la interfaz USB2.0 para formar una estaci\u00f3n de trabajo de ECG, recopile datos en tiempo real en el software para analizar e imprimir el informe, y los casos antiguos almacenados en el electrocardi\u00f3grafo se pueden cargar en la PC. 11) Fuente de alimentaci\u00f3n: CA \/ CC, y en estado \u00f3ptimo de CC, la bater\u00eda de litio recargable incorporada puede funcionar continuamente durante 4 horas, imprimir hasta 90 minutos y 150 ECG, lo que cumple con los requisitos de visitar a un paciente en casa y examen corporal. La bater\u00eda de litio recargable es desmontable, lo que resulta conveniente para que el usuario la reemplace y cargue en cualquier momento. Actuaci\u00f3n Modo de entrada: protecci\u00f3n flotante y de desfibrilaci\u00f3n Respuesta de frecuencia: 0.05Hz ~ 150Hz (-3dB ~ + 0.4dB) CMRR:&gt; 60dB,&gt; 100dB (agregar filtro) Constante de tiempo: \u2265 3,2 s Corriente de fuga del paciente: &lt;10\u00b5A Voltaje de calibraci\u00f3n: 1 mV Sensibilidad: 5, 10, 20 mm \/ mV \u00b1 5%, sensibilidad est\u00e1ndar: 10 mm \/ mV \u00b1 2% Nivel de ruido: \u226415\u00b5Vp-p Corriente del circuito de entrada: \u226450nA Impedancia de entrada: \u226550 M\u03a9 Precisi\u00f3n de muestreo: 12 bits Clasificaci\u00f3n de seguridad: clase I, tipo CF y pieza aplicada a prueba de desfibrilaci\u00f3n Modo de grabaci\u00f3n: sistema de impresi\u00f3n t\u00e9rmica Par\u00e1metros de medici\u00f3n: FC, intervalo PR, duraci\u00f3n P, duraci\u00f3n QRS, duraci\u00f3n T, intervalo QT, Q-Tc, eje P, eje QRS, eje T, R (V5), S (V1), R (V5) + S ( V1) Tama\u00f1o del papel: 50 mm (ancho) \u00d7 20 m (largo) Frecuencia de muestreo: 1000 Hz. Voltaje de polarizaci\u00f3n: \u00b1 500 mV Filtro de interferencia EMG: 25Hz \/ 35Hz (-3dB) Filtro de frecuencia de alimentaci\u00f3n: CA 50Hz \/ 60Hz (-20dB) Velocidad del papel: Autom\u00e1tico: 6,25, 12,5, 25, 50 mm \/ s, \u00b1 5% Manual: 6.25, 12.5, 25, 50 mm \/ s, \u00b1 5% Fuente de alimentaci\u00f3n: adaptador DC 12V, bater\u00eda de litio recargable de 7.4V \/ 2000mAh Grado impermeable: IPX0 Modo de trabajo: trabajo continuo Accesorios Est\u00e1ndar: Un cable de plomo Un electrodo de extremidad Un electrodo de pecho Un papel de registro t\u00e9rmico Un cable de alimentaci\u00f3n Un cable de tierra Un manual de usuario Un adaptador de corriente Opcional: Software ECG-Sync + cable USB Electrodo de ECG Bolso Gel conductor tarjeta SD Caracter\u00edstica f\u00edsica Ambiente de trabajo Temperatura: 5 \u2103 ~ 40 \u2103 Humedad relativa: 25% ~ 95% (sin condensaci\u00f3n) Presi\u00f3n atmosf\u00e9rica: 700hPa ~ 1060hPa Entorno de transporte y almacenamiento Temperatura: -40 \u2103 ~ + 55 \u2103 Humedad relativa: \u226495% Presi\u00f3n atmosf\u00e9rica: 500 hPa ~ 1060 hPa Dimensi\u00f3n: 207 mm (L) \u00d7 96 mm (W) \u00d7 62 mm (H) Pesar: 0.5Kg<\/p>\n","protected":false},"featured_media":9870,"comment_status":"open","ping_status":"closed","template":"","meta":[],"product_brand":[],"product_cat":[101],"product_tag":[177,178,179,180,181,182,183],"class_list":{"0":"post-9869","1":"product","2":"type-product","3":"status-publish","4":"has-post-thumbnail","6":"product_cat-monitor-de-ecg","7":"product_tag-contec-ecg90a","8":"product_tag-ecg-de-alta-calidad","9":"product_tag-emg-de-la-senal-de-ecg","10":"product_tag-portatil-ecg","11":"product_tag-registre-en-tiempo-real","12":"product_tag-sincronizacion-para-ecg","13":"product_tag-visualizacion-de-ecg","15":"first","16":"instock","17":"taxable","18":"shipping-taxable","19":"product-type-simple"},"_links":{"self":[{"href":"https:\/\/www.enterpricecorp.com\/sitio\/wp-json\/wp\/v2\/product\/9869","targetHints":{"allow":["GET"]}}],"collection":[{"href":"https:\/\/www.enterpricecorp.com\/sitio\/wp-json\/wp\/v2\/product"}],"about":[{"href":"https:\/\/www.enterpricecorp.com\/sitio\/wp-json\/wp\/v2\/types\/product"}],"replies":[{"embeddable":true,"href":"https:\/\/www.enterpricecorp.com\/sitio\/wp-json\/wp\/v2\/comments?post=9869"}],"version-history":[{"count":1,"href":"https:\/\/www.enterpricecorp.com\/sitio\/wp-json\/wp\/v2\/product\/9869\/revisions"}],"predecessor-version":[{"id":9871,"href":"https:\/\/www.enterpricecorp.com\/sitio\/wp-json\/wp\/v2\/product\/9869\/revisions\/9871"}],"wp:featuredmedia":[{"embeddable":true,"href":"https:\/\/www.enterpricecorp.com\/sitio\/wp-json\/wp\/v2\/media\/9870"}],"wp:attachment":[{"href":"https:\/\/www.enterpricecorp.com\/sitio\/wp-json\/wp\/v2\/media?parent=9869"}],"wp:term":[{"taxonomy":"product_brand","embeddable":true,"href":"https:\/\/www.enterpricecorp.com\/sitio\/wp-json\/wp\/v2\/product_brand?post=9869"},{"taxonomy":"product_cat","embeddable":true,"href":"https:\/\/www.enterpricecorp.com\/sitio\/wp-json\/wp\/v2\/product_cat?post=9869"},{"taxonomy":"product_tag","embeddable":true,"href":"https:\/\/www.enterpricecorp.com\/sitio\/wp-json\/wp\/v2\/product_tag?post=9869"}],"curies":[{"name":"wp","href":"https:\/\/api.w.org\/{rel}","templated":true}]}}