{"id":9863,"date":"2025-08-31T01:56:22","date_gmt":"2025-08-31T01:56:22","guid":{"rendered":"https:\/\/www.enterpricecorp.com\/sitio\/?post_type=product&#038;p=9863"},"modified":"2025-08-31T02:02:18","modified_gmt":"2025-08-31T02:02:18","slug":"contec-ce-fda-electrocardiografo","status":"publish","type":"product","link":"https:\/\/www.enterpricecorp.com\/sitio\/producto\/contec-ce-fda-electrocardiografo\/","title":{"rendered":"CONTEC CE \/ FDA Electrocardi\u00f3grafo"},"content":{"rendered":"<div class=\"woocommerce-product-details__short-description\">\n<p><strong>Introducci\u00f3n<\/strong><br \/>\nECG1200G es un electrocardi\u00f3grafo que puede recopilar se\u00f1ales de ECG de 12 derivaciones simult\u00e1neamente e imprimir formas de onda de ECG con un sistema de impresi\u00f3n t\u00e9rmica. Se incluye, registra y muestra la forma de onda de ECG en modo AUTO \/ Manual, mide y diagnostica autom\u00e1ticamente los par\u00e1metros de la forma de onda de ECG, solicita \u00abDerivaci\u00f3n\u00bb y \u00abFalta de papel\u00bb, interfaz en varios idiomas, CA \/ CC, selecci\u00f3n de derivaci\u00f3n de ritmo, impresi\u00f3n el gr\u00e1fico de tendencias y el histograma del intervalo PR, gesti\u00f3n de la base de datos de casos.<\/p>\n<p><strong>Funci\u00f3n<\/strong><br \/>\n1) Recolecci\u00f3n de sincronizaci\u00f3n para ECG de 12 derivaciones, adopte tecnolog\u00eda de procesamiento de se\u00f1al digital y obtenga una forma de onda de ECG de alta calidad a trav\u00e9s del filtro de frecuencia de potencia, el filtro de l\u00ednea de base y el filtro EMG de la se\u00f1al de ECG.<br \/>\n2) Visualizaci\u00f3n de ECG de 3\/6\/12 derivaciones, modo de impresi\u00f3n, sensibilidad, velocidad del papel y estado del filtro, etc. en una pantalla, conveniente para el diagn\u00f3stico de contraste.<br \/>\n3) Multiplique los modos y formatos de impresi\u00f3n, incluidos auto 12\u00d71, auto 6\u00d72 + 1, auto 6\u00d72 + 1_H, auto 6\u00d72, auto 6x2_H, auto 3\u00d74 + 1, auto 3\u00d74 + 2, ritmo 12, ritmo 10, ritmo 8, ritmo 6, manual, etc. El gr\u00e1fico de tendencias y el histograma del intervalo PR se pueden imprimir, la longitud de la forma de onda impresa se puede ajustar y la funci\u00f3n de impresi\u00f3n de tiempo cumple con diferentes requisitos.<br \/>\n4) Velocidad del papel: 5 mm \/ s, 6,25 mm \/ s, 10 mm \/ s, 12,5 mm \/ s, 25 mm \/ s, 50 mm \/ s.<br \/>\n5) Con las funciones de autoan\u00e1lisis y autodiagn\u00f3stico para par\u00e1metros de ECG de rutina, proporciona resultados de medici\u00f3n y conclusi\u00f3n de autodiagn\u00f3stico para FC, intervalo PR, duraci\u00f3n P, duraci\u00f3n QRS, duraci\u00f3n T, intervalo QT, Q-Tc, eje P , Eje QRS, Eje T, R (V5), S (V1), R (V5) + S (V1), etc. lo que reduce la carga del m\u00e9dico.<br \/>\n6) La memoria incorporada almacena hasta 1000 casos, conveniente para la revisi\u00f3n de casos y estad\u00edsticas.<br \/>\n7) Interfaz e informe en varios idiomas (turco, franc\u00e9s, chino, ingl\u00e9s, alem\u00e1n, kazajst\u00e1n, polaco, portugu\u00e9s, ruso, esloveno, espa\u00f1ol y ucraniano).<br \/>\n8) En estado de CC \u00f3ptimo, hasta 10 horas de tiempo de espera, impresi\u00f3n continua de m\u00e1s de 3 horas, registro de hasta 300 formas de onda de ECG (com\u00fanmente, es un caso de 3 s), que cumple con los requisitos de visitar a un paciente en el hogar y el cuerpo examen.<\/p>\n<p><strong>Actuaci\u00f3n<\/strong><br \/>\nModo de entrada: protecci\u00f3n flotante y de desfibrilaci\u00f3n<br \/>\nRespuesta de frecuencia: 0.05Hz ~ 150Hz (-3dB ~ + 0.4dB)<br \/>\nCMRR:&gt; 60dB,&gt; 100dB (agregar filtro)<br \/>\nConstante de tiempo: \u2265 3,2 s<br \/>\nCorriente de fuga del paciente: &lt;10\u00b5A<br \/>\nVoltaje de calibraci\u00f3n: 1 mV<br \/>\nSensibilidad: 2,5, 5, 10, 20, 40 mm \/ mV \u00b1 5%, sensibilidad est\u00e1ndar: 10 mm \/ mV \u00b1 2%<br \/>\nNivel de ruido: \u226415\u00b5Vp-p<br \/>\nCorriente del circuito de entrada: \u226450nA<br \/>\nImpedancia de entrada: \u226550 M\u03a9<br \/>\nPrecisi\u00f3n de muestreo: 12 bits<br \/>\nClasificaci\u00f3n de seguridad: clase I, tipo CF y pieza aplicada a prueba de desfibrilaci\u00f3n<br \/>\nModo de grabaci\u00f3n: sistema de impresi\u00f3n t\u00e9rmica<br \/>\nTama\u00f1o del papel: 210 mm (ancho) \u00d7 20 m (largo)<br \/>\nFrecuencia de muestreo: 1000 Hz.<br \/>\nFiltro de interferencia EMG: 25Hz \/ 35Hz (-3dB)<br \/>\nFiltro de frecuencia de alimentaci\u00f3n: CA 50Hz \/ 60Hz (-20dB)<br \/>\nVelocidad del papel:<br \/>\nAutom\u00e1tico: 25, 50 mm \/ s, \u00b1 5%<br \/>\nRitmo: 25, 50 mm \/ s, \u00b1 5%<br \/>\nManual: 5, 6,25, 10, 12,5, 25, 50 mm \/ s, \u00b1 5%<br \/>\nRegistro autom\u00e1tico: establezca el registro de acuerdo con el formato y modo de registro autom\u00e1tico, cambiando autom\u00e1ticamente los cables, midiendo y analizando.<br \/>\nRegistro de ritmo: establezca el registro de acuerdo con el formato y modo de registro de ritmo, midiendo y analizando autom\u00e1ticamente.<br \/>\nRegistro manual: establezca el registro de acuerdo con el formato de registro, cambiando manualmente los cables.<br \/>\nPar\u00e1metros de medici\u00f3n: FC, intervalo PR, duraci\u00f3n P, duraci\u00f3n QRS, duraci\u00f3n T, intervalo QT, Q-Tc, eje P, eje QRS, eje T, R (V5), S (V1), R (V5) + S ( V1)<br \/>\nFuente de alimentaci\u00f3n:<br \/>\nCA: 100 V ~ 240 V (50\/60 Hz)<br \/>\nCC: bater\u00eda de litio recargable de 14,8 V \/ 3500 mAh<br \/>\nEspecificaci\u00f3n del fusible: dos fusibles de retardo de tiempo de CA (\u03c65 \u00d7 20 mm), T1.6AL250V<br \/>\nGrado impermeable: IPX0<br \/>\nModo de trabajo: trabajo continuo<\/p>\n<p><strong>Accesorios<\/strong><br \/>\nEst\u00e1ndar:<br \/>\nUn cable de plomo<br \/>\nUn electrodo de extremidad<br \/>\nUn electrodo de pecho<br \/>\nUn papel de registro t\u00e9rmico<br \/>\nUn cable de alimentaci\u00f3n<br \/>\nUn cable de tierra<br \/>\nUn manual de usuario<\/p>\n<p>Opcional:<br \/>\nSoftware ECG-Sync + cable USB<br \/>\nElectrodo de ECG<br \/>\nBolso<br \/>\nPasta conductora<br \/>\ncable USB<br \/>\nTarjeta 3G<br \/>\nTarjeta wifi<br \/>\nGu\u00eda de operaci\u00f3n remota<br \/>\n<strong>Caracter\u00edstica f\u00edsica<\/strong><br \/>\nAmbiente de trabajo<br \/>\nTemperatura: 5 \u2103 ~ 40 \u2103<br \/>\nHumedad relativa: 25% ~ 95% (sin condensaci\u00f3n)<br \/>\nPresi\u00f3n atmosf\u00e9rica: 700hPa ~ 1060hPa<br \/>\nEntorno de transporte y almacenamiento<br \/>\nTemperatura: -40 \u2103 ~ + 55 \u2103<br \/>\nHumedad relativa: \u226495%<br \/>\nPresi\u00f3n atmosf\u00e9rica: 500 hPa ~ 1060 hPa<br \/>\nDimensi\u00f3n: 340 mm (L) \u00d7 320 mm (W) \u00d7 85 mm (H)<br \/>\nPesar: 3.2Kg<\/p>\n<\/div>\n","protected":false},"excerpt":{"rendered":"<p>Introducci\u00f3n ECG1200G es un electrocardi\u00f3grafo que puede recopilar se\u00f1ales de ECG de 12 derivaciones simult\u00e1neamente e imprimir formas de onda de ECG con un sistema de impresi\u00f3n t\u00e9rmica. Se incluye, registra y muestra la forma de onda de ECG en modo AUTO \/ Manual, mide y diagnostica autom\u00e1ticamente los par\u00e1metros de la forma de onda de ECG, solicita \u00abDerivaci\u00f3n\u00bb y \u00abFalta de papel\u00bb, interfaz en varios idiomas, CA \/ CC, selecci\u00f3n de derivaci\u00f3n de ritmo, impresi\u00f3n el gr\u00e1fico de tendencias y el histograma del intervalo PR, gesti\u00f3n de la base de datos de casos. Funci\u00f3n 1) Recolecci\u00f3n de sincronizaci\u00f3n para ECG de 12 derivaciones, adopte tecnolog\u00eda de procesamiento de se\u00f1al digital y obtenga una forma de onda de ECG de alta calidad a trav\u00e9s del filtro de frecuencia de potencia, el filtro de l\u00ednea de base y el filtro EMG de la se\u00f1al de ECG. 2) Visualizaci\u00f3n de ECG de 3\/6\/12 derivaciones, modo de impresi\u00f3n, sensibilidad, velocidad del papel y estado del filtro, etc. en una pantalla, conveniente para el diagn\u00f3stico de contraste. 3) Multiplique los modos y formatos de impresi\u00f3n, incluidos auto 12\u00d71, auto 6\u00d72 + 1, auto 6\u00d72 + 1_H, auto 6\u00d72, auto 6x2_H, auto 3\u00d74 + 1, auto 3\u00d74 + 2, ritmo 12, ritmo 10, ritmo 8, ritmo 6, manual, etc. El gr\u00e1fico de tendencias y el histograma del intervalo PR se pueden imprimir, la longitud de la forma de onda impresa se puede ajustar y la funci\u00f3n de impresi\u00f3n de tiempo cumple con diferentes requisitos. 4) Velocidad del papel: 5 mm \/ s, 6,25 mm \/ s, 10 mm \/ s, 12,5 mm \/ s, 25 mm \/ s, 50 mm \/ s. 5) Con las funciones de autoan\u00e1lisis y autodiagn\u00f3stico para par\u00e1metros de ECG de rutina, proporciona resultados de medici\u00f3n y conclusi\u00f3n de autodiagn\u00f3stico para FC, intervalo PR, duraci\u00f3n P, duraci\u00f3n QRS, duraci\u00f3n T, intervalo QT, Q-Tc, eje P , Eje QRS, Eje T, R (V5), S (V1), R (V5) + S (V1), etc. lo que reduce la carga del m\u00e9dico. 6) La memoria incorporada almacena hasta 1000 casos, conveniente para la revisi\u00f3n de casos y estad\u00edsticas. 7) Interfaz e informe en varios idiomas (turco, franc\u00e9s, chino, ingl\u00e9s, alem\u00e1n, kazajst\u00e1n, polaco, portugu\u00e9s, ruso, esloveno, espa\u00f1ol y ucraniano). 8) En estado de CC \u00f3ptimo, hasta 10 horas de tiempo de espera, impresi\u00f3n continua de m\u00e1s de 3 horas, registro de hasta 300 formas de onda de ECG (com\u00fanmente, es un caso de 3 s), que cumple con los requisitos de visitar a un paciente en el hogar y el cuerpo examen. Actuaci\u00f3n Modo de entrada: protecci\u00f3n flotante y de desfibrilaci\u00f3n Respuesta de frecuencia: 0.05Hz ~ 150Hz (-3dB ~ + 0.4dB) CMRR:&gt; 60dB,&gt; 100dB (agregar filtro) Constante de tiempo: \u2265 3,2 s Corriente de fuga del paciente: &lt;10\u00b5A Voltaje de calibraci\u00f3n: 1 mV Sensibilidad: 2,5, 5, 10, 20, 40 mm \/ mV \u00b1 5%, sensibilidad est\u00e1ndar: 10 mm \/ mV \u00b1 2% Nivel de ruido: \u226415\u00b5Vp-p Corriente del circuito de entrada: \u226450nA Impedancia de entrada: \u226550 M\u03a9 Precisi\u00f3n de muestreo: 12 bits Clasificaci\u00f3n de seguridad: clase I, tipo CF y pieza aplicada a prueba de desfibrilaci\u00f3n Modo de grabaci\u00f3n: sistema de impresi\u00f3n t\u00e9rmica Tama\u00f1o del papel: 210 mm (ancho) \u00d7 20 m (largo) Frecuencia de muestreo: 1000 Hz. Filtro de interferencia EMG: 25Hz \/ 35Hz (-3dB) Filtro de frecuencia de alimentaci\u00f3n: CA 50Hz \/ 60Hz (-20dB) Velocidad del papel: Autom\u00e1tico: 25, 50 mm \/ s, \u00b1 5% Ritmo: 25, 50 mm \/ s, \u00b1 5% Manual: 5, 6,25, 10, 12,5, 25, 50 mm \/ s, \u00b1 5% Registro autom\u00e1tico: establezca el registro de acuerdo con el formato y modo de registro autom\u00e1tico, cambiando autom\u00e1ticamente los cables, midiendo y analizando. Registro de ritmo: establezca el registro de acuerdo con el formato y modo de registro de ritmo, midiendo y analizando autom\u00e1ticamente. Registro manual: establezca el registro de acuerdo con el formato de registro, cambiando manualmente los cables. Par\u00e1metros de medici\u00f3n: FC, intervalo PR, duraci\u00f3n P, duraci\u00f3n QRS, duraci\u00f3n T, intervalo QT, Q-Tc, eje P, eje QRS, eje T, R (V5), S (V1), R (V5) + S ( V1) Fuente de alimentaci\u00f3n: CA: 100 V ~ 240 V (50\/60 Hz) CC: bater\u00eda de litio recargable de 14,8 V \/ 3500 mAh Especificaci\u00f3n del fusible: dos fusibles de retardo de tiempo de CA (\u03c65 \u00d7 20 mm), T1.6AL250V Grado impermeable: IPX0 Modo de trabajo: trabajo continuo Accesorios Est\u00e1ndar: Un cable de plomo Un electrodo de extremidad Un electrodo de pecho Un papel de registro t\u00e9rmico Un cable de alimentaci\u00f3n Un cable de tierra Un manual de usuario Opcional: Software ECG-Sync + cable USB Electrodo de ECG Bolso Pasta conductora cable USB Tarjeta 3G Tarjeta wifi Gu\u00eda de operaci\u00f3n remota Caracter\u00edstica f\u00edsica Ambiente de trabajo Temperatura: 5 \u2103 ~ 40 \u2103 Humedad relativa: 25% ~ 95% (sin condensaci\u00f3n) Presi\u00f3n atmosf\u00e9rica: 700hPa ~ 1060hPa Entorno de transporte y almacenamiento Temperatura: -40 \u2103 ~ + 55 \u2103 Humedad relativa: \u226495% Presi\u00f3n atmosf\u00e9rica: 500 hPa ~ 1060 hPa Dimensi\u00f3n: 340 mm (L) \u00d7 320 mm (W) \u00d7 85 mm (H) Pesar: 3.2Kg<\/p>\n","protected":false},"featured_media":9861,"comment_status":"open","ping_status":"closed","template":"","meta":[],"product_brand":[],"product_cat":[101],"product_tag":[173,174],"class_list":{"0":"post-9863","1":"product","2":"type-product","3":"status-publish","4":"has-post-thumbnail","6":"product_cat-monitor-de-ecg","7":"product_tag-ecg-de-12-canales-ecg1200g","8":"product_tag-fda-electrocardiografo","10":"first","11":"instock","12":"taxable","13":"shipping-taxable","14":"product-type-simple"},"_links":{"self":[{"href":"https:\/\/www.enterpricecorp.com\/sitio\/wp-json\/wp\/v2\/product\/9863","targetHints":{"allow":["GET"]}}],"collection":[{"href":"https:\/\/www.enterpricecorp.com\/sitio\/wp-json\/wp\/v2\/product"}],"about":[{"href":"https:\/\/www.enterpricecorp.com\/sitio\/wp-json\/wp\/v2\/types\/product"}],"replies":[{"embeddable":true,"href":"https:\/\/www.enterpricecorp.com\/sitio\/wp-json\/wp\/v2\/comments?post=9863"}],"version-history":[{"count":1,"href":"https:\/\/www.enterpricecorp.com\/sitio\/wp-json\/wp\/v2\/product\/9863\/revisions"}],"predecessor-version":[{"id":9864,"href":"https:\/\/www.enterpricecorp.com\/sitio\/wp-json\/wp\/v2\/product\/9863\/revisions\/9864"}],"wp:featuredmedia":[{"embeddable":true,"href":"https:\/\/www.enterpricecorp.com\/sitio\/wp-json\/wp\/v2\/media\/9861"}],"wp:attachment":[{"href":"https:\/\/www.enterpricecorp.com\/sitio\/wp-json\/wp\/v2\/media?parent=9863"}],"wp:term":[{"taxonomy":"product_brand","embeddable":true,"href":"https:\/\/www.enterpricecorp.com\/sitio\/wp-json\/wp\/v2\/product_brand?post=9863"},{"taxonomy":"product_cat","embeddable":true,"href":"https:\/\/www.enterpricecorp.com\/sitio\/wp-json\/wp\/v2\/product_cat?post=9863"},{"taxonomy":"product_tag","embeddable":true,"href":"https:\/\/www.enterpricecorp.com\/sitio\/wp-json\/wp\/v2\/product_tag?post=9863"}],"curies":[{"name":"wp","href":"https:\/\/api.w.org\/{rel}","templated":true}]}}