{"id":9859,"date":"2025-08-31T01:52:27","date_gmt":"2025-08-31T01:52:27","guid":{"rendered":"https:\/\/www.enterpricecorp.com\/sitio\/?post_type=product&#038;p=9859"},"modified":"2025-08-31T02:05:52","modified_gmt":"2025-08-31T02:05:52","slug":"contec-ecg600g","status":"publish","type":"product","link":"https:\/\/www.enterpricecorp.com\/sitio\/producto\/contec-ecg600g\/","title":{"rendered":"CONTEC ECG600G"},"content":{"rendered":"<p><strong>Introducci\u00f3n<\/strong><br \/>\nECG600G es un electrocardi\u00f3grafo que puede recopilar se\u00f1ales de ECG de 12 derivaciones e imprimir formas de onda mediante el sistema de impresi\u00f3n t\u00e9rmica. Cuenta con registro y visualizaci\u00f3n de forma de onda de ECG en modo AUTO \/ Manual, midiendo y diagnosticando los par\u00e1metros de forma de onda de ECG autom\u00e1ticamente, solicitando \u00abDesconexi\u00f3n\u00bb y \u00abFalta de papel\u00bb, interfaz multiling\u00fce, gesti\u00f3n de base de datos de casos.<\/p>\n<p><strong>Funci\u00f3n<\/strong><br \/>\n1) Adopte un sistema de impresi\u00f3n t\u00e9rmica de alta resoluci\u00f3n (8 puntos \/ mm), sin necesidad de ajustes. Frecuencia de grabaci\u00f3n: hasta 150Hz.<br \/>\n2) Grabe continuamente y en tiempo real la forma de onda del ECG y el car\u00e1cter de anotaci\u00f3n de forma clara y precisa (incluida la marca de derivaci\u00f3n, la sensibilidad, la velocidad del papel y el estado del filtro, etc.).<br \/>\n3) Dise\u00f1o de filtro totalmente digital, deriva anti-l\u00ednea base, interferencia de CA y EMG.<br \/>\n4) Ajuste la l\u00ednea de base autom\u00e1ticamente, optimice la configuraci\u00f3n de impresi\u00f3n y las derivaciones de ritmo opcionales.<br \/>\n5) En el modo AUTO, termine de grabar presionando el bot\u00f3n una vez, lo que mejora la eficiencia del trabajo.<br \/>\n6) Adopte la tecnolog\u00eda de procesamiento de se\u00f1al digital y obtenga una forma de onda de ECG de alta calidad a trav\u00e9s del filtro de frecuencia de potencia, el filtro de l\u00ednea de base y el filtro EMG de la se\u00f1al de ECG.<br \/>\n7) Con las funciones de auto-medici\u00f3n, autoan\u00e1lisis y autodiagn\u00f3stico para par\u00e1metros de ECG de rutina, lo que reduce la carga del m\u00e9dico y mejora la eficiencia del trabajo.<br \/>\n8) Colecci\u00f3n sincronizada para ECG de 12 derivaciones, m\u00faltiples formatos de impresi\u00f3n, incluidos 2 \u00d7 6 + 1 (derivaci\u00f3n de ritmo), 2 \u00d7 6, 3 \u00d7 4, 3 \u00d7 4 + 1 (derivaci\u00f3n de ritmo), 4 \u00d7 3, 4 \u00d7 3 +1 (gu\u00eda de ritmo), 6 \u00d7 2, 6 \u00d7 2 + 1 (gu\u00eda de ritmo), ritmo 2, ritmo 3, ritmo 4, ritmo 5, ritmo 6, ritmo 7, registro de canal, etc.<br \/>\n9) Visualizaci\u00f3n de ECG de 3\/6\/12 derivaciones, \u00abDerivaci\u00f3n apagada\u00bb y \u00abFalta de papel\u00bb en una pantalla y con el modo de demostraci\u00f3n de ECG. Autocomprobaci\u00f3n y autoan\u00e1lisis de los par\u00e1metros de ECG, la forma de onda de ECG se puede registrar de forma manual o autom\u00e1tica. Y la informaci\u00f3n del paciente se puede almacenar en una base de datos de casos.<br \/>\n10) El tiempo de impresi\u00f3n se puede configurar cada 1\/2\/3\/5\/10\/20\/30\/60 minutos.<br \/>\n11) Configuraci\u00f3n de impresi\u00f3n, incluyendo \u201cImprimir y guardar\u201d (imprimir forma de onda y guardar caso), \u201cImprimir sin guardar\u201d (solo imprimir forma de onda pero no guardar caso), \u201cGuardar sin imprimir\u201d (solo guardar caso pero no imprimir forma de onda).<br \/>\n12) CA \/ CC, bater\u00eda de litio recargable incorporada y circuito de protecci\u00f3n autom\u00e1tica, y apagado autom\u00e1tico cuando no hay operaci\u00f3n en el tiempo designado.<br \/>\n13) Almacene m\u00e1s de 1000 casos, conveniente para la revisi\u00f3n de casos y estad\u00edsticas.<br \/>\n14) Interfaz e informe en varios idiomas (chino, ingl\u00e9s, franc\u00e9s, espa\u00f1ol, turco, polaco, italiano, alem\u00e1n, portugu\u00e9s, kazajst\u00e1n, ruso y ucraniano).<\/p>\n<p><strong>Actuaci\u00f3n<\/strong><br \/>\nModo de entrada: protecci\u00f3n flotante y de desfibrilaci\u00f3n<br \/>\nRespuesta de frecuencia: 0.05Hz ~ 150Hz (-3dB ~ + 0.4dB)<br \/>\nCMRR:&gt; 60dB,&gt; 100dB (agregar filtro)<br \/>\nConstante de tiempo: \u2265 3,2 s<br \/>\nCorriente de fuga del paciente: &lt;10\u00b5A<br \/>\nVoltaje de calibraci\u00f3n: 1 mV<br \/>\nSensibilidad: 2,5, 5, 10, 20, 40 mm \/ mV \u00b1 5%, sensibilidad est\u00e1ndar: 10 mm \/ mV \u00b1 2%<br \/>\nNivel de ruido: &lt;15\u00b5Vp-p<br \/>\nCorriente del circuito de entrada: \u226450nA<br \/>\nImpedancia de entrada: \u226550 M\u03a9<br \/>\nPrecisi\u00f3n de muestreo: 12 bits<br \/>\nClasificaci\u00f3n de seguridad: clase I, tipo CF y pieza aplicada a prueba de desfibrilaci\u00f3n<br \/>\nModo de grabaci\u00f3n: sistema de impresi\u00f3n t\u00e9rmica<br \/>\nRegistro autom\u00e1tico: establezca el registro de acuerdo con el formato y modo de registro autom\u00e1tico, cambiando autom\u00e1ticamente los cables, midiendo y analizando.<br \/>\nRegistro de ritmo: establezca el registro de acuerdo con el formato y modo de registro de ritmo, midiendo y analizando autom\u00e1ticamente.<br \/>\nRegistro manual: establezca el registro de acuerdo con el formato de registro, cambiando manualmente los cables.<br \/>\nPar\u00e1metros de medici\u00f3n: FC, intervalo PR, duraci\u00f3n P, duraci\u00f3n QRS, duraci\u00f3n T, intervalo QT, Q-Tc, eje P, eje QRS, eje T, R (V5), S (V1), R (V5) + S ( V1)<br \/>\nTama\u00f1o del papel: 80 mm (ancho) \u00d7 20 m (largo)<br \/>\nFrecuencia de muestreo: 1000 Hz.<br \/>\nFiltro de interferencia EMG: 25Hz \/ 35Hz (-3dB)<br \/>\nFiltro de frecuencia de alimentaci\u00f3n: CA 50Hz \/ 60Hz (-20dB)<br \/>\nVelocidad del papel:<br \/>\nAutom\u00e1tico: 5, 6,25, 10, 12,5, 25, 50, 100 mm \/ s, \u00b1 5%<br \/>\nRitmo: 5, 6.25, 10, 12.5, 25, 50, 100 mm \/ s, \u00b1 5%<br \/>\nManual: 5, 6,25, 10, 12,5, 25, 50, 100 mm \/ s, \u00b1 5%<\/p>\n<p><strong>Accesorios<\/strong><br \/>\nEst\u00e1ndar:<br \/>\nUn cable de plomo<br \/>\nUn electrodo de extremidad<br \/>\nUn electrodo de pecho<br \/>\nUn papel de registro t\u00e9rmico<br \/>\nUn cable de alimentaci\u00f3n<br \/>\nUn cable de tierra<br \/>\nUn manual de usuario<\/p>\n<p>Opcional:<br \/>\nSoftware ECG-Sync + cable USB<br \/>\nElectrodo de ECG<br \/>\nBolso<br \/>\nGel conductor<\/p>\n<p><strong>Caracter\u00edstica f\u00edsica<\/strong><br \/>\nDimensi\u00f3n: 315 mm (L) \u00d7 215 mm (W) \u00d7 92 mm (H)<br \/>\nPesar: 1.7Kg<\/p>\n","protected":false},"excerpt":{"rendered":"<p>Introducci\u00f3n ECG600G es un electrocardi\u00f3grafo que puede recopilar se\u00f1ales de ECG de 12 derivaciones e imprimir formas de onda mediante el sistema de impresi\u00f3n t\u00e9rmica. Cuenta con registro y visualizaci\u00f3n de forma de onda de ECG en modo AUTO \/ Manual, midiendo y diagnosticando los par\u00e1metros de forma de onda de ECG autom\u00e1ticamente, solicitando \u00abDesconexi\u00f3n\u00bb y \u00abFalta de papel\u00bb, interfaz multiling\u00fce, gesti\u00f3n de base de datos de casos. Funci\u00f3n 1) Adopte un sistema de impresi\u00f3n t\u00e9rmica de alta resoluci\u00f3n (8 puntos \/ mm), sin necesidad de ajustes. Frecuencia de grabaci\u00f3n: hasta 150Hz. 2) Grabe continuamente y en tiempo real la forma de onda del ECG y el car\u00e1cter de anotaci\u00f3n de forma clara y precisa (incluida la marca de derivaci\u00f3n, la sensibilidad, la velocidad del papel y el estado del filtro, etc.). 3) Dise\u00f1o de filtro totalmente digital, deriva anti-l\u00ednea base, interferencia de CA y EMG. 4) Ajuste la l\u00ednea de base autom\u00e1ticamente, optimice la configuraci\u00f3n de impresi\u00f3n y las derivaciones de ritmo opcionales. 5) En el modo AUTO, termine de grabar presionando el bot\u00f3n una vez, lo que mejora la eficiencia del trabajo. 6) Adopte la tecnolog\u00eda de procesamiento de se\u00f1al digital y obtenga una forma de onda de ECG de alta calidad a trav\u00e9s del filtro de frecuencia de potencia, el filtro de l\u00ednea de base y el filtro EMG de la se\u00f1al de ECG. 7) Con las funciones de auto-medici\u00f3n, autoan\u00e1lisis y autodiagn\u00f3stico para par\u00e1metros de ECG de rutina, lo que reduce la carga del m\u00e9dico y mejora la eficiencia del trabajo. 8) Colecci\u00f3n sincronizada para ECG de 12 derivaciones, m\u00faltiples formatos de impresi\u00f3n, incluidos 2 \u00d7 6 + 1 (derivaci\u00f3n de ritmo), 2 \u00d7 6, 3 \u00d7 4, 3 \u00d7 4 + 1 (derivaci\u00f3n de ritmo), 4 \u00d7 3, 4 \u00d7 3 +1 (gu\u00eda de ritmo), 6 \u00d7 2, 6 \u00d7 2 + 1 (gu\u00eda de ritmo), ritmo 2, ritmo 3, ritmo 4, ritmo 5, ritmo 6, ritmo 7, registro de canal, etc. 9) Visualizaci\u00f3n de ECG de 3\/6\/12 derivaciones, \u00abDerivaci\u00f3n apagada\u00bb y \u00abFalta de papel\u00bb en una pantalla y con el modo de demostraci\u00f3n de ECG. Autocomprobaci\u00f3n y autoan\u00e1lisis de los par\u00e1metros de ECG, la forma de onda de ECG se puede registrar de forma manual o autom\u00e1tica. Y la informaci\u00f3n del paciente se puede almacenar en una base de datos de casos. 10) El tiempo de impresi\u00f3n se puede configurar cada 1\/2\/3\/5\/10\/20\/30\/60 minutos. 11) Configuraci\u00f3n de impresi\u00f3n, incluyendo \u201cImprimir y guardar\u201d (imprimir forma de onda y guardar caso), \u201cImprimir sin guardar\u201d (solo imprimir forma de onda pero no guardar caso), \u201cGuardar sin imprimir\u201d (solo guardar caso pero no imprimir forma de onda). 12) CA \/ CC, bater\u00eda de litio recargable incorporada y circuito de protecci\u00f3n autom\u00e1tica, y apagado autom\u00e1tico cuando no hay operaci\u00f3n en el tiempo designado. 13) Almacene m\u00e1s de 1000 casos, conveniente para la revisi\u00f3n de casos y estad\u00edsticas. 14) Interfaz e informe en varios idiomas (chino, ingl\u00e9s, franc\u00e9s, espa\u00f1ol, turco, polaco, italiano, alem\u00e1n, portugu\u00e9s, kazajst\u00e1n, ruso y ucraniano). Actuaci\u00f3n Modo de entrada: protecci\u00f3n flotante y de desfibrilaci\u00f3n Respuesta de frecuencia: 0.05Hz ~ 150Hz (-3dB ~ + 0.4dB) CMRR:&gt; 60dB,&gt; 100dB (agregar filtro) Constante de tiempo: \u2265 3,2 s Corriente de fuga del paciente: &lt;10\u00b5A Voltaje de calibraci\u00f3n: 1 mV Sensibilidad: 2,5, 5, 10, 20, 40 mm \/ mV \u00b1 5%, sensibilidad est\u00e1ndar: 10 mm \/ mV \u00b1 2% Nivel de ruido: &lt;15\u00b5Vp-p Corriente del circuito de entrada: \u226450nA Impedancia de entrada: \u226550 M\u03a9 Precisi\u00f3n de muestreo: 12 bits Clasificaci\u00f3n de seguridad: clase I, tipo CF y pieza aplicada a prueba de desfibrilaci\u00f3n Modo de grabaci\u00f3n: sistema de impresi\u00f3n t\u00e9rmica Registro autom\u00e1tico: establezca el registro de acuerdo con el formato y modo de registro autom\u00e1tico, cambiando autom\u00e1ticamente los cables, midiendo y analizando. Registro de ritmo: establezca el registro de acuerdo con el formato y modo de registro de ritmo, midiendo y analizando autom\u00e1ticamente. Registro manual: establezca el registro de acuerdo con el formato de registro, cambiando manualmente los cables. Par\u00e1metros de medici\u00f3n: FC, intervalo PR, duraci\u00f3n P, duraci\u00f3n QRS, duraci\u00f3n T, intervalo QT, Q-Tc, eje P, eje QRS, eje T, R (V5), S (V1), R (V5) + S ( V1) Tama\u00f1o del papel: 80 mm (ancho) \u00d7 20 m (largo) Frecuencia de muestreo: 1000 Hz. Filtro de interferencia EMG: 25Hz \/ 35Hz (-3dB) Filtro de frecuencia de alimentaci\u00f3n: CA 50Hz \/ 60Hz (-20dB) Velocidad del papel: Autom\u00e1tico: 5, 6,25, 10, 12,5, 25, 50, 100 mm \/ s, \u00b1 5% Ritmo: 5, 6.25, 10, 12.5, 25, 50, 100 mm \/ s, \u00b1 5% Manual: 5, 6,25, 10, 12,5, 25, 50, 100 mm \/ s, \u00b1 5% Accesorios Est\u00e1ndar: Un cable de plomo Un electrodo de extremidad Un electrodo de pecho Un papel de registro t\u00e9rmico Un cable de alimentaci\u00f3n Un cable de tierra Un manual de usuario Opcional: Software ECG-Sync + cable USB Electrodo de ECG Bolso Gel conductor Caracter\u00edstica f\u00edsica Dimensi\u00f3n: 315 mm (L) \u00d7 215 mm (W) \u00d7 92 mm (H) Pesar: 1.7Kg<\/p>\n","protected":false},"featured_media":9861,"comment_status":"open","ping_status":"closed","template":"","meta":[],"product_brand":[],"product_cat":[101],"product_tag":[172,150],"class_list":{"0":"post-9859","1":"product","2":"type-product","3":"status-publish","4":"has-post-thumbnail","6":"product_cat-monitor-de-ecg","7":"product_tag-contec-ecg600g","8":"product_tag-electrocardiografos","10":"first","11":"instock","12":"taxable","13":"shipping-taxable","14":"product-type-simple"},"_links":{"self":[{"href":"https:\/\/www.enterpricecorp.com\/sitio\/wp-json\/wp\/v2\/product\/9859","targetHints":{"allow":["GET"]}}],"collection":[{"href":"https:\/\/www.enterpricecorp.com\/sitio\/wp-json\/wp\/v2\/product"}],"about":[{"href":"https:\/\/www.enterpricecorp.com\/sitio\/wp-json\/wp\/v2\/types\/product"}],"replies":[{"embeddable":true,"href":"https:\/\/www.enterpricecorp.com\/sitio\/wp-json\/wp\/v2\/comments?post=9859"}],"version-history":[{"count":1,"href":"https:\/\/www.enterpricecorp.com\/sitio\/wp-json\/wp\/v2\/product\/9859\/revisions"}],"predecessor-version":[{"id":9862,"href":"https:\/\/www.enterpricecorp.com\/sitio\/wp-json\/wp\/v2\/product\/9859\/revisions\/9862"}],"wp:featuredmedia":[{"embeddable":true,"href":"https:\/\/www.enterpricecorp.com\/sitio\/wp-json\/wp\/v2\/media\/9861"}],"wp:attachment":[{"href":"https:\/\/www.enterpricecorp.com\/sitio\/wp-json\/wp\/v2\/media?parent=9859"}],"wp:term":[{"taxonomy":"product_brand","embeddable":true,"href":"https:\/\/www.enterpricecorp.com\/sitio\/wp-json\/wp\/v2\/product_brand?post=9859"},{"taxonomy":"product_cat","embeddable":true,"href":"https:\/\/www.enterpricecorp.com\/sitio\/wp-json\/wp\/v2\/product_cat?post=9859"},{"taxonomy":"product_tag","embeddable":true,"href":"https:\/\/www.enterpricecorp.com\/sitio\/wp-json\/wp\/v2\/product_tag?post=9859"}],"curies":[{"name":"wp","href":"https:\/\/api.w.org\/{rel}","templated":true}]}}