{"id":9856,"date":"2025-08-31T01:47:10","date_gmt":"2025-08-31T01:47:10","guid":{"rendered":"https:\/\/www.enterpricecorp.com\/sitio\/?post_type=product&#038;p=9856"},"modified":"2025-08-31T02:08:18","modified_gmt":"2025-08-31T02:08:18","slug":"contec-ecg300g","status":"publish","type":"product","link":"https:\/\/www.enterpricecorp.com\/sitio\/producto\/contec-ecg300g\/","title":{"rendered":"CONTEC ECG300G"},"content":{"rendered":"<div class=\"woocommerce-product-details__short-description\">\n<p><strong>Introducci\u00f3n<\/strong><\/p>\n<p>ECG300G es un electrocardi\u00f3grafo que puede recopilar se\u00f1ales de ECG de 12 derivaciones e imprimir formas de onda mediante el sistema de impresi\u00f3n t\u00e9rmica. Se incluye, registra y muestra la forma de onda de ECG en modo AUTO \/ Manual, mide y diagnostica los par\u00e1metros de la forma de onda de ECG autom\u00e1ticamente, solicita \u00abDerivaci\u00f3n\u00bb y \u00abFalta de papel\u00bb, interfaz en varios idiomas, CA \/ CC, selecciona cualquier derivaci\u00f3n de ritmo gesti\u00f3n de la base de datos de casos.<\/p>\n<\/div>\n<form class=\"cart\" action=\"https:\/\/bimedik.com.co\/producto\/contec-ecg300g\/\" enctype=\"multipart\/form-data\" method=\"post\">\n<div class=\"quantity\">\n<p>M\u00e1quina de ECG port\u00e1til digital de 12 derivaciones y 3 canales CE \/ FDA<\/p>\n<p><strong>Funci\u00f3n<\/strong><\/p>\n<p>1) Recolecci\u00f3n de sincronizaci\u00f3n para ECG de 12 derivaciones, adopte tecnolog\u00eda de procesamiento de se\u00f1al digital y obtenga una forma de onda de ECG de alta calidad a trav\u00e9s del filtro de frecuencia de potencia, el filtro de l\u00ednea de base y el filtro EMG de la se\u00f1al de ECG.<br \/>\n2) Visualizaci\u00f3n de ECG de 3\/6\/12 derivaciones, modo de impresi\u00f3n, sensibilidad, velocidad del papel y estado del filtro, etc. en una pantalla, conveniente para el diagn\u00f3stico de contraste.<br \/>\n3) Multiplique los modos y formatos de impresi\u00f3n, incluidos manual, autom\u00e1tico 4 \u00d7 3, autom\u00e1tico 3 \u00d7 4 + 1, autom\u00e1tico 3 \u00d7 4, autom\u00e1tico 2 \u00d7 6 + 1, autom\u00e1tico 2 \u00d7 6, autom\u00e1tico 3-2 + 1, autom\u00e1tico 3- 2, autom\u00e1tico 1 \u00d7 12 + 1, autom\u00e1tico 1 \u00d7 12, ritmo 4, ritmo 3 y ritmo 2, etc. La longitud de la forma de onda impresa se puede ajustar y con la funci\u00f3n de impresi\u00f3n de tiempo, que cumple con diferentes requisitos.<br \/>\n4) Con las funciones de autoan\u00e1lisis y autodiagn\u00f3stico para par\u00e1metros de ECG de rutina, proporciona resultados de medici\u00f3n y conclusi\u00f3n de autodiagn\u00f3stico para FC, intervalo PR, duraci\u00f3n P, duraci\u00f3n QRS, duraci\u00f3n T, intervalo QT, Q-Tc, eje P , Eje QRS, Eje T, R (V5), S (V1), R (V5) + S (V1), etc. lo que reduce la carga del m\u00e9dico.<br \/>\n5) La memoria incorporada almacena hasta 1000 casos, conveniente para la revisi\u00f3n de casos y estad\u00edsticas.<br \/>\n6) Interfaz e informe en varios idiomas (chino, ingl\u00e9s, espa\u00f1ol, turco, polaco, italiano, franc\u00e9s, alem\u00e1n, portugu\u00e9s, kazajst\u00e1n, ruso, ucraniano, serbio y esloveno).<\/p>\n<div id=\"ProDel224_2485857db4965e21a0784ee1dbff73d50\" class=\"ProDel\" data-id=\"ProDel224_2485857db4965e21a0784ee1dbff73d50\">\n<div class=\"ProdelContent\">\n<p><strong>Actuaci\u00f3n<\/strong><\/p>\n<p>Modo de entrada: protecci\u00f3n flotante y de desfibrilaci\u00f3n<br \/>\nRespuesta de frecuencia: 0.05Hz ~ 150Hz (-3dB ~ + 0.4dB)<br \/>\nCMRR:&gt; 60dB,&gt; 100dB (agregar filtro)<br \/>\nConstante de tiempo: \u2265 3,2 s<br \/>\nCorriente de fuga del paciente: &lt;10\u00b5A<br \/>\nVoltaje de calibraci\u00f3n: 1 mV<br \/>\nSensibilidad: 2,5, 5, 10, 20, 40 mm \/ mV \u00b1 5%, sensibilidad est\u00e1ndar: 10 mm \/ mV \u00b1 2%<br \/>\nNivel de ruido: &lt;15\u00b5Vp-p<br \/>\nCorriente del circuito de entrada: \u226450nA<br \/>\nImpedancia de entrada: \u226550 M\u03a9<br \/>\nPrecisi\u00f3n de muestreo: 12 bits<br \/>\nClasificaci\u00f3n de seguridad: clase I, tipo CF y pieza aplicada a prueba de desfibrilaci\u00f3n<br \/>\nModo de grabaci\u00f3n: sistema de impresi\u00f3n t\u00e9rmica<br \/>\nRegistro autom\u00e1tico: establezca el registro de acuerdo con el formato y modo de registro autom\u00e1tico, cambiando autom\u00e1ticamente los cables, midiendo y analizando.<br \/>\nRegistro de ritmo: establezca el registro de acuerdo con el formato y modo de registro de ritmo, midiendo y analizando autom\u00e1ticamente.<br \/>\nRegistro manual: establezca el registro de acuerdo con el formato de registro, cambiando manualmente los cables.<br \/>\nPar\u00e1metros de medici\u00f3n: FC, intervalo PR, duraci\u00f3n P, duraci\u00f3n QRS, duraci\u00f3n T, intervalo QT, Q-Tc, eje P, eje QRS, eje T, R (V5), S (V1), R (V5) + S ( V1)<br \/>\nTama\u00f1o del papel: 80 mm (ancho) \u00d7 20 m (largo)<br \/>\nFrecuencia de muestreo: 1000 Hz.<br \/>\nFiltro de interferencia EMG: 25Hz \/ 35Hz (-3dB)<br \/>\nFiltro de frecuencia de alimentaci\u00f3n: CA 50Hz \/ 60Hz (-20dB)<br \/>\nVelocidad del papel:<br \/>\nAutom\u00e1tico: 25, 50 mm \/ s, \u00b1 5%<br \/>\nRitmo: 25, 50 mm \/ s, \u00b1 5%<br \/>\nManual: 5, 6,25, 10, 12,5, 25, 50 mm \/ s, \u00b1 5%<br \/>\nFuente de alimentaci\u00f3n:<br \/>\nCA: 100 V ~ 240 V (50\/60 Hz)<br \/>\nCC: bater\u00eda de litio recargable de 7,4 V \/ 3500 mAh<br \/>\nEspecificaci\u00f3n del fusible: dos fusibles de retardo de tiempo de CA (\u03c65 \u00d7 20 mm), T1.6AL250V<br \/>\nGrado impermeable: IPX0<br \/>\nModo de trabajo: trabajo continuo<\/p>\n<p><strong>Accesorios<\/strong><\/p>\n<p>Est\u00e1ndar:<br \/>\nUn cable de plomo<br \/>\nUn electrodo de extremidad<br \/>\nUn electrodo de pecho<br \/>\nUn papel de registro t\u00e9rmico<br \/>\nUn cable de alimentaci\u00f3n<br \/>\nUn cable de tierra<br \/>\nUn manual de usuario<\/p>\n<p>Opcional:<br \/>\nSoftware ECG-Sync + cable USB<br \/>\nElectrodo de ECG<br \/>\nBolso<br \/>\nGel conductor<\/p>\n<p><strong>Caracter\u00edstica f\u00edsica<\/strong><\/p>\n<p>Ambiente de trabajo<br \/>\nTemperatura: 5 \u2103 ~ 40 \u2103<br \/>\nHumedad relativa: 25% ~ 95% (sin condensaci\u00f3n)<br \/>\nPresi\u00f3n atmosf\u00e9rica: 700hPa ~ 1060hPa<br \/>\nEntorno de transporte y almacenamiento<br \/>\nTemperatura: -40 \u2103 ~ + 55 \u2103<br \/>\nHumedad relativa: \u226495%<br \/>\nPresi\u00f3n atmosf\u00e9rica: 500 hPa ~ 1060 hPa<br \/>\nDimensi\u00f3n: 315 mm (L) \u00d7 215 mm (W) \u00d7 77 mm (H)<br \/>\nPesar: 1.6Kg<\/p>\n<\/div>\n<\/div>\n<\/div>\n<\/form>\n","protected":false},"excerpt":{"rendered":"<p>Introducci\u00f3n ECG300G es un electrocardi\u00f3grafo que puede recopilar se\u00f1ales de ECG de 12 derivaciones e imprimir formas de onda mediante el sistema de impresi\u00f3n t\u00e9rmica. Se incluye, registra y muestra la forma de onda de ECG en modo AUTO \/ Manual, mide y diagnostica los par\u00e1metros de la forma de onda de ECG autom\u00e1ticamente, solicita \u00abDerivaci\u00f3n\u00bb y \u00abFalta de papel\u00bb, interfaz en varios idiomas, CA \/ CC, selecciona cualquier derivaci\u00f3n de ritmo gesti\u00f3n de la base de datos de casos. M\u00e1quina de ECG port\u00e1til digital de 12 derivaciones y 3 canales CE \/ FDA Funci\u00f3n 1) Recolecci\u00f3n de sincronizaci\u00f3n para ECG de 12 derivaciones, adopte tecnolog\u00eda de procesamiento de se\u00f1al digital y obtenga una forma de onda de ECG de alta calidad a trav\u00e9s del filtro de frecuencia de potencia, el filtro de l\u00ednea de base y el filtro EMG de la se\u00f1al de ECG. 2) Visualizaci\u00f3n de ECG de 3\/6\/12 derivaciones, modo de impresi\u00f3n, sensibilidad, velocidad del papel y estado del filtro, etc. en una pantalla, conveniente para el diagn\u00f3stico de contraste. 3) Multiplique los modos y formatos de impresi\u00f3n, incluidos manual, autom\u00e1tico 4 \u00d7 3, autom\u00e1tico 3 \u00d7 4 + 1, autom\u00e1tico 3 \u00d7 4, autom\u00e1tico 2 \u00d7 6 + 1, autom\u00e1tico 2 \u00d7 6, autom\u00e1tico 3-2 + 1, autom\u00e1tico 3- 2, autom\u00e1tico 1 \u00d7 12 + 1, autom\u00e1tico 1 \u00d7 12, ritmo 4, ritmo 3 y ritmo 2, etc. La longitud de la forma de onda impresa se puede ajustar y con la funci\u00f3n de impresi\u00f3n de tiempo, que cumple con diferentes requisitos. 4) Con las funciones de autoan\u00e1lisis y autodiagn\u00f3stico para par\u00e1metros de ECG de rutina, proporciona resultados de medici\u00f3n y conclusi\u00f3n de autodiagn\u00f3stico para FC, intervalo PR, duraci\u00f3n P, duraci\u00f3n QRS, duraci\u00f3n T, intervalo QT, Q-Tc, eje P , Eje QRS, Eje T, R (V5), S (V1), R (V5) + S (V1), etc. lo que reduce la carga del m\u00e9dico. 5) La memoria incorporada almacena hasta 1000 casos, conveniente para la revisi\u00f3n de casos y estad\u00edsticas. 6) Interfaz e informe en varios idiomas (chino, ingl\u00e9s, espa\u00f1ol, turco, polaco, italiano, franc\u00e9s, alem\u00e1n, portugu\u00e9s, kazajst\u00e1n, ruso, ucraniano, serbio y esloveno). Actuaci\u00f3n Modo de entrada: protecci\u00f3n flotante y de desfibrilaci\u00f3n Respuesta de frecuencia: 0.05Hz ~ 150Hz (-3dB ~ + 0.4dB) CMRR:&gt; 60dB,&gt; 100dB (agregar filtro) Constante de tiempo: \u2265 3,2 s Corriente de fuga del paciente: &lt;10\u00b5A Voltaje de calibraci\u00f3n: 1 mV Sensibilidad: 2,5, 5, 10, 20, 40 mm \/ mV \u00b1 5%, sensibilidad est\u00e1ndar: 10 mm \/ mV \u00b1 2% Nivel de ruido: &lt;15\u00b5Vp-p Corriente del circuito de entrada: \u226450nA Impedancia de entrada: \u226550 M\u03a9 Precisi\u00f3n de muestreo: 12 bits Clasificaci\u00f3n de seguridad: clase I, tipo CF y pieza aplicada a prueba de desfibrilaci\u00f3n Modo de grabaci\u00f3n: sistema de impresi\u00f3n t\u00e9rmica Registro autom\u00e1tico: establezca el registro de acuerdo con el formato y modo de registro autom\u00e1tico, cambiando autom\u00e1ticamente los cables, midiendo y analizando. Registro de ritmo: establezca el registro de acuerdo con el formato y modo de registro de ritmo, midiendo y analizando autom\u00e1ticamente. Registro manual: establezca el registro de acuerdo con el formato de registro, cambiando manualmente los cables. Par\u00e1metros de medici\u00f3n: FC, intervalo PR, duraci\u00f3n P, duraci\u00f3n QRS, duraci\u00f3n T, intervalo QT, Q-Tc, eje P, eje QRS, eje T, R (V5), S (V1), R (V5) + S ( V1) Tama\u00f1o del papel: 80 mm (ancho) \u00d7 20 m (largo) Frecuencia de muestreo: 1000 Hz. Filtro de interferencia EMG: 25Hz \/ 35Hz (-3dB) Filtro de frecuencia de alimentaci\u00f3n: CA 50Hz \/ 60Hz (-20dB) Velocidad del papel: Autom\u00e1tico: 25, 50 mm \/ s, \u00b1 5% Ritmo: 25, 50 mm \/ s, \u00b1 5% Manual: 5, 6,25, 10, 12,5, 25, 50 mm \/ s, \u00b1 5% Fuente de alimentaci\u00f3n: CA: 100 V ~ 240 V (50\/60 Hz) CC: bater\u00eda de litio recargable de 7,4 V \/ 3500 mAh Especificaci\u00f3n del fusible: dos fusibles de retardo de tiempo de CA (\u03c65 \u00d7 20 mm), T1.6AL250V Grado impermeable: IPX0 Modo de trabajo: trabajo continuo Accesorios Est\u00e1ndar: Un cable de plomo Un electrodo de extremidad Un electrodo de pecho Un papel de registro t\u00e9rmico Un cable de alimentaci\u00f3n Un cable de tierra Un manual de usuario Opcional: Software ECG-Sync + cable USB Electrodo de ECG Bolso Gel conductor Caracter\u00edstica f\u00edsica Ambiente de trabajo Temperatura: 5 \u2103 ~ 40 \u2103 Humedad relativa: 25% ~ 95% (sin condensaci\u00f3n) Presi\u00f3n atmosf\u00e9rica: 700hPa ~ 1060hPa Entorno de transporte y almacenamiento Temperatura: -40 \u2103 ~ + 55 \u2103 Humedad relativa: \u226495% Presi\u00f3n atmosf\u00e9rica: 500 hPa ~ 1060 hPa Dimensi\u00f3n: 315 mm (L) \u00d7 215 mm (W) \u00d7 77 mm (H) Pesar: 1.6Kg<\/p>\n","protected":false},"featured_media":9857,"comment_status":"open","ping_status":"closed","template":"","meta":[],"product_brand":[],"product_cat":[101],"product_tag":[171],"class_list":{"0":"post-9856","1":"product","2":"type-product","3":"status-publish","4":"has-post-thumbnail","6":"product_cat-monitor-de-ecg","7":"product_tag-maquina-de-ecg-portatil-digital","9":"first","10":"instock","11":"taxable","12":"shipping-taxable","13":"product-type-simple"},"_links":{"self":[{"href":"https:\/\/www.enterpricecorp.com\/sitio\/wp-json\/wp\/v2\/product\/9856","targetHints":{"allow":["GET"]}}],"collection":[{"href":"https:\/\/www.enterpricecorp.com\/sitio\/wp-json\/wp\/v2\/product"}],"about":[{"href":"https:\/\/www.enterpricecorp.com\/sitio\/wp-json\/wp\/v2\/types\/product"}],"replies":[{"embeddable":true,"href":"https:\/\/www.enterpricecorp.com\/sitio\/wp-json\/wp\/v2\/comments?post=9856"}],"version-history":[{"count":1,"href":"https:\/\/www.enterpricecorp.com\/sitio\/wp-json\/wp\/v2\/product\/9856\/revisions"}],"predecessor-version":[{"id":9858,"href":"https:\/\/www.enterpricecorp.com\/sitio\/wp-json\/wp\/v2\/product\/9856\/revisions\/9858"}],"wp:featuredmedia":[{"embeddable":true,"href":"https:\/\/www.enterpricecorp.com\/sitio\/wp-json\/wp\/v2\/media\/9857"}],"wp:attachment":[{"href":"https:\/\/www.enterpricecorp.com\/sitio\/wp-json\/wp\/v2\/media?parent=9856"}],"wp:term":[{"taxonomy":"product_brand","embeddable":true,"href":"https:\/\/www.enterpricecorp.com\/sitio\/wp-json\/wp\/v2\/product_brand?post=9856"},{"taxonomy":"product_cat","embeddable":true,"href":"https:\/\/www.enterpricecorp.com\/sitio\/wp-json\/wp\/v2\/product_cat?post=9856"},{"taxonomy":"product_tag","embeddable":true,"href":"https:\/\/www.enterpricecorp.com\/sitio\/wp-json\/wp\/v2\/product_tag?post=9856"}],"curies":[{"name":"wp","href":"https:\/\/api.w.org\/{rel}","templated":true}]}}