{"id":9844,"date":"2025-08-31T01:29:45","date_gmt":"2025-08-31T01:29:45","guid":{"rendered":"https:\/\/www.enterpricecorp.com\/sitio\/?post_type=product&#038;p=9844"},"modified":"2025-10-10T01:16:20","modified_gmt":"2025-10-10T01:16:20","slug":"contec-bc300","status":"publish","type":"product","link":"https:\/\/www.enterpricecorp.com\/sitio\/producto\/contec-bc300\/","title":{"rendered":"CONTEC BC300"},"content":{"rendered":"<p><strong>Introducci\u00f3n<\/strong><\/p>\n<p>El dispositivo mide los \u00edndices bioqu\u00edmicos mediante el an\u00e1lisis de sangre y otros fluidos corporales, luego se combina con otra informaci\u00f3n cl\u00ednica para ayudar a diagnosticar enfermedades, evaluar la funci\u00f3n de los \u00f3rganos, identificar el gen de la enfermedad y determinar la norma para la terapia futura.<\/p>\n<h2 class=\"clearTextStyle\">Analizador de qu\u00edmica m\u00e9dica bioqu\u00edmica semiautom\u00e1tico<\/h2>\n<p><strong>Funci\u00f3n<\/strong><\/p>\n<p>1) Basado en el sistema operativo Linux, interfaz gr\u00e1fica en color. Opere por pantalla t\u00e1ctil, teclas de funci\u00f3n o mouse externo USB, teclado.<\/p>\n<p>2) M\u00e9todos de medici\u00f3n opcionales (punto final, dos puntos, cin\u00e9tica, longitud de onda doble, etc.) y m\u00e9todos de c\u00e1lculo (factor, regresi\u00f3n lineal, regresi\u00f3n no lineal, etc.).<\/p>\n<p>3) Almacene 500 elementos de prueba y 10000 resultados de prueba, con m\u00faltiples modos de impresi\u00f3n e informes.<\/p>\n<p>4) Cada art\u00edculo se puede configurar para el control de calidad de dos n\u00fameros de lote. Autom\u00e1ticamente, estad\u00edsticamente y dibuje un gr\u00e1fico de control de calidad, almacene los datos de control de calidad y el gr\u00e1fico dentro de un a\u00f1o, que se puede verificar e imprimir.<\/p>\n<p>5) Auto-dormancia de la l\u00e1mpara para prolongar su vida.<\/p>\n<p>6) Funci\u00f3n de protecci\u00f3n de apagado: guarda autom\u00e1ticamente los resultados de la medici\u00f3n.<\/p>\n<p>7) Funci\u00f3n de autocomprobaci\u00f3n: alarma de trayectoria de luz, trayectoria de l\u00edquido y falla de componentes mec\u00e1nicos<\/p>\n<p>8) Interfaz de comunicaci\u00f3n est\u00e1ndar, conveniente para la transmisi\u00f3n y el procesamiento de datos.<\/p>\n<p><strong>Actuaci\u00f3n<\/strong><\/p>\n<p>1) rango de absorbencia: -0.3-3.0Abs<\/p>\n<p>2) Resoluci\u00f3n: 0.001Abs (pantalla), 0.0001 Abs (c\u00e1lculo interno)<\/p>\n<p>3) Fuente de luz: l\u00e1mpara hal\u00f3gena<\/p>\n<p>4) Longitud de onda: 340, 405, 510, 546, 578, 620nm + 2 posiciones libres<\/p>\n<p>5) Estabilidad: \u22640.005A \/ 30min<\/p>\n<p>6) Medio ancho de banda: \u226412 nm<\/p>\n<p>7) Control de temperatura: temperatura ambiente, 25 \u2103, 30 \u2103, 37 \u2103<\/p>\n<p>8) Precisi\u00f3n de la temperatura: \u00b1 0,1 \u2103<\/p>\n<p>9) Celda colorim\u00e9trica: celda de flujo de cuarzo de 30 \u03bcl<\/p>\n<p>10) Volumen de muestra: 0 ~ 6000\u03bcl<\/p>\n<p>11) Contaminaci\u00f3n cruzada: \u22641.0%<\/p>\n<p>12) Almacenamiento: 500 elementos de prueba, 10000 resultados de prueba<\/p>\n<p>13) Interfaz: interfaz RS232 est\u00e1ndar, 4 interfaces USB, interfaz Ethernet<\/p>\n<p>14) Pantalla: LCD a color de 7 \u2033 (800 * 480)<\/p>\n<p>15) Imprimir: impresora t\u00e9rmica incorporada o conectar una impresora externa<\/p>\n<p>16) Procesador: procesador integrado de alta velocidad<\/p>\n<p>17) Fuente de alimentaci\u00f3n: 100VAC ~ 240VAC, 50 \/ 60Hz<\/p>\n<p><strong>Accesorios<\/strong><\/p>\n<p>1) Un papel de registro<\/p>\n<p>2) Dos fusibles<\/p>\n<p>3) un cable de alimentaci\u00f3n<\/p>\n<p>4) Una l\u00e1mpara hal\u00f3gena<\/p>\n<p>5) una pipeta<\/p>\n<p>6) Una tuber\u00eda de bomba<\/p>\n<p><strong>Caracter\u00edstica f\u00edsica<\/strong><\/p>\n<p>1) Dimensi\u00f3n: 410 mm (L) \u00d7 340 mm (W) \u00d7 150 (H) mm<\/p>\n<p>2) Peso: 6 Kg<\/p>\n<p>3) entorno de trabajo<\/p>\n<p>4) Temperatura: 10 \u2103 ~ 30 \u2103<\/p>\n<p>5) Humedad relativa: \u226480%<\/p>\n<p>6) Presi\u00f3n atmosf\u00e9rica: 860hPa ~ 1060hPa<\/p>\n<p>7) Transporte y almacenamiento:<\/p>\n<p>8) Temperatura: -40 \u2103 ~ 55 \u2103<\/p>\n<p>9) Humedad relativa: \u226495%<\/p>\n<p>10) Presi\u00f3n atmosf\u00e9rica: 860hPa ~ 1060hPa<\/p>\n","protected":false},"excerpt":{"rendered":"<p>Introducci\u00f3n El dispositivo mide los \u00edndices bioqu\u00edmicos mediante el an\u00e1lisis de sangre y otros fluidos corporales, luego se combina con otra informaci\u00f3n cl\u00ednica para ayudar a diagnosticar enfermedades, evaluar la funci\u00f3n de los \u00f3rganos, identificar el gen de la enfermedad y determinar la norma para la terapia futura. Analizador de qu\u00edmica m\u00e9dica bioqu\u00edmica semiautom\u00e1tico Funci\u00f3n 1) Basado en el sistema operativo Linux, interfaz gr\u00e1fica en color. Opere por pantalla t\u00e1ctil, teclas de funci\u00f3n o mouse externo USB, teclado. 2) M\u00e9todos de medici\u00f3n opcionales (punto final, dos puntos, cin\u00e9tica, longitud de onda doble, etc.) y m\u00e9todos de c\u00e1lculo (factor, regresi\u00f3n lineal, regresi\u00f3n no lineal, etc.). 3) Almacene 500 elementos de prueba y 10000 resultados de prueba, con m\u00faltiples modos de impresi\u00f3n e informes. 4) Cada art\u00edculo se puede configurar para el control de calidad de dos n\u00fameros de lote. Autom\u00e1ticamente, estad\u00edsticamente y dibuje un gr\u00e1fico de control de calidad, almacene los datos de control de calidad y el gr\u00e1fico dentro de un a\u00f1o, que se puede verificar e imprimir. 5) Auto-dormancia de la l\u00e1mpara para prolongar su vida. 6) Funci\u00f3n de protecci\u00f3n de apagado: guarda autom\u00e1ticamente los resultados de la medici\u00f3n. 7) Funci\u00f3n de autocomprobaci\u00f3n: alarma de trayectoria de luz, trayectoria de l\u00edquido y falla de componentes mec\u00e1nicos 8) Interfaz de comunicaci\u00f3n est\u00e1ndar, conveniente para la transmisi\u00f3n y el procesamiento de datos. Actuaci\u00f3n 1) rango de absorbencia: -0.3-3.0Abs 2) Resoluci\u00f3n: 0.001Abs (pantalla), 0.0001 Abs (c\u00e1lculo interno) 3) Fuente de luz: l\u00e1mpara hal\u00f3gena 4) Longitud de onda: 340, 405, 510, 546, 578, 620nm + 2 posiciones libres 5) Estabilidad: \u22640.005A \/ 30min 6) Medio ancho de banda: \u226412 nm 7) Control de temperatura: temperatura ambiente, 25 \u2103, 30 \u2103, 37 \u2103 8) Precisi\u00f3n de la temperatura: \u00b1 0,1 \u2103 9) Celda colorim\u00e9trica: celda de flujo de cuarzo de 30 \u03bcl 10) Volumen de muestra: 0 ~ 6000\u03bcl 11) Contaminaci\u00f3n cruzada: \u22641.0% 12) Almacenamiento: 500 elementos de prueba, 10000 resultados de prueba 13) Interfaz: interfaz RS232 est\u00e1ndar, 4 interfaces USB, interfaz Ethernet 14) Pantalla: LCD a color de 7 \u2033 (800 * 480) 15) Imprimir: impresora t\u00e9rmica incorporada o conectar una impresora externa 16) Procesador: procesador integrado de alta velocidad 17) Fuente de alimentaci\u00f3n: 100VAC ~ 240VAC, 50 \/ 60Hz Accesorios 1) Un papel de registro 2) Dos fusibles 3) un cable de alimentaci\u00f3n 4) Una l\u00e1mpara hal\u00f3gena 5) una pipeta 6) Una tuber\u00eda de bomba Caracter\u00edstica f\u00edsica 1) Dimensi\u00f3n: 410 mm (L) \u00d7 340 mm (W) \u00d7 150 (H) mm 2) Peso: 6 Kg 3) entorno de trabajo 4) Temperatura: 10 \u2103 ~ 30 \u2103 5) Humedad relativa: \u226480% 6) Presi\u00f3n atmosf\u00e9rica: 860hPa ~ 1060hPa 7) Transporte y almacenamiento: 8) Temperatura: -40 \u2103 ~ 55 \u2103 9) Humedad relativa: \u226495% 10) Presi\u00f3n atmosf\u00e9rica: 860hPa ~ 1060hPa<\/p>\n","protected":false},"featured_media":9845,"comment_status":"open","ping_status":"closed","template":"","meta":[],"product_brand":[],"product_cat":[103,271],"product_tag":[170],"class_list":{"0":"post-9844","1":"product","2":"type-product","3":"status-publish","4":"has-post-thumbnail","6":"product_cat-analizador-de-bioquimica","7":"product_cat-capacitacion","8":"product_tag-analizador-de-bioquimica","10":"first","11":"instock","12":"taxable","13":"shipping-taxable","14":"product-type-simple"},"_links":{"self":[{"href":"https:\/\/www.enterpricecorp.com\/sitio\/wp-json\/wp\/v2\/product\/9844","targetHints":{"allow":["GET"]}}],"collection":[{"href":"https:\/\/www.enterpricecorp.com\/sitio\/wp-json\/wp\/v2\/product"}],"about":[{"href":"https:\/\/www.enterpricecorp.com\/sitio\/wp-json\/wp\/v2\/types\/product"}],"replies":[{"embeddable":true,"href":"https:\/\/www.enterpricecorp.com\/sitio\/wp-json\/wp\/v2\/comments?post=9844"}],"version-history":[{"count":1,"href":"https:\/\/www.enterpricecorp.com\/sitio\/wp-json\/wp\/v2\/product\/9844\/revisions"}],"predecessor-version":[{"id":9846,"href":"https:\/\/www.enterpricecorp.com\/sitio\/wp-json\/wp\/v2\/product\/9844\/revisions\/9846"}],"wp:featuredmedia":[{"embeddable":true,"href":"https:\/\/www.enterpricecorp.com\/sitio\/wp-json\/wp\/v2\/media\/9845"}],"wp:attachment":[{"href":"https:\/\/www.enterpricecorp.com\/sitio\/wp-json\/wp\/v2\/media?parent=9844"}],"wp:term":[{"taxonomy":"product_brand","embeddable":true,"href":"https:\/\/www.enterpricecorp.com\/sitio\/wp-json\/wp\/v2\/product_brand?post=9844"},{"taxonomy":"product_cat","embeddable":true,"href":"https:\/\/www.enterpricecorp.com\/sitio\/wp-json\/wp\/v2\/product_cat?post=9844"},{"taxonomy":"product_tag","embeddable":true,"href":"https:\/\/www.enterpricecorp.com\/sitio\/wp-json\/wp\/v2\/product_tag?post=9844"}],"curies":[{"name":"wp","href":"https:\/\/api.w.org\/{rel}","templated":true}]}}