{"id":9822,"date":"2025-08-31T01:08:11","date_gmt":"2025-08-31T01:08:11","guid":{"rendered":"https:\/\/www.enterpricecorp.com\/sitio\/?post_type=product&#038;p=9822"},"modified":"2025-10-10T01:17:32","modified_gmt":"2025-10-10T01:17:32","slug":"contec-cms600p2","status":"publish","type":"product","link":"https:\/\/www.enterpricecorp.com\/sitio\/producto\/contec-cms600p2\/","title":{"rendered":"CONTEC CMS600P2"},"content":{"rendered":"<p><strong>Introducciones<\/strong><\/p>\n<p>El tipo de port\u00e1til CMS600P2 es un sistema de diagn\u00f3stico de ultrasonido B completamente digital. Adopta un sistema operativo integrado, que optimiza en gran medida el rendimiento del producto. El sistema se toma m\u00e1s convenientemente por su alta capacidad de procesamiento de datos efectivo, men\u00fa emergente y dise\u00f1o de teclado. Incluye ricos paquetes de software de medici\u00f3n que satisfacen completamente la necesidad de diagn\u00f3stico cl\u00ednico.<\/p>\n<p><a href=\"https:\/\/www.enterpricecorp.com\/sitio\/contact\/\">Servicio de capacitaci\u00f3n, soporte, diagnostico, entrenamiento y actualizaciones.<\/a><\/p>\n<p><strong>Principales caracter\u00edsticas<\/strong><\/p>\n<p>\u25c6 El dispositivo que adopta el sistema operativo integrado Linux, tiene buena compatibilidad, car\u00e1cter trasplantable y expansibilidad flexible.<\/p>\n<p>\u25c6 Adopta formaci\u00f3n de haz digital completa avanzada, apertura din\u00e1mica en tiempo real, apodizaci\u00f3n de recepci\u00f3n din\u00e1mica en tiempo real, enfoque de recepci\u00f3n din\u00e1mico en tiempo real, correlaci\u00f3n de cuadros, tecnolog\u00eda moderna de procesamiento de im\u00e1genes, etc., lo que mejora la calidad de la imagen.<\/p>\n<p>\u25c6 El sistema se puede tomar convenientemente para el tipo de computadora port\u00e1til, bater\u00eda incorporada, alta integraci\u00f3n de la unidad, volumen peque\u00f1o, peso ligero.<\/p>\n<p>\u25c6 Adopta un teclado plegable de tipo t\u00e1ctil, una operaci\u00f3n de trackball flexible y de acceso directo, que acelera enormemente la velocidad de prueba.<\/p>\n<p>\u25c6 Funci\u00f3n de gesti\u00f3n de im\u00e1genes ordenada y conveniente que puede imprimir y exportar informes.<\/p>\n<p>\u25c6 Incluye ricos paquetes de software de medici\u00f3n: obstetricia, ginecolog\u00eda, cardiolog\u00eda, urolog\u00eda, piezas peque\u00f1as. Se pueden elegir muchas sondas y una amplia aplicaci\u00f3n puede satisfacer completamente la necesidad de diagn\u00f3stico cl\u00ednico.<\/p>\n<p>\u25c6 La ganancia cercana, la ganancia lejana y la ganancia total se pueden ajustar solas.<\/p>\n<p>\u25c6 Poseer funci\u00f3n de memoria externa.<\/p>\n<p>\u25c6 Se puede conectar a la impresora de video, impresora de inyecci\u00f3n de tinta, impresora de inyecci\u00f3n l\u00e1ser.<\/p>\n<p><strong>Rendimiento principal<\/strong><\/p>\n<p>Modo de visualizaci\u00f3n: B, 2B, 4B, B \/ M, M<\/p>\n<p>Escala de grises de la imagen: 256<\/p>\n<p>Monitor: LCD TFT de 10,1 pulgadas<\/p>\n<p>Resoluci\u00f3n de pantalla: 1024 * 600<\/p>\n<p>Resoluci\u00f3n lateral: 2 mm (campo cercano) 4 mm (campo lejano)<\/p>\n<p>Resoluci\u00f3n axial: 2 mm (campo cercano) 2 mm (campo lejano)<\/p>\n<p>Zona muerta: \u22643 mm<\/p>\n<p>Profundidad de la pantalla: \u2264240 mm<\/p>\n<p>Precisi\u00f3n de posici\u00f3n geom\u00e9trica horizontal: \u22645%<\/p>\n<p>Precisi\u00f3n de posici\u00f3n geom\u00e9trica vertical l: \u22645%<\/p>\n<p>Zoom: 0.9, 1.0, 1.1, 1.2, 1.3, 1.5, 2.0<\/p>\n<p>Bucle de cine: 600 fotogramas<\/p>\n<p>Almacenamiento de im\u00e1genes: 2048 fotogramas<\/p>\n<p>Marca corporal: 43<\/p>\n<p>Enfoque: el n\u00famero y la posici\u00f3n se pueden ajustar.<\/p>\n<p>Herramienta asistente: gu\u00eda de punci\u00f3n e histograma<\/p>\n<p>Obstetricia, ginecolog\u00eda, cardiolog\u00eda, piezas peque\u00f1as, urolog\u00eda, etc. pueden generar informes autom\u00e1ticamente.<\/p>\n<p>Medida: distancia, circunferencia, \u00e1rea, volumen, \u00e1ngulo, relaci\u00f3n, pendiente, etc.<\/p>\n<p>Admite visualizaci\u00f3n y entrada de interfaz de idioma chino, ingl\u00e9s.<\/p>\n<p>El men\u00fa de la interfaz de gesti\u00f3n, los sistemas operativos chino e ingl\u00e9s, el procesamiento de im\u00e1genes predeterminado y una funci\u00f3n clave de optimizaci\u00f3n.<\/p>\n<p>La f\u00f3rmula de medici\u00f3n se puede configurar de manera diferente seg\u00fan la raza diferente.<\/p>\n<p>Comentario: fecha, hora, nombre, hospital, n\u00famero, frecuencia de imagen, profundidad, ganancia, rango din\u00e1mico, correlaci\u00f3n de imagen, frecuencia, etc.<\/p>\n<p>Procesamiento de im\u00e1genes: correlaci\u00f3n de cuadros controlable, correcci\u00f3n de gamma, histograma<\/p>\n<p>Conversi\u00f3n de im\u00e1genes: arriba y abajo, izquierda y derecha, blanco y negro<\/p>\n<p>Im\u00e1genes arm\u00f3nicas de tejidos<\/p>\n<p>Funci\u00f3n de comentarios en pantalla tanto en chino como en ingl\u00e9s<\/p>\n<p>Soporta almacenamiento USB<\/p>\n<p>Actualice el software a trav\u00e9s de USB<\/p>\n<p>Interfaz: USB, Video, VGA<\/p>\n<p><strong>Configuraci\u00f3n est\u00e1ndar<\/strong><\/p>\n<p>Sonda convexa de 3,5 MHz, 2,0 MHz ~ 5,0 MHz<\/p>\n<p><strong>Configuraci\u00f3n opcional<\/strong><\/p>\n<p>Sonda endovaginal de 6,5 MHz, 5,0 MHz ~ 8,5 MHz<\/p>\n<p>Sonda lineal de 7,5 MHz, 5,0 MHz ~ 10,0 MHz<\/p>\n<p><strong>Identidad fisica<\/strong><\/p>\n<p>Dimensi\u00f3n: 292 mm * 232 mm * 45 mm<\/p>\n<p>Peso: 2,3 kg (incluye sonda)<\/p>\n","protected":false},"excerpt":{"rendered":"<p>Introducciones El tipo de port\u00e1til CMS600P2 es un sistema de diagn\u00f3stico de ultrasonido B completamente digital. Adopta un sistema operativo integrado, que optimiza en gran medida el rendimiento del producto. El sistema se toma m\u00e1s convenientemente por su alta capacidad de procesamiento de datos efectivo, men\u00fa emergente y dise\u00f1o de teclado. Incluye ricos paquetes de software de medici\u00f3n que satisfacen completamente la necesidad de diagn\u00f3stico cl\u00ednico. Servicio de capacitaci\u00f3n, soporte, diagnostico, entrenamiento y actualizaciones. Principales caracter\u00edsticas \u25c6 El dispositivo que adopta el sistema operativo integrado Linux, tiene buena compatibilidad, car\u00e1cter trasplantable y expansibilidad flexible. \u25c6 Adopta formaci\u00f3n de haz digital completa avanzada, apertura din\u00e1mica en tiempo real, apodizaci\u00f3n de recepci\u00f3n din\u00e1mica en tiempo real, enfoque de recepci\u00f3n din\u00e1mico en tiempo real, correlaci\u00f3n de cuadros, tecnolog\u00eda moderna de procesamiento de im\u00e1genes, etc., lo que mejora la calidad de la imagen. \u25c6 El sistema se puede tomar convenientemente para el tipo de computadora port\u00e1til, bater\u00eda incorporada, alta integraci\u00f3n de la unidad, volumen peque\u00f1o, peso ligero. \u25c6 Adopta un teclado plegable de tipo t\u00e1ctil, una operaci\u00f3n de trackball flexible y de acceso directo, que acelera enormemente la velocidad de prueba. \u25c6 Funci\u00f3n de gesti\u00f3n de im\u00e1genes ordenada y conveniente que puede imprimir y exportar informes. \u25c6 Incluye ricos paquetes de software de medici\u00f3n: obstetricia, ginecolog\u00eda, cardiolog\u00eda, urolog\u00eda, piezas peque\u00f1as. Se pueden elegir muchas sondas y una amplia aplicaci\u00f3n puede satisfacer completamente la necesidad de diagn\u00f3stico cl\u00ednico. \u25c6 La ganancia cercana, la ganancia lejana y la ganancia total se pueden ajustar solas. \u25c6 Poseer funci\u00f3n de memoria externa. \u25c6 Se puede conectar a la impresora de video, impresora de inyecci\u00f3n de tinta, impresora de inyecci\u00f3n l\u00e1ser. Rendimiento principal Modo de visualizaci\u00f3n: B, 2B, 4B, B \/ M, M Escala de grises de la imagen: 256 Monitor: LCD TFT de 10,1 pulgadas Resoluci\u00f3n de pantalla: 1024 * 600 Resoluci\u00f3n lateral: 2 mm (campo cercano) 4 mm (campo lejano) Resoluci\u00f3n axial: 2 mm (campo cercano) 2 mm (campo lejano) Zona muerta: \u22643 mm Profundidad de la pantalla: \u2264240 mm Precisi\u00f3n de posici\u00f3n geom\u00e9trica horizontal: \u22645% Precisi\u00f3n de posici\u00f3n geom\u00e9trica vertical l: \u22645% Zoom: 0.9, 1.0, 1.1, 1.2, 1.3, 1.5, 2.0 Bucle de cine: 600 fotogramas Almacenamiento de im\u00e1genes: 2048 fotogramas Marca corporal: 43 Enfoque: el n\u00famero y la posici\u00f3n se pueden ajustar. Herramienta asistente: gu\u00eda de punci\u00f3n e histograma Obstetricia, ginecolog\u00eda, cardiolog\u00eda, piezas peque\u00f1as, urolog\u00eda, etc. pueden generar informes autom\u00e1ticamente. Medida: distancia, circunferencia, \u00e1rea, volumen, \u00e1ngulo, relaci\u00f3n, pendiente, etc. Admite visualizaci\u00f3n y entrada de interfaz de idioma chino, ingl\u00e9s. El men\u00fa de la interfaz de gesti\u00f3n, los sistemas operativos chino e ingl\u00e9s, el procesamiento de im\u00e1genes predeterminado y una funci\u00f3n clave de optimizaci\u00f3n. La f\u00f3rmula de medici\u00f3n se puede configurar de manera diferente seg\u00fan la raza diferente. Comentario: fecha, hora, nombre, hospital, n\u00famero, frecuencia de imagen, profundidad, ganancia, rango din\u00e1mico, correlaci\u00f3n de imagen, frecuencia, etc. Procesamiento de im\u00e1genes: correlaci\u00f3n de cuadros controlable, correcci\u00f3n de gamma, histograma Conversi\u00f3n de im\u00e1genes: arriba y abajo, izquierda y derecha, blanco y negro Im\u00e1genes arm\u00f3nicas de tejidos Funci\u00f3n de comentarios en pantalla tanto en chino como en ingl\u00e9s Soporta almacenamiento USB Actualice el software a trav\u00e9s de USB Interfaz: USB, Video, VGA Configuraci\u00f3n est\u00e1ndar Sonda convexa de 3,5 MHz, 2,0 MHz ~ 5,0 MHz Configuraci\u00f3n opcional Sonda endovaginal de 6,5 MHz, 5,0 MHz ~ 8,5 MHz Sonda lineal de 7,5 MHz, 5,0 MHz ~ 10,0 MHz Identidad fisica Dimensi\u00f3n: 292 mm * 232 mm * 45 mm Peso: 2,3 kg (incluye sonda)<\/p>\n","protected":false},"featured_media":9823,"comment_status":"open","ping_status":"closed","template":"","meta":[],"product_brand":[],"product_cat":[102,271],"product_tag":[169],"class_list":{"0":"post-9822","1":"product","2":"type-product","3":"status-publish","4":"has-post-thumbnail","6":"product_cat-b-ultrasonido","7":"product_cat-capacitacion","8":"product_tag-ultrasonido","10":"first","11":"instock","12":"taxable","13":"shipping-taxable","14":"product-type-simple"},"_links":{"self":[{"href":"https:\/\/www.enterpricecorp.com\/sitio\/wp-json\/wp\/v2\/product\/9822","targetHints":{"allow":["GET"]}}],"collection":[{"href":"https:\/\/www.enterpricecorp.com\/sitio\/wp-json\/wp\/v2\/product"}],"about":[{"href":"https:\/\/www.enterpricecorp.com\/sitio\/wp-json\/wp\/v2\/types\/product"}],"replies":[{"embeddable":true,"href":"https:\/\/www.enterpricecorp.com\/sitio\/wp-json\/wp\/v2\/comments?post=9822"}],"version-history":[{"count":3,"href":"https:\/\/www.enterpricecorp.com\/sitio\/wp-json\/wp\/v2\/product\/9822\/revisions"}],"predecessor-version":[{"id":10959,"href":"https:\/\/www.enterpricecorp.com\/sitio\/wp-json\/wp\/v2\/product\/9822\/revisions\/10959"}],"wp:featuredmedia":[{"embeddable":true,"href":"https:\/\/www.enterpricecorp.com\/sitio\/wp-json\/wp\/v2\/media\/9823"}],"wp:attachment":[{"href":"https:\/\/www.enterpricecorp.com\/sitio\/wp-json\/wp\/v2\/media?parent=9822"}],"wp:term":[{"taxonomy":"product_brand","embeddable":true,"href":"https:\/\/www.enterpricecorp.com\/sitio\/wp-json\/wp\/v2\/product_brand?post=9822"},{"taxonomy":"product_cat","embeddable":true,"href":"https:\/\/www.enterpricecorp.com\/sitio\/wp-json\/wp\/v2\/product_cat?post=9822"},{"taxonomy":"product_tag","embeddable":true,"href":"https:\/\/www.enterpricecorp.com\/sitio\/wp-json\/wp\/v2\/product_tag?post=9822"}],"curies":[{"name":"wp","href":"https:\/\/api.w.org\/{rel}","templated":true}]}}