{"id":9771,"date":"2025-08-31T00:19:53","date_gmt":"2025-08-31T00:19:53","guid":{"rendered":"https:\/\/www.enterpricecorp.com\/sitio\/?post_type=product&#038;p=9771"},"modified":"2025-08-31T00:19:53","modified_gmt":"2025-08-31T00:19:53","slug":"desfibrilador-dea-ion-lcd","status":"publish","type":"product","link":"https:\/\/www.enterpricecorp.com\/sitio\/producto\/desfibrilador-dea-ion-lcd\/","title":{"rendered":"Desfibrilador DEA ION LCD"},"content":{"rendered":"<p><strong>Accesorios incluidos: 1 Bateria no regargable, 1 set de Pads Adulto desechable, 1 kit de primeros auxilios que incluye 1 Estuche , 1 set de guantes desechables, 1 Tijeras de sutura 1 Mascara RCP No reutilizable, 1 cable USB, 1 Maletin de transporte, 1 CD con manual de operaciones<\/strong><\/p>\n<p><strong>Caracter\u00edsticas:<\/strong><\/p>\n<ul>\n<li>Pantalla LCD de 4,3\u201d.<\/li>\n<li>Equipo totalmente autom\u00e1tico.<\/li>\n<li>Basta con presionar el bot\u00f3n frontal \u00fanico y seguir las indicaciones mediante indicadores de voz y visuales.<\/li>\n<li>F\u00e1cil de usar.<\/li>\n<li>Permite a cualquier individuo sin entrenamiento realizar el cuidado de una v\u00edctima de paro cardiaco.<\/li>\n<li>Selecci\u00f3n autom\u00e1tica de pacientes seg\u00fan el tipo de parche (adulto o pedi\u00e1trico).<\/li>\n<li>Incluye malet\u00edn de transporte y Kit de Primeros auxilios.<\/li>\n<li>Descarga Bif\u00e1sica hasta 360 J.<\/li>\n<li>\u00cdndice de protecci\u00f3n IP56.<\/li>\n<li>Peso de solo 1,2 Kg.<\/li>\n<li>Autodiagn\u00f3stico de funciones y bater\u00eda.<\/li>\n<li>Software SoftDEA incluido para conexi\u00f3n de PC (v\u00eda USB).<\/li>\n<\/ul>\n<p>&nbsp;<\/p>\n","protected":false},"excerpt":{"rendered":"<p>Accesorios incluidos: 1 Bateria no regargable, 1 set de Pads Adulto desechable, 1 kit de primeros auxilios que incluye 1 Estuche , 1 set de guantes desechables, 1 Tijeras de sutura 1 Mascara RCP No reutilizable, 1 cable USB, 1 Maletin de transporte, 1 CD con manual de operaciones Caracter\u00edsticas: Pantalla LCD de 4,3\u201d. Equipo totalmente autom\u00e1tico. Basta con presionar el bot\u00f3n frontal \u00fanico y seguir las indicaciones mediante indicadores de voz y visuales. F\u00e1cil de usar. Permite a cualquier individuo sin entrenamiento realizar el cuidado de una v\u00edctima de paro cardiaco. Selecci\u00f3n autom\u00e1tica de pacientes seg\u00fan el tipo de parche (adulto o pedi\u00e1trico). Incluye malet\u00edn de transporte y Kit de Primeros auxilios. Descarga Bif\u00e1sica hasta 360 J. \u00cdndice de protecci\u00f3n IP56. Peso de solo 1,2 Kg. Autodiagn\u00f3stico de funciones y bater\u00eda. Software SoftDEA incluido para conexi\u00f3n de PC (v\u00eda USB). &nbsp;<\/p>\n","protected":false},"featured_media":9762,"comment_status":"open","ping_status":"closed","template":"","meta":[],"product_brand":[],"product_cat":[90],"product_tag":[66,155,160],"class_list":{"0":"post-9771","1":"product","2":"type-product","3":"status-publish","4":"has-post-thumbnail","6":"product_cat-desfibriladores","7":"product_tag-ambulancia","8":"product_tag-desfibriladores","9":"product_tag-linea-de-equipos","11":"first","12":"instock","13":"taxable","14":"shipping-taxable","15":"product-type-simple"},"_links":{"self":[{"href":"https:\/\/www.enterpricecorp.com\/sitio\/wp-json\/wp\/v2\/product\/9771","targetHints":{"allow":["GET"]}}],"collection":[{"href":"https:\/\/www.enterpricecorp.com\/sitio\/wp-json\/wp\/v2\/product"}],"about":[{"href":"https:\/\/www.enterpricecorp.com\/sitio\/wp-json\/wp\/v2\/types\/product"}],"replies":[{"embeddable":true,"href":"https:\/\/www.enterpricecorp.com\/sitio\/wp-json\/wp\/v2\/comments?post=9771"}],"version-history":[{"count":1,"href":"https:\/\/www.enterpricecorp.com\/sitio\/wp-json\/wp\/v2\/product\/9771\/revisions"}],"predecessor-version":[{"id":9774,"href":"https:\/\/www.enterpricecorp.com\/sitio\/wp-json\/wp\/v2\/product\/9771\/revisions\/9774"}],"wp:featuredmedia":[{"embeddable":true,"href":"https:\/\/www.enterpricecorp.com\/sitio\/wp-json\/wp\/v2\/media\/9762"}],"wp:attachment":[{"href":"https:\/\/www.enterpricecorp.com\/sitio\/wp-json\/wp\/v2\/media?parent=9771"}],"wp:term":[{"taxonomy":"product_brand","embeddable":true,"href":"https:\/\/www.enterpricecorp.com\/sitio\/wp-json\/wp\/v2\/product_brand?post=9771"},{"taxonomy":"product_cat","embeddable":true,"href":"https:\/\/www.enterpricecorp.com\/sitio\/wp-json\/wp\/v2\/product_cat?post=9771"},{"taxonomy":"product_tag","embeddable":true,"href":"https:\/\/www.enterpricecorp.com\/sitio\/wp-json\/wp\/v2\/product_tag?post=9771"}],"curies":[{"name":"wp","href":"https:\/\/api.w.org\/{rel}","templated":true}]}}