{"id":9769,"date":"2025-08-31T00:16:29","date_gmt":"2025-08-31T00:16:29","guid":{"rendered":"https:\/\/www.enterpricecorp.com\/sitio\/?post_type=product&#038;p=9769"},"modified":"2025-08-31T00:16:29","modified_gmt":"2025-08-31T00:16:29","slug":"desfibrilador-cardiomax-carro-de-paro","status":"publish","type":"product","link":"https:\/\/www.enterpricecorp.com\/sitio\/producto\/desfibrilador-cardiomax-carro-de-paro\/","title":{"rendered":"DESFIBRILADOR CARDIOMAX + CARRO DE PARO"},"content":{"rendered":"<div class=\"woocommerce-product-details__short-description\">\n<p><strong>Accesorios incluidos: 1 Bater\u00eda, 1 set de Palas Externas, 1 Cable ECG 5 leads, 1 set de electrodos desechables, 1 rollo de papel, 1 Cable AC, 1 unidad cable marcapaso<\/strong><\/p>\n<p><strong>Caracter\u00edsticas:<\/strong><\/p>\n<ul>\n<li>Carro de Paro.<\/li>\n<li>Desfibrilador Manual, Monitor ECG, Marcapasos Externo, DEA, Auto Secuencia.<\/li>\n<li>Ligero, peso 6,60 Kg<\/li>\n<li>Pantalla a color de 8.4\u201d.<\/li>\n<li>Tecnolog\u00eda de Prevenci\u00f3n de Muerte S\u00fabita (PMS) monitorizaci\u00f3n continua del paciente para detectar episodios de fibrilaci\u00f3n ventricular o taquicardia ventricular r\u00e1pida.<\/li>\n<li>Modo auto-secuencia: PL Configuraci\u00f3n de 3 cargas consecutivas sin necesidad de usar selector en la reanimaci\u00f3n.<\/li>\n<li>Energ\u00eda bif\u00e1sica entregada hasta 360 J.<\/li>\n<li>Incluye Impresora.<\/li>\n<\/ul>\n<\/div>\n","protected":false},"excerpt":{"rendered":"<p>Accesorios incluidos: 1 Bater\u00eda, 1 set de Palas Externas, 1 Cable ECG 5 leads, 1 set de electrodos desechables, 1 rollo de papel, 1 Cable AC, 1 unidad cable marcapaso Caracter\u00edsticas: Carro de Paro. Desfibrilador Manual, Monitor ECG, Marcapasos Externo, DEA, Auto Secuencia. Ligero, peso 6,60 Kg Pantalla a color de 8.4\u201d. Tecnolog\u00eda de Prevenci\u00f3n de Muerte S\u00fabita (PMS) monitorizaci\u00f3n continua del paciente para detectar episodios de fibrilaci\u00f3n ventricular o taquicardia ventricular r\u00e1pida. Modo auto-secuencia: PL Configuraci\u00f3n de 3 cargas consecutivas sin necesidad de usar selector en la reanimaci\u00f3n. Energ\u00eda bif\u00e1sica entregada hasta 360 J. Incluye Impresora.<\/p>\n","protected":false},"featured_media":9755,"comment_status":"open","ping_status":"closed","template":"","meta":[],"product_brand":[],"product_cat":[90],"product_tag":[71,155,160,69],"class_list":{"0":"post-9769","1":"product","2":"type-product","3":"status-publish","4":"has-post-thumbnail","6":"product_cat-desfibriladores","7":"product_tag-cirugia","8":"product_tag-desfibriladores","9":"product_tag-linea-de-equipos","10":"product_tag-uci-adultos","12":"first","13":"instock","14":"taxable","15":"shipping-taxable","16":"product-type-simple"},"_links":{"self":[{"href":"https:\/\/www.enterpricecorp.com\/sitio\/wp-json\/wp\/v2\/product\/9769","targetHints":{"allow":["GET"]}}],"collection":[{"href":"https:\/\/www.enterpricecorp.com\/sitio\/wp-json\/wp\/v2\/product"}],"about":[{"href":"https:\/\/www.enterpricecorp.com\/sitio\/wp-json\/wp\/v2\/types\/product"}],"replies":[{"embeddable":true,"href":"https:\/\/www.enterpricecorp.com\/sitio\/wp-json\/wp\/v2\/comments?post=9769"}],"version-history":[{"count":1,"href":"https:\/\/www.enterpricecorp.com\/sitio\/wp-json\/wp\/v2\/product\/9769\/revisions"}],"predecessor-version":[{"id":9770,"href":"https:\/\/www.enterpricecorp.com\/sitio\/wp-json\/wp\/v2\/product\/9769\/revisions\/9770"}],"wp:featuredmedia":[{"embeddable":true,"href":"https:\/\/www.enterpricecorp.com\/sitio\/wp-json\/wp\/v2\/media\/9755"}],"wp:attachment":[{"href":"https:\/\/www.enterpricecorp.com\/sitio\/wp-json\/wp\/v2\/media?parent=9769"}],"wp:term":[{"taxonomy":"product_brand","embeddable":true,"href":"https:\/\/www.enterpricecorp.com\/sitio\/wp-json\/wp\/v2\/product_brand?post=9769"},{"taxonomy":"product_cat","embeddable":true,"href":"https:\/\/www.enterpricecorp.com\/sitio\/wp-json\/wp\/v2\/product_cat?post=9769"},{"taxonomy":"product_tag","embeddable":true,"href":"https:\/\/www.enterpricecorp.com\/sitio\/wp-json\/wp\/v2\/product_tag?post=9769"}],"curies":[{"name":"wp","href":"https:\/\/api.w.org\/{rel}","templated":true}]}}