{"id":9737,"date":"2025-08-30T23:57:17","date_gmt":"2025-08-30T23:57:17","guid":{"rendered":"https:\/\/www.enterpricecorp.com\/sitio\/?post_type=product&#038;p=9737"},"modified":"2025-08-30T23:57:17","modified_gmt":"2025-08-30T23:57:17","slug":"ecografos-ax3","status":"publish","type":"product","link":"https:\/\/www.enterpricecorp.com\/sitio\/producto\/ecografos-ax3\/","title":{"rendered":"Ecografos AX3"},"content":{"rendered":"<p><strong>Caracter\u00edsticas:<\/strong><\/p>\n<ul>\n<li>Monitor grado medico LCD de 15.6\u2033 con alta resoluci\u00f3n y plegable hasta 180\u00b0.<\/li>\n<li>Pantalla t\u00e1ctil de 10.1\u2033 para operaci\u00f3n.<\/li>\n<li>Estructura ligera de aleaci\u00f3n de magnesio de 4.5 Kg.<\/li>\n<li>Doble Bater\u00eda para una autonom\u00eda por mas de 2 horas.<\/li>\n<li>Rapido inicio de 30s.<\/li>\n<li>2 Puertos activos para transductor.<\/li>\n<li>3 puertos USB 1 HDMI, 1 LAN.<\/li>\n<li>Almacenamiento en disco duro de 512 GB (opcional 1TB).<\/li>\n<li>DICOM 3.0.<\/li>\n<li>Elastrografia por comprensi\u00f3n (opcional).<\/li>\n<\/ul>\n","protected":false},"excerpt":{"rendered":"<p>Caracter\u00edsticas: Monitor grado medico LCD de 15.6\u2033 con alta resoluci\u00f3n y plegable hasta 180\u00b0. Pantalla t\u00e1ctil de 10.1\u2033 para operaci\u00f3n. Estructura ligera de aleaci\u00f3n de magnesio de 4.5 Kg. Doble Bater\u00eda para una autonom\u00eda por mas de 2 horas. Rapido inicio de 30s. 2 Puertos activos para transductor. 3 puertos USB 1 HDMI, 1 LAN. Almacenamiento en disco duro de 512 GB (opcional 1TB). DICOM 3.0. Elastrografia por comprensi\u00f3n (opcional).<\/p>\n","protected":false},"featured_media":9738,"comment_status":"open","ping_status":"closed","template":"","meta":[],"product_brand":[],"product_cat":[95],"product_tag":[159,110,160],"class_list":{"0":"post-9737","1":"product","2":"type-product","3":"status-publish","4":"has-post-thumbnail","6":"product_cat-ecografos","7":"product_tag-ecografos","8":"product_tag-ginecologia-y-obstetricia","9":"product_tag-linea-de-equipos","11":"first","12":"instock","13":"taxable","14":"shipping-taxable","15":"product-type-simple"},"_links":{"self":[{"href":"https:\/\/www.enterpricecorp.com\/sitio\/wp-json\/wp\/v2\/product\/9737","targetHints":{"allow":["GET"]}}],"collection":[{"href":"https:\/\/www.enterpricecorp.com\/sitio\/wp-json\/wp\/v2\/product"}],"about":[{"href":"https:\/\/www.enterpricecorp.com\/sitio\/wp-json\/wp\/v2\/types\/product"}],"replies":[{"embeddable":true,"href":"https:\/\/www.enterpricecorp.com\/sitio\/wp-json\/wp\/v2\/comments?post=9737"}],"version-history":[{"count":1,"href":"https:\/\/www.enterpricecorp.com\/sitio\/wp-json\/wp\/v2\/product\/9737\/revisions"}],"predecessor-version":[{"id":9740,"href":"https:\/\/www.enterpricecorp.com\/sitio\/wp-json\/wp\/v2\/product\/9737\/revisions\/9740"}],"wp:featuredmedia":[{"embeddable":true,"href":"https:\/\/www.enterpricecorp.com\/sitio\/wp-json\/wp\/v2\/media\/9738"}],"wp:attachment":[{"href":"https:\/\/www.enterpricecorp.com\/sitio\/wp-json\/wp\/v2\/media?parent=9737"}],"wp:term":[{"taxonomy":"product_brand","embeddable":true,"href":"https:\/\/www.enterpricecorp.com\/sitio\/wp-json\/wp\/v2\/product_brand?post=9737"},{"taxonomy":"product_cat","embeddable":true,"href":"https:\/\/www.enterpricecorp.com\/sitio\/wp-json\/wp\/v2\/product_cat?post=9737"},{"taxonomy":"product_tag","embeddable":true,"href":"https:\/\/www.enterpricecorp.com\/sitio\/wp-json\/wp\/v2\/product_tag?post=9737"}],"curies":[{"name":"wp","href":"https:\/\/api.w.org\/{rel}","templated":true}]}}