{"id":9726,"date":"2025-08-30T23:46:16","date_gmt":"2025-08-30T23:46:16","guid":{"rendered":"https:\/\/www.enterpricecorp.com\/sitio\/?post_type=product&#038;p=9726"},"modified":"2025-08-30T23:46:16","modified_gmt":"2025-08-30T23:46:16","slug":"monitor-fetal-f6-express","status":"publish","type":"product","link":"https:\/\/www.enterpricecorp.com\/sitio\/producto\/monitor-fetal-f6-express\/","title":{"rendered":"Monitor Fetal F6 Express"},"content":{"rendered":"<div class=\"woocommerce-product-details__short-description\">\n<p><strong>Caracter\u00edsticas:<\/strong><\/p>\n<ul>\n<li>Monitorizaci\u00f3n gemelar y materno.<\/li>\n<li>Pantalla LCD de 10.1 pulgadas, plegable.<\/li>\n<li>M\u00faltiples modos de pantalla: ondas, num\u00e9ricas y mixta.<\/li>\n<li>Detecci\u00f3n de movimiento fetal autom\u00e1tico.<\/li>\n<li>Bater\u00eda recargable de 4 Horas de trabajo continuo.<\/li>\n<li>Vista previa de tendencias.<\/li>\n<li>Memoria integrada para 60 horas de monitorizaci\u00f3n continua.<\/li>\n<li>Reproducci\u00f3n de onda hasta 24 horas.<\/li>\n<li>Transductor FHR de alta sensibilidad (1 MHZ) a prueba de agua.<\/li>\n<li>Configuraci\u00f3n r\u00e1pida y flujo de trabajo simplificado.<\/li>\n<li>Tecnolog\u00eda avanzada de detecci\u00f3n de FCF.<\/li>\n<li>Verificaci\u00f3n de superposici\u00f3n de se\u00f1ales para diferenciar gemelos.<\/li>\n<li>Indicador de calidad de la se\u00f1al FHR.<\/li>\n<li>Interface USB para la transmisi\u00f3n de datos.<\/li>\n<li>Impresora de alta resoluci\u00f3n.<\/li>\n<\/ul>\n<\/div>\n","protected":false},"excerpt":{"rendered":"<p>Caracter\u00edsticas: Monitorizaci\u00f3n gemelar y materno. Pantalla LCD de 10.1 pulgadas, plegable. M\u00faltiples modos de pantalla: ondas, num\u00e9ricas y mixta. Detecci\u00f3n de movimiento fetal autom\u00e1tico. Bater\u00eda recargable de 4 Horas de trabajo continuo. Vista previa de tendencias. Memoria integrada para 60 horas de monitorizaci\u00f3n continua. Reproducci\u00f3n de onda hasta 24 horas. Transductor FHR de alta sensibilidad (1 MHZ) a prueba de agua. Configuraci\u00f3n r\u00e1pida y flujo de trabajo simplificado. Tecnolog\u00eda avanzada de detecci\u00f3n de FCF. Verificaci\u00f3n de superposici\u00f3n de se\u00f1ales para diferenciar gemelos. Indicador de calidad de la se\u00f1al FHR. Interface USB para la transmisi\u00f3n de datos. Impresora de alta resoluci\u00f3n.<\/p>\n","protected":false},"featured_media":9727,"comment_status":"open","ping_status":"closed","template":"","meta":[],"product_brand":[],"product_cat":[97],"product_tag":[110,130],"class_list":{"0":"post-9726","1":"product","2":"type-product","3":"status-publish","4":"has-post-thumbnail","6":"product_cat-monitor-fetal","7":"product_tag-ginecologia-y-obstetricia","8":"product_tag-monitores-fetales","10":"first","11":"instock","12":"taxable","13":"shipping-taxable","14":"product-type-simple"},"_links":{"self":[{"href":"https:\/\/www.enterpricecorp.com\/sitio\/wp-json\/wp\/v2\/product\/9726","targetHints":{"allow":["GET"]}}],"collection":[{"href":"https:\/\/www.enterpricecorp.com\/sitio\/wp-json\/wp\/v2\/product"}],"about":[{"href":"https:\/\/www.enterpricecorp.com\/sitio\/wp-json\/wp\/v2\/types\/product"}],"replies":[{"embeddable":true,"href":"https:\/\/www.enterpricecorp.com\/sitio\/wp-json\/wp\/v2\/comments?post=9726"}],"version-history":[{"count":2,"href":"https:\/\/www.enterpricecorp.com\/sitio\/wp-json\/wp\/v2\/product\/9726\/revisions"}],"predecessor-version":[{"id":9730,"href":"https:\/\/www.enterpricecorp.com\/sitio\/wp-json\/wp\/v2\/product\/9726\/revisions\/9730"}],"wp:featuredmedia":[{"embeddable":true,"href":"https:\/\/www.enterpricecorp.com\/sitio\/wp-json\/wp\/v2\/media\/9727"}],"wp:attachment":[{"href":"https:\/\/www.enterpricecorp.com\/sitio\/wp-json\/wp\/v2\/media?parent=9726"}],"wp:term":[{"taxonomy":"product_brand","embeddable":true,"href":"https:\/\/www.enterpricecorp.com\/sitio\/wp-json\/wp\/v2\/product_brand?post=9726"},{"taxonomy":"product_cat","embeddable":true,"href":"https:\/\/www.enterpricecorp.com\/sitio\/wp-json\/wp\/v2\/product_cat?post=9726"},{"taxonomy":"product_tag","embeddable":true,"href":"https:\/\/www.enterpricecorp.com\/sitio\/wp-json\/wp\/v2\/product_tag?post=9726"}],"curies":[{"name":"wp","href":"https:\/\/api.w.org\/{rel}","templated":true}]}}