{"id":9718,"date":"2025-08-30T23:39:14","date_gmt":"2025-08-30T23:39:14","guid":{"rendered":"https:\/\/www.enterpricecorp.com\/sitio\/?post_type=product&#038;p=9718"},"modified":"2025-10-10T01:21:27","modified_gmt":"2025-10-10T01:21:27","slug":"monitor-fetal-f15-air","status":"publish","type":"product","link":"https:\/\/www.enterpricecorp.com\/sitio\/producto\/monitor-fetal-f15-air\/","title":{"rendered":"Monitor Fetal F15 Air"},"content":{"rendered":"<p><strong>Caracter\u00edsticas:<\/strong><\/p>\n<ul>\n<li>Monitor materno fetal.<\/li>\n<li>Monitorizaci\u00f3n gemelar.<\/li>\n<li>Pantalla LCD t\u00e1ctil de 15,6\u201d a color plegable.<\/li>\n<li>M\u00faltiples modos de pantalla: ondas, num\u00e9ricas y mixta.<\/li>\n<li>Detecci\u00f3n de movimiento fetal autom\u00e1tico y manual.<\/li>\n<li>Transductores inal\u00e1mbricos con protecci\u00f3n IP68 contra agua y polvo.<\/li>\n<li>Impresora de alta resoluci\u00f3n.<\/li>\n<\/ul>\n","protected":false},"excerpt":{"rendered":"<p>Caracter\u00edsticas: Monitor materno fetal. Monitorizaci\u00f3n gemelar. Pantalla LCD t\u00e1ctil de 15,6\u201d a color plegable. M\u00faltiples modos de pantalla: ondas, num\u00e9ricas y mixta. Detecci\u00f3n de movimiento fetal autom\u00e1tico y manual. Transductores inal\u00e1mbricos con protecci\u00f3n IP68 contra agua y polvo. Impresora de alta resoluci\u00f3n.<\/p>\n","protected":false},"featured_media":9719,"comment_status":"open","ping_status":"closed","template":"","meta":[],"product_brand":[],"product_cat":[271,97],"product_tag":[110,130],"class_list":{"0":"post-9718","1":"product","2":"type-product","3":"status-publish","4":"has-post-thumbnail","6":"product_cat-capacitacion","7":"product_cat-monitor-fetal","8":"product_tag-ginecologia-y-obstetricia","9":"product_tag-monitores-fetales","11":"first","12":"instock","13":"taxable","14":"shipping-taxable","15":"product-type-simple"},"_links":{"self":[{"href":"https:\/\/www.enterpricecorp.com\/sitio\/wp-json\/wp\/v2\/product\/9718","targetHints":{"allow":["GET"]}}],"collection":[{"href":"https:\/\/www.enterpricecorp.com\/sitio\/wp-json\/wp\/v2\/product"}],"about":[{"href":"https:\/\/www.enterpricecorp.com\/sitio\/wp-json\/wp\/v2\/types\/product"}],"replies":[{"embeddable":true,"href":"https:\/\/www.enterpricecorp.com\/sitio\/wp-json\/wp\/v2\/comments?post=9718"}],"version-history":[{"count":1,"href":"https:\/\/www.enterpricecorp.com\/sitio\/wp-json\/wp\/v2\/product\/9718\/revisions"}],"predecessor-version":[{"id":9721,"href":"https:\/\/www.enterpricecorp.com\/sitio\/wp-json\/wp\/v2\/product\/9718\/revisions\/9721"}],"wp:featuredmedia":[{"embeddable":true,"href":"https:\/\/www.enterpricecorp.com\/sitio\/wp-json\/wp\/v2\/media\/9719"}],"wp:attachment":[{"href":"https:\/\/www.enterpricecorp.com\/sitio\/wp-json\/wp\/v2\/media?parent=9718"}],"wp:term":[{"taxonomy":"product_brand","embeddable":true,"href":"https:\/\/www.enterpricecorp.com\/sitio\/wp-json\/wp\/v2\/product_brand?post=9718"},{"taxonomy":"product_cat","embeddable":true,"href":"https:\/\/www.enterpricecorp.com\/sitio\/wp-json\/wp\/v2\/product_cat?post=9718"},{"taxonomy":"product_tag","embeddable":true,"href":"https:\/\/www.enterpricecorp.com\/sitio\/wp-json\/wp\/v2\/product_tag?post=9718"}],"curies":[{"name":"wp","href":"https:\/\/api.w.org\/{rel}","templated":true}]}}