{"id":9618,"date":"2025-08-30T21:46:35","date_gmt":"2025-08-30T21:46:35","guid":{"rendered":"https:\/\/www.enterpricecorp.com\/sitio\/?post_type=product&#038;p=9618"},"modified":"2025-08-30T21:46:35","modified_gmt":"2025-08-30T21:46:35","slug":"set-de-parto-urologia-benq-5600sk","status":"publish","type":"product","link":"https:\/\/www.enterpricecorp.com\/sitio\/producto\/set-de-parto-urologia-benq-5600sk\/","title":{"rendered":"Set de parto \/ urolog\u00eda BENQ 5600SK"},"content":{"rendered":"<ul>\n<li>Set de parto \/ urolog\u00eda BENQ 5600S<\/li>\n<li>Est\u00e1 compuesto por tres piezas:<\/li>\n<li>Set de bandeja drenaje urolog\u00eda<\/li>\n<li>Manguera<\/li>\n<li>Recipiente para contaminantes<\/li>\n<\/ul>\n","protected":false},"excerpt":{"rendered":"<p>Set de parto \/ urolog\u00eda BENQ 5600S Est\u00e1 compuesto por tres piezas: Set de bandeja drenaje urolog\u00eda Manguera Recipiente para contaminantes<\/p>\n","protected":false},"featured_media":9619,"comment_status":"open","ping_status":"closed","template":"","meta":[],"product_brand":[],"product_cat":[131],"product_tag":[123,134],"class_list":{"0":"post-9618","1":"product","2":"type-product","3":"status-publish","4":"has-post-thumbnail","6":"product_cat-mesa-de-cirugia","7":"product_tag-accesorios","8":"product_tag-set-de-parto","10":"first","11":"instock","12":"taxable","13":"shipping-taxable","14":"product-type-simple"},"_links":{"self":[{"href":"https:\/\/www.enterpricecorp.com\/sitio\/wp-json\/wp\/v2\/product\/9618","targetHints":{"allow":["GET"]}}],"collection":[{"href":"https:\/\/www.enterpricecorp.com\/sitio\/wp-json\/wp\/v2\/product"}],"about":[{"href":"https:\/\/www.enterpricecorp.com\/sitio\/wp-json\/wp\/v2\/types\/product"}],"replies":[{"embeddable":true,"href":"https:\/\/www.enterpricecorp.com\/sitio\/wp-json\/wp\/v2\/comments?post=9618"}],"version-history":[{"count":1,"href":"https:\/\/www.enterpricecorp.com\/sitio\/wp-json\/wp\/v2\/product\/9618\/revisions"}],"predecessor-version":[{"id":9620,"href":"https:\/\/www.enterpricecorp.com\/sitio\/wp-json\/wp\/v2\/product\/9618\/revisions\/9620"}],"wp:featuredmedia":[{"embeddable":true,"href":"https:\/\/www.enterpricecorp.com\/sitio\/wp-json\/wp\/v2\/media\/9619"}],"wp:attachment":[{"href":"https:\/\/www.enterpricecorp.com\/sitio\/wp-json\/wp\/v2\/media?parent=9618"}],"wp:term":[{"taxonomy":"product_brand","embeddable":true,"href":"https:\/\/www.enterpricecorp.com\/sitio\/wp-json\/wp\/v2\/product_brand?post=9618"},{"taxonomy":"product_cat","embeddable":true,"href":"https:\/\/www.enterpricecorp.com\/sitio\/wp-json\/wp\/v2\/product_cat?post=9618"},{"taxonomy":"product_tag","embeddable":true,"href":"https:\/\/www.enterpricecorp.com\/sitio\/wp-json\/wp\/v2\/product_tag?post=9618"}],"curies":[{"name":"wp","href":"https:\/\/api.w.org\/{rel}","templated":true}]}}