{"id":9459,"date":"2025-08-29T02:44:20","date_gmt":"2025-08-29T02:44:20","guid":{"rendered":"https:\/\/www.enterpricecorp.com\/sitio\/?post_type=product&#038;p=9459"},"modified":"2025-10-10T01:24:43","modified_gmt":"2025-10-10T01:24:43","slug":"contec-cms9000","status":"publish","type":"product","link":"https:\/\/www.enterpricecorp.com\/sitio\/producto\/contec-cms9000\/","title":{"rendered":"CONTEC CMS9000"},"content":{"rendered":"<h2>Accesorios<\/h2>\n<p>la punta del dedo de adulto sonda SpO2 (5-pin)<br \/>\nadulto NIBP manguito<br \/>\ntubo de extensi\u00f3n NIBP<br \/>\nde ECG cable<br \/>\nECG electrodo de<br \/>\nla sonda de temperatura<br \/>\ndel cable de alimentaci\u00f3n<br \/>\nde usuario Manual<\/p>\n<h2>Caracter\u00edsticas<\/h2>\n<p>1) 12.1 \u00bb TFT LCD a color, interfaz de 15 idiomas (chino simplificado, chino tradicional, ingl\u00e9s, franc\u00e9s, alem\u00e1n, turco, espa\u00f1ol, portugu\u00e9s, italiano, holand\u00e9s, rumano, ruso, Kazajst\u00e1n, polaco, checo).<br \/>\n2) Dise\u00f1o sin ventilador, silencioso, ahorro de energ\u00eda y limpio, lo que reduce la posibilidad de infecci\u00f3n cruzada.<br \/>\n3) Monitor integral para adultos, pedi\u00e1tricos y neonatos.<br \/>\n4) Con interfaz est\u00e1ndar, OxyCRG, chard de tendencia, interfaz de caracteres grandes y cama de visualizaci\u00f3n, conveniente para observar.<br \/>\n5) La forma de onda, el color del par\u00e1metro y la ubicaci\u00f3n pueden configurarse opcionalmente.<br \/>\n6) Modo de operaci\u00f3n: teclas y botones.<br \/>\n7) Muestra la forma de onda de hasta 8 canales en una pantalla.<br \/>\n8) Visualice la forma de onda de ECG de 7 derivaciones en una pantalla y con la funci\u00f3n de paso de ECG.<br \/>\n9) Adopte la tecnolog\u00eda digital de SpO2, la interferencia de la luz anti-movimiento y anti-ambiente, y la medici\u00f3n puede realizarse bajo la circunstancia de un llenado d\u00e9bil.<br \/>\n10) Funci\u00f3n de an\u00e1lisis HRV.<br \/>\n11) Modo de medici\u00f3n NIBP: Manual \/ AUTO \/ Continuo, almacenamiento para datos NIBP de 4800 grupos.<br \/>\n12) Revise si hay 71 eventos de alarma de todos los par\u00e1metros y 60 eventos de alarma de arritmia.<br \/>\n13) C\u00e1lculo de la concentraci\u00f3n del f\u00e1rmaco y funciones de la tabla de valoraci\u00f3n.<br \/>\n14) Imprimir datos de la tabla de tendencias con una sola tecla.<br \/>\n15) Conectarse al Sistema de Monitoreo Central por 3G, WiFi o en modo cableado.<br \/>\n16) AC \/ DC, bater\u00eda de litio recargable incorporada para lograr un monitoreo ininterrumpido.<br \/>\n17) Unidad quir\u00fargica anti-alta frecuencia, a prueba de desfibrilaci\u00f3n (son necesarios cables especiales).\u00a0Modo de derivaci\u00f3n de\u00a0ECG<\/p>\n","protected":false},"excerpt":{"rendered":"<div id=\"tab-description\" class=\"woocommerce-Tabs-panel woocommerce-Tabs-panel--description panel entry-content wc-tab\" role=\"tabpanel\" aria-labelledby=\"tab-title-description\">\n<div class=\"row\">\n<div class=\"col-md-12\">\n<p class=\"entry-subtitle\"><strong>CONTEC CMS9000<\/strong> monitor de paciente multiparam\u00e9trico port\u00e1til de 15 idiomas<\/p>\n<\/div>\n<\/div>\n<div class=\"row\">\n<div class=\"col-md-12\">\n<div class=\"row\">\n<h2>Introducci\u00f3n<\/h2>\n<p>Este dispositivo puede monitorear par\u00e1metros tales como ECG, RESP, SpO2, PR, NIBP y TEMP de doble canal, etc. Integra el m\u00f3dulo de medici\u00f3n de par\u00e1metros, la pantalla y el registrador en un dispositivo para formar un equipo compacto y port\u00e1til.\u00a0Al mismo tiempo, su bater\u00eda reemplazable incorporada brinda comodidad para el traslado del paciente.<\/p>\n<h2>Funciones<\/h2>\n<p>Par\u00e1metros est\u00e1ndar: ECG, RESP, SpO2, PR, PNI, TEMP de doble canal<br \/>\n1) ECG Frecuencia card\u00edaca (HR)<br \/>\nForma de onda de ECG<br \/>\nArritmia y an\u00e1lisis del segmento ST<br \/>\n2) RESP Tasa de respiraci\u00f3n (RR)<br \/>\nForma de onda de respiraci\u00f3n<br \/>\n3) SpO2 Pulso saturaci\u00f3n de ox\u00edgeno (SpO2)<br \/>\nPletismograma (PLETH) Forma de onda<br \/>\nTasa de pulso (PR)<br \/>\nGr\u00e1fico de barras<br \/>\n4) NIBP Presi\u00f3n sist\u00f3lica (SYS), Presi\u00f3n diast\u00f3lica (DIA), Presi\u00f3n media (MEAN)<br \/>\n5) TEMP T1, T2, TD<br \/>\nTiene funciones abundantes, como alarma audible y visual, almacenamiento y salida de datos de tendencias, medici\u00f3n de PNI, alarma marcado de eventos y c\u00e1lculo de concentraci\u00f3n de drogas, etc.<\/p>\n<h2>Rendimiento<\/h2>\n<p>selecci\u00f3n de derivaci\u00f3n de 3 derivaciones o de 5 derivaciones\u00a0: I, II, III, aVR, aVL, aVF, V\u00a0Forma de onda: 5 derivaciones, 2 canales de\u00a03 derivaciones, 1 canal de\u00a0ganancia: 2,5 mm \/ mV , 5.0 mm \/ mV, 10 mm \/ mV, 20 mm \/ mV, 40 mm \/ mV\u00a0Velocidad de escaneo: 12.5 mm \/ s, 25 mm \/ s, 50 mm \/ s\u00a0HR:\u00a0rango de medici\u00f3n y alarma: 15 ~ 350 bpm\u00a0Precisi\u00f3n: \u00b1 1% o \u00b1 1bpm, lo que sea mayor\u00a0Precisi\u00f3n de la alarma: \u00b1 2 bpm\u00a0Resoluci\u00f3n: 1 bpm\u00a0Monitoreo del segmento ST:Rango de medici\u00f3n y alarma: -2.0mV ~ + 2.0mV<\/p>\n<p>Precisi\u00f3n: -0.8mv ~ + 0.8mv \u00b1 0.04mv o \u00b1 10%, lo que sea mayor<br \/>\nOtro rango: no especificado<br \/>\nAn\u00e1lisis de arritmias: ASYSTOLE, VFIB \/ VTAC, COUPLET, BIGEMINY, TRIGEMINY , R ON T, VT&gt; 2, PVC, TACHY, BRADY, FALTAS PERDIDAS, PNP, PNC<br \/>\nMarcapasos: s\u00ed\u00a0M\u00e9todo de<br \/>\nRESPIRACI\u00d3N<br \/>\n: RF (RA-LL) Impedancia de<br \/>\nrespiraci\u00f3n:<br \/>\nMedici\u00f3n y rango de alarma: 0 ~ 150rpm<br \/>\nResoluci\u00f3n: 1 rpm<br \/>\nMedici\u00f3n precisi\u00f3n: \u00b1 2 rpm<br \/>\nAlarma precisi\u00f3n: \u00b1 3 rpm<br \/>\nAlarma de apnea: 10 ~ 40s<br \/>\nVelocidad de escaneo: 6,25 mm \/ s, 12,5 mm \/ s, 25 mm \/ s\u00a0M\u00e9todo<br \/>\nNIBP<br \/>\n: Oscilometr\u00eda<br \/>\nModo: Manual \/ AUTO \/ Continuo<br \/>\nIntervalo de medici\u00f3n en modo AUTO: 1\/2\/3\/4\/5\/10\/15\/30\/60\/90\/120\/240\/480\/960 minutos<br \/>\nPer\u00edodo de medici\u00f3n en modo continuo: 5 minutos<br \/>\nAlcance de medici\u00f3n y alarma: 10 ~ 270<br \/>\nResoluci\u00f3n\u00a0mmHg\u00a0: 1 mmHg<br \/>\nPrecisi\u00f3n de la presi\u00f3n del brazalete: \u00b1 3 mmHg<br \/>\nPrecisi\u00f3n de la medici\u00f3n:<br \/>\nDesviaci\u00f3n media m\u00e1xima: \u00b1 5 mmHg<br \/>\nDesviaci\u00f3n est\u00e1ndar m\u00e1xima\u00a0: 8 mmHg\u00a0Protecci\u00f3n<br \/>\ncontra sobrepresi\u00f3n:<br \/>\nModo adulto: 297 \u00b1 3 mmHg<br \/>\nModo pedi\u00e1trico: 240 \u00b1 3 mmHg<br \/>\nModo neonatal: 147 \u00b1 3 mmHg<br \/>\nSpO2<br \/>\nRango de medici\u00f3n y alarma: 0 ~ 100%<br \/>\nResoluci\u00f3n: 1%<br \/>\nPrecisi\u00f3n de la medici\u00f3n: 70% ~ 100%: \u00b1 2%;<br \/>\n0% ~ 69%:<br \/>\nPR\u00a0no especificado<br \/>\nMedida y rango de alarma: 30 ~ 250 lpm<br \/>\nPrecisi\u00f3n de la medici\u00f3n: \u00b1 2 lpm o \u00b1 2%, lo que sea mayor<br \/>\nTEMP<br \/>\nCanal: canal doble<br \/>\nRango de medici\u00f3n y alarma: 0 ~ 50 \u2103<br \/>\nResoluci\u00f3n: 0.1 \u2103<br \/>\nPrecisi\u00f3n: \u00b1 0.1 \u2103\u00a0M\u00e9todo<br \/>\nEtCO2<br \/>\n: Secuencia lateral o corriente principal<br \/>\nRango de medici\u00f3n para CO2: 0 ~ 150 mmHg<br \/>\nResoluci\u00f3n para CO2:<br \/>\n0 ~ 69 mmHg: 0,1 mmHg<br \/>\n70 ~ 150 mmHg: 0,25 mmHg<br \/>\nPrecisi\u00f3n para CO2:<br \/>\n0 ~ 40 mmHg: \u00b1 2 mmHg<br \/>\n41 ~ 70 mmHg: \u00b1 5%<br \/>\n71 ~ 100 mmHg: \u00b1 8%<br \/>\n101 ~ 150 mmHg: \u00b1 10%<br \/>\nRango AwRR: 2 ~ 150 rpm<br \/>\nPrecisi\u00f3n AwRR: \u00b1 1 rpm<br \/>\nAlarma de apnea: s\u00ed<br \/>\nIBP<br \/>\nCanal: doble canal<br \/>\nEtiqueta: ART, PA, CVP, RAP, LAP, ICP, P1, P2<br \/>\nRango de medici\u00f3n y alarma: -10 ~ 300 mmHg<br \/>\nResoluci\u00f3n: 1 mmHg<br \/>\nPrecisi\u00f3n: \u00b1 2% o 1mmHg, lo que sea mayor<br \/>\nFuente de alimentaci\u00f3n: CA 100-240V, 50 \/ 60Hz<br \/>\nClasificaci\u00f3n de seguridad: Clase I, tipo de pieza a prueba de desfibrilaci\u00f3n CF<\/p>\n<\/div>\n<\/div>\n<\/div>\n<\/div>\n","protected":false},"featured_media":9460,"comment_status":"open","ping_status":"closed","template":"","meta":[],"product_brand":[],"product_cat":[271,89],"product_tag":[117],"class_list":{"0":"post-9459","1":"product","2":"type-product","3":"status-publish","4":"has-post-thumbnail","6":"product_cat-capacitacion","7":"product_cat-monitor-de-paciente","8":"product_tag-monito-paciente","10":"first","11":"instock","12":"taxable","13":"shipping-taxable","14":"purchasable","15":"product-type-simple"},"_links":{"self":[{"href":"https:\/\/www.enterpricecorp.com\/sitio\/wp-json\/wp\/v2\/product\/9459","targetHints":{"allow":["GET"]}}],"collection":[{"href":"https:\/\/www.enterpricecorp.com\/sitio\/wp-json\/wp\/v2\/product"}],"about":[{"href":"https:\/\/www.enterpricecorp.com\/sitio\/wp-json\/wp\/v2\/types\/product"}],"replies":[{"embeddable":true,"href":"https:\/\/www.enterpricecorp.com\/sitio\/wp-json\/wp\/v2\/comments?post=9459"}],"version-history":[{"count":3,"href":"https:\/\/www.enterpricecorp.com\/sitio\/wp-json\/wp\/v2\/product\/9459\/revisions"}],"predecessor-version":[{"id":9463,"href":"https:\/\/www.enterpricecorp.com\/sitio\/wp-json\/wp\/v2\/product\/9459\/revisions\/9463"}],"wp:featuredmedia":[{"embeddable":true,"href":"https:\/\/www.enterpricecorp.com\/sitio\/wp-json\/wp\/v2\/media\/9460"}],"wp:attachment":[{"href":"https:\/\/www.enterpricecorp.com\/sitio\/wp-json\/wp\/v2\/media?parent=9459"}],"wp:term":[{"taxonomy":"product_brand","embeddable":true,"href":"https:\/\/www.enterpricecorp.com\/sitio\/wp-json\/wp\/v2\/product_brand?post=9459"},{"taxonomy":"product_cat","embeddable":true,"href":"https:\/\/www.enterpricecorp.com\/sitio\/wp-json\/wp\/v2\/product_cat?post=9459"},{"taxonomy":"product_tag","embeddable":true,"href":"https:\/\/www.enterpricecorp.com\/sitio\/wp-json\/wp\/v2\/product_tag?post=9459"}],"curies":[{"name":"wp","href":"https:\/\/api.w.org\/{rel}","templated":true}]}}