{"id":9433,"date":"2025-08-28T20:54:19","date_gmt":"2025-08-28T20:54:19","guid":{"rendered":"https:\/\/www.enterpricecorp.com\/sitio\/?post_type=product&#038;p=9433"},"modified":"2025-08-28T20:54:19","modified_gmt":"2025-08-28T20:54:19","slug":"lampara-cielitica-trilite-ls-800-750","status":"publish","type":"product","link":"https:\/\/www.enterpricecorp.com\/sitio\/producto\/lampara-cielitica-trilite-ls-800-750\/","title":{"rendered":"L\u00e1mpara Cielitica Trilite LS 800 \u2013 750"},"content":{"rendered":"","protected":false},"excerpt":{"rendered":"<p><strong>Caracter\u00edsticas:<\/strong><\/p>\n<ul>\n<li>Luminancia de 160.000\/ 120.000 lux por sat\u00e9lite<\/li>\n<li>Sistema de control digital en cada sat\u00e9lite<\/li>\n<li>Luz Fr\u00eda<\/li>\n<li>Sistema de control digital en cada uno de los sat\u00e9lites.<\/li>\n<li>Ajuste manual del enfoque de luz.<\/li>\n<li>Mango esterilizable por sat\u00e9lite.<\/li>\n<li>Bajo consumo de energ\u00eda (135W).<\/li>\n<li>Luz blanca, ya que cuenta con una temperatura de color de 4.300K.<\/li>\n<li>\u00cdndice de reproducci\u00f3n crom\u00e1tica (RA) de 97.<\/li>\n<\/ul>\n","protected":false},"featured_media":9434,"comment_status":"open","ping_status":"closed","template":"","meta":[],"product_brand":[],"product_cat":[106],"product_tag":[71,113],"class_list":{"0":"post-9433","1":"product","2":"type-product","3":"status-publish","4":"has-post-thumbnail","6":"product_cat-lamparas-de-cirugia","7":"product_tag-cirugia","8":"product_tag-lamparas","10":"first","11":"instock","12":"taxable","13":"shipping-taxable","14":"product-type-simple"},"_links":{"self":[{"href":"https:\/\/www.enterpricecorp.com\/sitio\/wp-json\/wp\/v2\/product\/9433","targetHints":{"allow":["GET"]}}],"collection":[{"href":"https:\/\/www.enterpricecorp.com\/sitio\/wp-json\/wp\/v2\/product"}],"about":[{"href":"https:\/\/www.enterpricecorp.com\/sitio\/wp-json\/wp\/v2\/types\/product"}],"replies":[{"embeddable":true,"href":"https:\/\/www.enterpricecorp.com\/sitio\/wp-json\/wp\/v2\/comments?post=9433"}],"version-history":[{"count":1,"href":"https:\/\/www.enterpricecorp.com\/sitio\/wp-json\/wp\/v2\/product\/9433\/revisions"}],"predecessor-version":[{"id":9435,"href":"https:\/\/www.enterpricecorp.com\/sitio\/wp-json\/wp\/v2\/product\/9433\/revisions\/9435"}],"wp:featuredmedia":[{"embeddable":true,"href":"https:\/\/www.enterpricecorp.com\/sitio\/wp-json\/wp\/v2\/media\/9434"}],"wp:attachment":[{"href":"https:\/\/www.enterpricecorp.com\/sitio\/wp-json\/wp\/v2\/media?parent=9433"}],"wp:term":[{"taxonomy":"product_brand","embeddable":true,"href":"https:\/\/www.enterpricecorp.com\/sitio\/wp-json\/wp\/v2\/product_brand?post=9433"},{"taxonomy":"product_cat","embeddable":true,"href":"https:\/\/www.enterpricecorp.com\/sitio\/wp-json\/wp\/v2\/product_cat?post=9433"},{"taxonomy":"product_tag","embeddable":true,"href":"https:\/\/www.enterpricecorp.com\/sitio\/wp-json\/wp\/v2\/product_tag?post=9433"}],"curies":[{"name":"wp","href":"https:\/\/api.w.org\/{rel}","templated":true}]}}