{"id":9430,"date":"2025-08-28T20:51:21","date_gmt":"2025-08-28T20:51:21","guid":{"rendered":"https:\/\/www.enterpricecorp.com\/sitio\/?post_type=product&#038;p=9430"},"modified":"2025-08-28T20:51:21","modified_gmt":"2025-08-28T20:51:21","slug":"lampara-pielitica-trilite-ls800-500b","status":"publish","type":"product","link":"https:\/\/www.enterpricecorp.com\/sitio\/producto\/lampara-pielitica-trilite-ls800-500b\/","title":{"rendered":"L\u00e1mpara Pielitica Trilite LS800 \u2013 500B"},"content":{"rendered":"","protected":false},"excerpt":{"rendered":"<p><strong>Caracter\u00edsticas:<\/strong><\/p>\n<ul>\n<li>L\u00e1mpara quir\u00fargica m\u00f3vil.<\/li>\n<li>1 Sat\u00e9lite con luminancia de 120.000 lux.<\/li>\n<li>Sistema de control digital en el sat\u00e9lite.<\/li>\n<li>Ajuste manual del enfoque de luz.<\/li>\n<li>4 Ruedas con frenos individuales.<\/li>\n<li>Mango esterilizable por sat\u00e9lite.<\/li>\n<li>Bajo consumo de energ\u00eda (100W).<\/li>\n<\/ul>\n","protected":false},"featured_media":9431,"comment_status":"open","ping_status":"closed","template":"","meta":[],"product_brand":[],"product_cat":[106],"product_tag":[71,113],"class_list":{"0":"post-9430","1":"product","2":"type-product","3":"status-publish","4":"has-post-thumbnail","6":"product_cat-lamparas-de-cirugia","7":"product_tag-cirugia","8":"product_tag-lamparas","10":"first","11":"instock","12":"taxable","13":"shipping-taxable","14":"product-type-simple"},"_links":{"self":[{"href":"https:\/\/www.enterpricecorp.com\/sitio\/wp-json\/wp\/v2\/product\/9430","targetHints":{"allow":["GET"]}}],"collection":[{"href":"https:\/\/www.enterpricecorp.com\/sitio\/wp-json\/wp\/v2\/product"}],"about":[{"href":"https:\/\/www.enterpricecorp.com\/sitio\/wp-json\/wp\/v2\/types\/product"}],"replies":[{"embeddable":true,"href":"https:\/\/www.enterpricecorp.com\/sitio\/wp-json\/wp\/v2\/comments?post=9430"}],"version-history":[{"count":1,"href":"https:\/\/www.enterpricecorp.com\/sitio\/wp-json\/wp\/v2\/product\/9430\/revisions"}],"predecessor-version":[{"id":9432,"href":"https:\/\/www.enterpricecorp.com\/sitio\/wp-json\/wp\/v2\/product\/9430\/revisions\/9432"}],"wp:featuredmedia":[{"embeddable":true,"href":"https:\/\/www.enterpricecorp.com\/sitio\/wp-json\/wp\/v2\/media\/9431"}],"wp:attachment":[{"href":"https:\/\/www.enterpricecorp.com\/sitio\/wp-json\/wp\/v2\/media?parent=9430"}],"wp:term":[{"taxonomy":"product_brand","embeddable":true,"href":"https:\/\/www.enterpricecorp.com\/sitio\/wp-json\/wp\/v2\/product_brand?post=9430"},{"taxonomy":"product_cat","embeddable":true,"href":"https:\/\/www.enterpricecorp.com\/sitio\/wp-json\/wp\/v2\/product_cat?post=9430"},{"taxonomy":"product_tag","embeddable":true,"href":"https:\/\/www.enterpricecorp.com\/sitio\/wp-json\/wp\/v2\/product_tag?post=9430"}],"curies":[{"name":"wp","href":"https:\/\/api.w.org\/{rel}","templated":true}]}}