{"id":9413,"date":"2025-08-28T20:34:59","date_gmt":"2025-08-28T20:34:59","guid":{"rendered":"https:\/\/www.enterpricecorp.com\/sitio\/?post_type=product&#038;p=9413"},"modified":"2025-08-28T20:42:11","modified_gmt":"2025-08-28T20:42:11","slug":"unidad-portatil-de-absorcion-de-flema-sxt-5a","status":"publish","type":"product","link":"https:\/\/www.enterpricecorp.com\/sitio\/producto\/unidad-portatil-de-absorcion-de-flema-sxt-5a\/","title":{"rendered":"Unidad Port\u00e1til de Absorci\u00f3n de flema SXT-5A"},"content":{"rendered":"","protected":false},"excerpt":{"rendered":"<p><strong>Caracter\u00edsticas:<\/strong><\/p>\n<ul>\n<li>Alto vac\u00edo, alto flujo, buen rendimiento.<\/li>\n<li>Posee protecci\u00f3n de sobreflujo.<\/li>\n<li>Material pl\u00e1stico transparente autoclavable.<\/li>\n<li>Capacidad del recipiente: 1000mLtr.<\/li>\n<li>Peso:Peso Neto: 4.0 Kg.<\/li>\n<li>Accesorios Incluidos: Recipiente de secreciones, Filtro, Manguera de succi\u00f3n, Manual de usuario<\/li>\n<\/ul>\n","protected":false},"featured_media":9414,"comment_status":"open","ping_status":"closed","template":"","meta":[],"product_brand":[],"product_cat":[60],"product_tag":[71,109],"class_list":{"0":"post-9413","1":"product","2":"type-product","3":"status-publish","4":"has-post-thumbnail","6":"product_cat-succionadores","7":"product_tag-cirugia","8":"product_tag-succionadores","10":"first","11":"instock","12":"taxable","13":"shipping-taxable","14":"product-type-simple"},"_links":{"self":[{"href":"https:\/\/www.enterpricecorp.com\/sitio\/wp-json\/wp\/v2\/product\/9413","targetHints":{"allow":["GET"]}}],"collection":[{"href":"https:\/\/www.enterpricecorp.com\/sitio\/wp-json\/wp\/v2\/product"}],"about":[{"href":"https:\/\/www.enterpricecorp.com\/sitio\/wp-json\/wp\/v2\/types\/product"}],"replies":[{"embeddable":true,"href":"https:\/\/www.enterpricecorp.com\/sitio\/wp-json\/wp\/v2\/comments?post=9413"}],"version-history":[{"count":2,"href":"https:\/\/www.enterpricecorp.com\/sitio\/wp-json\/wp\/v2\/product\/9413\/revisions"}],"predecessor-version":[{"id":9416,"href":"https:\/\/www.enterpricecorp.com\/sitio\/wp-json\/wp\/v2\/product\/9413\/revisions\/9416"}],"wp:featuredmedia":[{"embeddable":true,"href":"https:\/\/www.enterpricecorp.com\/sitio\/wp-json\/wp\/v2\/media\/9414"}],"wp:attachment":[{"href":"https:\/\/www.enterpricecorp.com\/sitio\/wp-json\/wp\/v2\/media?parent=9413"}],"wp:term":[{"taxonomy":"product_brand","embeddable":true,"href":"https:\/\/www.enterpricecorp.com\/sitio\/wp-json\/wp\/v2\/product_brand?post=9413"},{"taxonomy":"product_cat","embeddable":true,"href":"https:\/\/www.enterpricecorp.com\/sitio\/wp-json\/wp\/v2\/product_cat?post=9413"},{"taxonomy":"product_tag","embeddable":true,"href":"https:\/\/www.enterpricecorp.com\/sitio\/wp-json\/wp\/v2\/product_tag?post=9413"}],"curies":[{"name":"wp","href":"https:\/\/api.w.org\/{rel}","templated":true}]}}