{"id":10781,"date":"2025-09-02T16:12:19","date_gmt":"2025-09-02T16:12:19","guid":{"rendered":"https:\/\/www.enterpricecorp.com\/sitio\/?post_type=product&#038;p=10781"},"modified":"2025-09-02T16:12:30","modified_gmt":"2025-09-02T16:12:30","slug":"desfibrilador-kit-dea-ion-basic-gabinete","status":"publish","type":"product","link":"https:\/\/www.enterpricecorp.com\/sitio\/producto\/desfibrilador-kit-dea-ion-basic-gabinete\/","title":{"rendered":"Desfibrilador KIT DEA \u2013 ION BASIC + GABINETE"},"content":{"rendered":"<div class=\"woocommerce-tabs wc-tabs-wrapper\">\n<div id=\"tab-description\" class=\"woocommerce-Tabs-panel woocommerce-Tabs-panel--description panel entry-content wc-tab\" role=\"tabpanel\" aria-labelledby=\"tab-title-description\">\n<p><strong>Accesorios incluidos: 1 Bateria no regargable, 1 set de Pads Adulto desechable, 1 kit de primeros auxilios que incluye 1 Estuche , 1 set de guantes desechables, 1 Tijeras de sutura 1 Mascara RCP No reutilizable, 1 cable USB, 1 Maletin de transporte, 1 CD con manual de operaciones<\/strong><\/p>\n<\/div>\n<\/div>\n","protected":false},"excerpt":{"rendered":"<p><strong>Caracter\u00edsticas:<\/strong><\/p>\n<ul>\n<li>Equipo totalmente autom\u00e1tico. Basta con presionar el bot\u00f3n frontal \u00fanico y seguir las indicaciones.<\/li>\n<li>Mediante indicadores de voz y visuales.<\/li>\n<li>F\u00e1cil de usar.<\/li>\n<li>Permite a cualquier individuo sin entrenamiento realizar el cuidado de una v\u00edctima de paro cardiaco.<\/li>\n<li>Selecci\u00f3n Autom\u00e1tica de Pacientes seg\u00fan el tipo de parche (adulto o pedi\u00e1trico).<\/li>\n<li>Incluye malet\u00edn de transporte y Kit de Primeros auxilios.<\/li>\n<li>Descarga Bif\u00e1sica hasta 360 J.<\/li>\n<li>\u00cdndice de protecci\u00f3n IP56.<\/li>\n<li>Peso de solo 1,2 Kg.<\/li>\n<li>Autodiagn\u00f3stico de funciones y bater\u00eda.<\/li>\n<li>Software SoftDEA incluido para conexi\u00f3n de PC (v\u00eda USB).<\/li>\n<\/ul>\n","protected":false},"featured_media":10779,"comment_status":"open","ping_status":"closed","template":"","meta":[],"product_brand":[],"product_cat":[90],"product_tag":[155,160],"class_list":{"0":"post-10781","1":"product","2":"type-product","3":"status-publish","4":"has-post-thumbnail","6":"product_cat-desfibriladores","7":"product_tag-desfibriladores","8":"product_tag-linea-de-equipos","10":"first","11":"instock","12":"taxable","13":"shipping-taxable","14":"product-type-simple"},"_links":{"self":[{"href":"https:\/\/www.enterpricecorp.com\/sitio\/wp-json\/wp\/v2\/product\/10781","targetHints":{"allow":["GET"]}}],"collection":[{"href":"https:\/\/www.enterpricecorp.com\/sitio\/wp-json\/wp\/v2\/product"}],"about":[{"href":"https:\/\/www.enterpricecorp.com\/sitio\/wp-json\/wp\/v2\/types\/product"}],"replies":[{"embeddable":true,"href":"https:\/\/www.enterpricecorp.com\/sitio\/wp-json\/wp\/v2\/comments?post=10781"}],"version-history":[{"count":1,"href":"https:\/\/www.enterpricecorp.com\/sitio\/wp-json\/wp\/v2\/product\/10781\/revisions"}],"predecessor-version":[{"id":10785,"href":"https:\/\/www.enterpricecorp.com\/sitio\/wp-json\/wp\/v2\/product\/10781\/revisions\/10785"}],"wp:featuredmedia":[{"embeddable":true,"href":"https:\/\/www.enterpricecorp.com\/sitio\/wp-json\/wp\/v2\/media\/10779"}],"wp:attachment":[{"href":"https:\/\/www.enterpricecorp.com\/sitio\/wp-json\/wp\/v2\/media?parent=10781"}],"wp:term":[{"taxonomy":"product_brand","embeddable":true,"href":"https:\/\/www.enterpricecorp.com\/sitio\/wp-json\/wp\/v2\/product_brand?post=10781"},{"taxonomy":"product_cat","embeddable":true,"href":"https:\/\/www.enterpricecorp.com\/sitio\/wp-json\/wp\/v2\/product_cat?post=10781"},{"taxonomy":"product_tag","embeddable":true,"href":"https:\/\/www.enterpricecorp.com\/sitio\/wp-json\/wp\/v2\/product_tag?post=10781"}],"curies":[{"name":"wp","href":"https:\/\/api.w.org\/{rel}","templated":true}]}}