{"id":10637,"date":"2025-09-02T02:51:10","date_gmt":"2025-09-02T02:51:10","guid":{"rendered":"https:\/\/www.enterpricecorp.com\/sitio\/?post_type=product&#038;p=10637"},"modified":"2025-09-02T03:20:30","modified_gmt":"2025-09-02T03:20:30","slug":"fonendoscopio-ois-100s-gmd","status":"publish","type":"product","link":"https:\/\/www.enterpricecorp.com\/sitio\/producto\/fonendoscopio-ois-100s-gmd\/","title":{"rendered":"Fonendoscopio OIS 100S GMD"},"content":{"rendered":"<p><strong>Beneficios:<\/strong><\/p>\n<p><strong>Informaci\u00f3n Importante: La imagen es de uso \u00fanicamente ilustrativo e informativo. Algunos colores y atributos pueden no estar disponibles o no corresponder al producto. Para mayor informaci\u00f3n sobre disponibilidad de colores y caracter\u00edsticas, consulte con su asesor comercial.<\/strong><\/p>\n<ul>\n<li>Para estudiantes de la salud.<\/li>\n<li>Ideal para obtenci\u00f3n de sonidos corporales.<\/li>\n<li>Campana de doble diafragma.<\/li>\n<li>Olivas dise\u00f1as para la estructura del o\u00eddo.<\/li>\n<li>Manguera en forma de \u00abY\u00bb.<\/li>\n<li>\u00d3ptima percusi\u00f3n de ac\u00fastica.<\/li>\n<\/ul>\n","protected":false},"excerpt":{"rendered":"<div class=\"woocommerce-product-details__short-description\">\n<p>El Fonendoscopio OIS 100S, cuenta con tubos auriculares elaborados en aluminio y campana en aleaci\u00f3n de zinc, su manguera en forma de \u201cY\u201d le brinda una buena conductividad del sonido, lo que permite escuchar con claridad los ruidos de los \u00f3rganos.<\/p>\n<\/div>\n","protected":false},"featured_media":10638,"comment_status":"open","ping_status":"closed","template":"","meta":[],"product_brand":[],"product_cat":[258,120],"product_tag":[256],"class_list":{"0":"post-10637","1":"product","2":"type-product","3":"status-publish","4":"has-post-thumbnail","6":"product_cat-fonendoscopios","7":"product_cat-linea-de-accesorios","8":"product_tag-fonendoscopios","10":"first","11":"instock","12":"taxable","13":"shipping-taxable","14":"product-type-simple"},"_links":{"self":[{"href":"https:\/\/www.enterpricecorp.com\/sitio\/wp-json\/wp\/v2\/product\/10637","targetHints":{"allow":["GET"]}}],"collection":[{"href":"https:\/\/www.enterpricecorp.com\/sitio\/wp-json\/wp\/v2\/product"}],"about":[{"href":"https:\/\/www.enterpricecorp.com\/sitio\/wp-json\/wp\/v2\/types\/product"}],"replies":[{"embeddable":true,"href":"https:\/\/www.enterpricecorp.com\/sitio\/wp-json\/wp\/v2\/comments?post=10637"}],"version-history":[{"count":1,"href":"https:\/\/www.enterpricecorp.com\/sitio\/wp-json\/wp\/v2\/product\/10637\/revisions"}],"predecessor-version":[{"id":10643,"href":"https:\/\/www.enterpricecorp.com\/sitio\/wp-json\/wp\/v2\/product\/10637\/revisions\/10643"}],"wp:featuredmedia":[{"embeddable":true,"href":"https:\/\/www.enterpricecorp.com\/sitio\/wp-json\/wp\/v2\/media\/10638"}],"wp:attachment":[{"href":"https:\/\/www.enterpricecorp.com\/sitio\/wp-json\/wp\/v2\/media?parent=10637"}],"wp:term":[{"taxonomy":"product_brand","embeddable":true,"href":"https:\/\/www.enterpricecorp.com\/sitio\/wp-json\/wp\/v2\/product_brand?post=10637"},{"taxonomy":"product_cat","embeddable":true,"href":"https:\/\/www.enterpricecorp.com\/sitio\/wp-json\/wp\/v2\/product_cat?post=10637"},{"taxonomy":"product_tag","embeddable":true,"href":"https:\/\/www.enterpricecorp.com\/sitio\/wp-json\/wp\/v2\/product_tag?post=10637"}],"curies":[{"name":"wp","href":"https:\/\/api.w.org\/{rel}","templated":true}]}}