{"id":10584,"date":"2025-09-02T02:16:27","date_gmt":"2025-09-02T02:16:27","guid":{"rendered":"https:\/\/www.enterpricecorp.com\/sitio\/?post_type=product&#038;p=10584"},"modified":"2025-09-02T04:36:09","modified_gmt":"2025-09-02T04:36:09","slug":"termometro-digital-pediatrico-gmd","status":"publish","type":"product","link":"https:\/\/www.enterpricecorp.com\/sitio\/producto\/termometro-digital-pediatrico-gmd\/","title":{"rendered":"Term\u00f3metro Digital Pedi\u00e1trico GMD"},"content":{"rendered":"<p><strong>Beneficios<\/strong><\/p>\n<p><strong>Informaci\u00f3n Importante: La imagen es de uso \u00fanicamente ilustrativo e informativo. Algunos colores y atributos pueden no estar disponibles o no corresponder al producto. Para mayor informaci\u00f3n sobre disponibilidad de colores y caracter\u00edsticas, consulte con su asesor comercial.<\/strong><\/p>\n<ul>\n<li>Su agradable dise\u00f1o infantil facilita la toma de temperatura en los ni\u00f1os.<\/li>\n<li>Su punta flexible facilita su adaptaci\u00f3n a los puntos de medici\u00f3n (bucal, axilar y rectal).<\/li>\n<li>Pantalla LCD digital para una f\u00e1cil lectura.<\/li>\n<li>Es a prueba de agua lo que permite esterilizarlo con alcohol despu\u00e9s del uso.<\/li>\n<li>Tiene se\u00f1al de alarma de temperatura alta para advertir el resultado al usuario que realiza la medici\u00f3n.<\/li>\n<li>Memoria de la \u00faltima lectura para seguimiento y control.<\/li>\n<li>Cuenta con apagado autom\u00e1tico para economizar bater\u00eda.<\/li>\n<\/ul>\n<p><strong>Caracteristicas<\/strong><\/p>\n<ul>\n<li>Ligero y compacto para facilitar su uso<\/li>\n<li>Ofrece lecturas de medici\u00f3n r\u00e1pida, segura y confiable<\/li>\n<li>Ideal para beb\u00e9s y ni\u00f1os<\/li>\n<li>Pantalla LCD digital, en grados Celsius y Fahrenheit<\/li>\n<li>Punta flexible<\/li>\n<li>A prueba de agua<\/li>\n<li>Se\u00f1al de alarma para temperaturas altas<\/li>\n<li>Memoria de la \u00faltima lectura<\/li>\n<li>Libre de latex<\/li>\n<li>Apagado autom\u00e1tico<\/li>\n<li>Bater\u00eda incluida<\/li>\n<\/ul>\n<p><strong>Especificaciones<\/strong><\/p>\n<ul>\n<li><strong>Bater\u00edas<\/strong>\u00a01.5 V (LR41, SR41, UCC 392)<\/li>\n<li><strong>Dimensi\u00f3n<\/strong>\u00a013,9 cm x 2,2 cm x 1,3 cm<\/li>\n<li><strong>Exactitud<\/strong>\u00a0\u00ab\u00b1 0,1 \u00baC \/ 0,2 \u00baF en el rango normal Por debajo de 35,5 \u00baC (95,9 \u00baF) y por encima de 42 \u00baC (107,6 \u00baF): \u00b1 0,2 \u00baC \/ 0,4 \u00baF \u00ab<\/li>\n<li><strong>Rango<\/strong>\u00a0[32,0 \u2013 42,9] \u00baC \/ [90,0 \u2013 109,9] \u00baF<\/li>\n<li><strong>Referencia<\/strong>\u00a0GMD-FD-4625-R Rana, GMD-FD-4625-O Oso<\/li>\n<li><strong>Registro Sanitario<\/strong>\u00a02021DM-0024708<\/li>\n<li><strong>Resoluci\u00f3n<\/strong>\u00a00,1\u00ba<\/li>\n<li><strong>Tama\u00f1o del LCD<\/strong>\u00a018,4 x 6,8 mm<\/li>\n<li><strong>Tiempo de Vida de la Bater\u00eda<\/strong>\u00a0Aproximadamente 200 h<\/li>\n<li>&lt;<strong>Tipo de Respuesta<\/strong>\u00a0Lectura r\u00e1pida (60s)<\/li>\n<li><strong>Tipo de Term\u00f3metro<\/strong>\u00a0Digital<\/li>\n<\/ul>\n","protected":false},"excerpt":{"rendered":"<div class=\"woocommerce-product-details__short-description\">\n<p>Disponible en dise\u00f1os de oso y rana, atractivos para los ni\u00f1os, este term\u00f3metro digital garantiza lecturas r\u00e1pidas y precisas. Ideal para uso bucal, axilar o rectal. Cuenta con punta flexible que lo hace m\u00e1s funcional al momento de tomar la temperatura corporal. Su mecanismo resistente al agua permite lavarlo y desinfectarlo f\u00e1cilmente. Tiene sistema de alarma de temperatura alta.<\/p>\n<\/div>\n","protected":false},"featured_media":10585,"comment_status":"open","ping_status":"closed","template":"","meta":[],"product_brand":[],"product_cat":[230,249],"product_tag":[250],"class_list":{"0":"post-10584","1":"product","2":"type-product","3":"status-publish","4":"has-post-thumbnail","6":"product_cat-instrumentos-quirurgicos","7":"product_cat-termometros-digitales","8":"product_tag-termometros","10":"first","11":"instock","12":"taxable","13":"shipping-taxable","14":"product-type-simple"},"_links":{"self":[{"href":"https:\/\/www.enterpricecorp.com\/sitio\/wp-json\/wp\/v2\/product\/10584","targetHints":{"allow":["GET"]}}],"collection":[{"href":"https:\/\/www.enterpricecorp.com\/sitio\/wp-json\/wp\/v2\/product"}],"about":[{"href":"https:\/\/www.enterpricecorp.com\/sitio\/wp-json\/wp\/v2\/types\/product"}],"replies":[{"embeddable":true,"href":"https:\/\/www.enterpricecorp.com\/sitio\/wp-json\/wp\/v2\/comments?post=10584"}],"version-history":[{"count":1,"href":"https:\/\/www.enterpricecorp.com\/sitio\/wp-json\/wp\/v2\/product\/10584\/revisions"}],"predecessor-version":[{"id":10588,"href":"https:\/\/www.enterpricecorp.com\/sitio\/wp-json\/wp\/v2\/product\/10584\/revisions\/10588"}],"wp:featuredmedia":[{"embeddable":true,"href":"https:\/\/www.enterpricecorp.com\/sitio\/wp-json\/wp\/v2\/media\/10585"}],"wp:attachment":[{"href":"https:\/\/www.enterpricecorp.com\/sitio\/wp-json\/wp\/v2\/media?parent=10584"}],"wp:term":[{"taxonomy":"product_brand","embeddable":true,"href":"https:\/\/www.enterpricecorp.com\/sitio\/wp-json\/wp\/v2\/product_brand?post=10584"},{"taxonomy":"product_cat","embeddable":true,"href":"https:\/\/www.enterpricecorp.com\/sitio\/wp-json\/wp\/v2\/product_cat?post=10584"},{"taxonomy":"product_tag","embeddable":true,"href":"https:\/\/www.enterpricecorp.com\/sitio\/wp-json\/wp\/v2\/product_tag?post=10584"}],"curies":[{"name":"wp","href":"https:\/\/api.w.org\/{rel}","templated":true}]}}