{"id":10553,"date":"2025-09-02T01:54:58","date_gmt":"2025-09-02T01:54:58","guid":{"rendered":"https:\/\/www.enterpricecorp.com\/sitio\/?post_type=product&#038;p=10553"},"modified":"2025-09-02T01:54:58","modified_gmt":"2025-09-02T01:54:58","slug":"manometro-para-tensiometro","status":"publish","type":"product","link":"https:\/\/www.enterpricecorp.com\/sitio\/producto\/manometro-para-tensiometro\/","title":{"rendered":"Man\u00f3metro para Tensi\u00f3metro"},"content":{"rendered":"","protected":false},"excerpt":{"rendered":"<p><strong>Man\u00f3metro<\/strong>\u00a0<strong>para<\/strong>\u00a0<strong>tensi\u00f3metro<\/strong>, instrumento m\u00e9dico empleado para la medici\u00f3n indirecta de la presi\u00f3n arterial la medici\u00f3n se ve reflejada en mil\u00edmetros de mercurio mm\/Hg. Este\u00a0<strong>man\u00f3metro<\/strong>\u00a0funciona para\u00a0<strong>tensi\u00f3metros<\/strong>\u00a0adultos y pedi\u00e1tricos<\/p>\n","protected":false},"featured_media":10554,"comment_status":"open","ping_status":"closed","template":"","meta":[],"product_brand":[],"product_cat":[243],"product_tag":[244],"class_list":{"0":"post-10553","1":"product","2":"type-product","3":"status-publish","4":"has-post-thumbnail","6":"product_cat-repuestos-y-accesorios","7":"product_tag-repuestos-y-accesorios","9":"first","10":"instock","11":"taxable","12":"shipping-taxable","13":"product-type-simple"},"_links":{"self":[{"href":"https:\/\/www.enterpricecorp.com\/sitio\/wp-json\/wp\/v2\/product\/10553","targetHints":{"allow":["GET"]}}],"collection":[{"href":"https:\/\/www.enterpricecorp.com\/sitio\/wp-json\/wp\/v2\/product"}],"about":[{"href":"https:\/\/www.enterpricecorp.com\/sitio\/wp-json\/wp\/v2\/types\/product"}],"replies":[{"embeddable":true,"href":"https:\/\/www.enterpricecorp.com\/sitio\/wp-json\/wp\/v2\/comments?post=10553"}],"version-history":[{"count":1,"href":"https:\/\/www.enterpricecorp.com\/sitio\/wp-json\/wp\/v2\/product\/10553\/revisions"}],"predecessor-version":[{"id":10555,"href":"https:\/\/www.enterpricecorp.com\/sitio\/wp-json\/wp\/v2\/product\/10553\/revisions\/10555"}],"wp:featuredmedia":[{"embeddable":true,"href":"https:\/\/www.enterpricecorp.com\/sitio\/wp-json\/wp\/v2\/media\/10554"}],"wp:attachment":[{"href":"https:\/\/www.enterpricecorp.com\/sitio\/wp-json\/wp\/v2\/media?parent=10553"}],"wp:term":[{"taxonomy":"product_brand","embeddable":true,"href":"https:\/\/www.enterpricecorp.com\/sitio\/wp-json\/wp\/v2\/product_brand?post=10553"},{"taxonomy":"product_cat","embeddable":true,"href":"https:\/\/www.enterpricecorp.com\/sitio\/wp-json\/wp\/v2\/product_cat?post=10553"},{"taxonomy":"product_tag","embeddable":true,"href":"https:\/\/www.enterpricecorp.com\/sitio\/wp-json\/wp\/v2\/product_tag?post=10553"}],"curies":[{"name":"wp","href":"https:\/\/api.w.org\/{rel}","templated":true}]}}