{"id":10540,"date":"2025-09-02T01:42:03","date_gmt":"2025-09-02T01:42:03","guid":{"rendered":"https:\/\/www.enterpricecorp.com\/sitio\/?post_type=product&#038;p=10540"},"modified":"2025-09-02T01:42:03","modified_gmt":"2025-09-02T01:42:03","slug":"cms50-pro","status":"publish","type":"product","link":"https:\/\/www.enterpricecorp.com\/sitio\/producto\/cms50-pro\/","title":{"rendered":"CMS50-Pro"},"content":{"rendered":"<p>El ox\u00edmetro de pulso CMS50-Pro adopta la tecnolog\u00eda de inspecci\u00f3n de oxihemoglobina fotoel\u00e9ctrica integrada con la tecnolog\u00eda de escaneo y grabaci\u00f3n de pulsos de capacidad, que se puede utilizar para medir la saturaci\u00f3n de ox\u00edgeno humano y la frecuencia del pulso a trav\u00e9s del dedo. El dispositivo es adecuado para su uso en la familia, el hospital, la barra de ox\u00edgeno, la atenci\u00f3n m\u00e9dica comunitaria y el cuidado f\u00edsico en los deportes, etc. (Se puede usar antes o despu\u00e9s del ejercicio, pero no se recomienda su uso durante el ejercicio)<\/p>\n","protected":false},"excerpt":{"rendered":"<p>El ox\u00edmetro de pulso CMS50-Pro adopta la tecnolog\u00eda de inspecci\u00f3n de oxihemoglobina fotoel\u00e9ctrica integrada con la tecnolog\u00eda de escaneo y grabaci\u00f3n de pulsos de capacidad, que se puede utilizar para medir la saturaci\u00f3n de ox\u00edgeno humano y la frecuencia del pulso a trav\u00e9s del dedo. El dispositivo es adecuado para su uso en la familia, el hospital, la barra de ox\u00edgeno, la atenci\u00f3n m\u00e9dica comunitaria y el cuidado f\u00edsico en los deportes, etc. (Se puede usar antes o despu\u00e9s del ejercicio, pero no se recomienda su uso durante el ejercicio)<\/p>\n","protected":false},"featured_media":10538,"comment_status":"open","ping_status":"closed","template":"","meta":[],"product_brand":[],"product_cat":[105],"product_tag":[201],"class_list":{"0":"post-10540","1":"product","2":"type-product","3":"status-publish","4":"has-post-thumbnail","6":"product_cat-oximetro-de-pulso","7":"product_tag-oximetro-de-pulso","9":"first","10":"instock","11":"taxable","12":"shipping-taxable","13":"product-type-simple"},"_links":{"self":[{"href":"https:\/\/www.enterpricecorp.com\/sitio\/wp-json\/wp\/v2\/product\/10540","targetHints":{"allow":["GET"]}}],"collection":[{"href":"https:\/\/www.enterpricecorp.com\/sitio\/wp-json\/wp\/v2\/product"}],"about":[{"href":"https:\/\/www.enterpricecorp.com\/sitio\/wp-json\/wp\/v2\/types\/product"}],"replies":[{"embeddable":true,"href":"https:\/\/www.enterpricecorp.com\/sitio\/wp-json\/wp\/v2\/comments?post=10540"}],"version-history":[{"count":1,"href":"https:\/\/www.enterpricecorp.com\/sitio\/wp-json\/wp\/v2\/product\/10540\/revisions"}],"predecessor-version":[{"id":10542,"href":"https:\/\/www.enterpricecorp.com\/sitio\/wp-json\/wp\/v2\/product\/10540\/revisions\/10542"}],"wp:featuredmedia":[{"embeddable":true,"href":"https:\/\/www.enterpricecorp.com\/sitio\/wp-json\/wp\/v2\/media\/10538"}],"wp:attachment":[{"href":"https:\/\/www.enterpricecorp.com\/sitio\/wp-json\/wp\/v2\/media?parent=10540"}],"wp:term":[{"taxonomy":"product_brand","embeddable":true,"href":"https:\/\/www.enterpricecorp.com\/sitio\/wp-json\/wp\/v2\/product_brand?post=10540"},{"taxonomy":"product_cat","embeddable":true,"href":"https:\/\/www.enterpricecorp.com\/sitio\/wp-json\/wp\/v2\/product_cat?post=10540"},{"taxonomy":"product_tag","embeddable":true,"href":"https:\/\/www.enterpricecorp.com\/sitio\/wp-json\/wp\/v2\/product_tag?post=10540"}],"curies":[{"name":"wp","href":"https:\/\/api.w.org\/{rel}","templated":true}]}}