{"id":10537,"date":"2025-09-02T01:39:50","date_gmt":"2025-09-02T01:39:50","guid":{"rendered":"https:\/\/www.enterpricecorp.com\/sitio\/?post_type=product&#038;p=10537"},"modified":"2025-09-02T01:39:50","modified_gmt":"2025-09-02T01:39:50","slug":"cms50l-pro","status":"publish","type":"product","link":"https:\/\/www.enterpricecorp.com\/sitio\/producto\/cms50l-pro\/","title":{"rendered":"CMS50L-Pro"},"content":{"rendered":"<h2><strong>Funci\u00f3n<\/strong><\/h2>\n<ol>\n<li class=\"Normal\">Integrado con la sonda SpO2\u00a0y el m\u00f3dulo de visualizaci\u00f3n de procesamiento<\/li>\n<li class=\"Normal\">Peque\u00f1o en volumen, ligero en peso y conveniente en el transporte<\/li>\n<li class=\"Normal\">El funcionamiento del producto es simple, bajo consumo de energ\u00eda<\/li>\n<li class=\"Normal\">Visualizaci\u00f3n del valor de SpO2<\/li>\n<li class=\"Normal\">Visualizaci\u00f3n del valor de la frecuencia de pulso, visualizaci\u00f3n del gr\u00e1fico de barras<\/li>\n<li class=\"Normal\">Indicaci\u00f3n de bajo voltaje: el indicador de bajo voltaje aparece antes de funcionar de manera anormal, lo que se debe a un bajo voltaje<\/li>\n<li class=\"Normal\">Ingrese autom\u00e1ticamente al modo de espera: el ox\u00edmetro puede ingresar al modo de espera en caso de que no se inserte ning\u00fan dedo en el ox\u00edmetro dentro de los 5 segundos<\/li>\n<li class=\"Normal\">Encendido autom\u00e1tico: Inserte el dedo en 2 segundos y comience autom\u00e1ticamente<\/li>\n<\/ol>\n","protected":false},"excerpt":{"rendered":"<p>El ox\u00edmetro\u00a0de pulso CMS50L-Pro\u00a0adopta la tecnolog\u00eda de inspecci\u00f3n de oxihemoglobina fotoel\u00e9ctrica integrada con la tecnolog\u00eda de escaneo y grabaci\u00f3n de pulsos de capacidad, que se puede utilizar para medir la saturaci\u00f3n de ox\u00edgeno humano y la frecuencia del pulso a trav\u00e9s del dedo. El dispositivo es adecuado para su uso en la familia, el hospital, la barra de ox\u00edgeno, la atenci\u00f3n m\u00e9dica comunitaria y el cuidado f\u00edsico en los deportes, etc. (Se puede usar antes o despu\u00e9s del ejercicio, pero no se recomienda su uso durante el ejercicio).<\/p>\n","protected":false},"featured_media":10538,"comment_status":"open","ping_status":"closed","template":"","meta":[],"product_brand":[],"product_cat":[105],"product_tag":[201],"class_list":{"0":"post-10537","1":"product","2":"type-product","3":"status-publish","4":"has-post-thumbnail","6":"product_cat-oximetro-de-pulso","7":"product_tag-oximetro-de-pulso","9":"first","10":"instock","11":"taxable","12":"shipping-taxable","13":"product-type-simple"},"_links":{"self":[{"href":"https:\/\/www.enterpricecorp.com\/sitio\/wp-json\/wp\/v2\/product\/10537","targetHints":{"allow":["GET"]}}],"collection":[{"href":"https:\/\/www.enterpricecorp.com\/sitio\/wp-json\/wp\/v2\/product"}],"about":[{"href":"https:\/\/www.enterpricecorp.com\/sitio\/wp-json\/wp\/v2\/types\/product"}],"replies":[{"embeddable":true,"href":"https:\/\/www.enterpricecorp.com\/sitio\/wp-json\/wp\/v2\/comments?post=10537"}],"version-history":[{"count":1,"href":"https:\/\/www.enterpricecorp.com\/sitio\/wp-json\/wp\/v2\/product\/10537\/revisions"}],"predecessor-version":[{"id":10539,"href":"https:\/\/www.enterpricecorp.com\/sitio\/wp-json\/wp\/v2\/product\/10537\/revisions\/10539"}],"wp:featuredmedia":[{"embeddable":true,"href":"https:\/\/www.enterpricecorp.com\/sitio\/wp-json\/wp\/v2\/media\/10538"}],"wp:attachment":[{"href":"https:\/\/www.enterpricecorp.com\/sitio\/wp-json\/wp\/v2\/media?parent=10537"}],"wp:term":[{"taxonomy":"product_brand","embeddable":true,"href":"https:\/\/www.enterpricecorp.com\/sitio\/wp-json\/wp\/v2\/product_brand?post=10537"},{"taxonomy":"product_cat","embeddable":true,"href":"https:\/\/www.enterpricecorp.com\/sitio\/wp-json\/wp\/v2\/product_cat?post=10537"},{"taxonomy":"product_tag","embeddable":true,"href":"https:\/\/www.enterpricecorp.com\/sitio\/wp-json\/wp\/v2\/product_tag?post=10537"}],"curies":[{"name":"wp","href":"https:\/\/api.w.org\/{rel}","templated":true}]}}