{"id":10534,"date":"2025-09-02T01:37:10","date_gmt":"2025-09-02T01:37:10","guid":{"rendered":"https:\/\/www.enterpricecorp.com\/sitio\/?post_type=product&#038;p=10534"},"modified":"2025-09-02T01:37:10","modified_gmt":"2025-09-02T01:37:10","slug":"cms50ed","status":"publish","type":"product","link":"https:\/\/www.enterpricecorp.com\/sitio\/producto\/cms50ed\/","title":{"rendered":"CMS50ED"},"content":{"rendered":"<p class=\"Normal--Web-\"><strong>Introducci\u00f3n<\/strong><\/p>\n<p class=\"Normal--Web-\">El ox\u00edmetro de pulso CMS50ED adopta la tecnolog\u00eda de inspecci\u00f3n de oxihemoglobina fotoel\u00e9ctrica de acuerdo con la tecnolog\u00eda de escaneo y registro de pulsos de capacidad, que se puede utilizar para medir la saturaci\u00f3n de ox\u00edgeno humano y la frecuencia del pulso a trav\u00e9s del dedo. El dispositivo es adecuado para ser utilizado en la familia, el hospital, la barra de ox\u00edgeno, la atenci\u00f3n m\u00e9dica comunitaria y el cuidado f\u00edsico en los deportes, etc. (Se puede usar antes o despu\u00e9s del ejercicio, pero no se recomienda su uso durante el ejercicio).<\/p>\n","protected":false},"excerpt":{"rendered":"<p class=\"Normal--Web-\"><strong>Funci\u00f3n<\/strong><\/p>\n<ol>\n<li class=\"Normal--Web-\">Sensor SpO2 integrado y m\u00f3dulo de visualizaci\u00f3n<\/li>\n<li class=\"Normal\">Peque\u00f1o en volumen, ligero en peso y conveniente en el transporte<\/li>\n<li class=\"Normal\">F\u00e1cil de operar, bajo consumo de energ\u00eda<\/li>\n<li class=\"Normal\">Visualizaci\u00f3n del valor de SpO2<\/li>\n<li class=\"Normal\">Visualizaci\u00f3n del valor de la frecuencia de pulso, visualizaci\u00f3n del gr\u00e1fico de barras<\/li>\n<li class=\"Normal\">Pantalla de forma de onda de pulso<\/li>\n<li class=\"Normal\">La direcci\u00f3n de visualizaci\u00f3n y el brillo de la pantalla se pueden cambiar<\/li>\n<li class=\"Normal\">Indicaci\u00f3n de bajo voltaje: La indicaci\u00f3n de bajo voltaje aparece antes de trabajar anormal causada por bajo voltaje.<\/li>\n<\/ol>\n","protected":false},"featured_media":10535,"comment_status":"open","ping_status":"closed","template":"","meta":[],"product_brand":[],"product_cat":[105],"product_tag":[201],"class_list":{"0":"post-10534","1":"product","2":"type-product","3":"status-publish","4":"has-post-thumbnail","6":"product_cat-oximetro-de-pulso","7":"product_tag-oximetro-de-pulso","9":"first","10":"instock","11":"taxable","12":"shipping-taxable","13":"product-type-simple"},"_links":{"self":[{"href":"https:\/\/www.enterpricecorp.com\/sitio\/wp-json\/wp\/v2\/product\/10534","targetHints":{"allow":["GET"]}}],"collection":[{"href":"https:\/\/www.enterpricecorp.com\/sitio\/wp-json\/wp\/v2\/product"}],"about":[{"href":"https:\/\/www.enterpricecorp.com\/sitio\/wp-json\/wp\/v2\/types\/product"}],"replies":[{"embeddable":true,"href":"https:\/\/www.enterpricecorp.com\/sitio\/wp-json\/wp\/v2\/comments?post=10534"}],"version-history":[{"count":1,"href":"https:\/\/www.enterpricecorp.com\/sitio\/wp-json\/wp\/v2\/product\/10534\/revisions"}],"predecessor-version":[{"id":10536,"href":"https:\/\/www.enterpricecorp.com\/sitio\/wp-json\/wp\/v2\/product\/10534\/revisions\/10536"}],"wp:featuredmedia":[{"embeddable":true,"href":"https:\/\/www.enterpricecorp.com\/sitio\/wp-json\/wp\/v2\/media\/10535"}],"wp:attachment":[{"href":"https:\/\/www.enterpricecorp.com\/sitio\/wp-json\/wp\/v2\/media?parent=10534"}],"wp:term":[{"taxonomy":"product_brand","embeddable":true,"href":"https:\/\/www.enterpricecorp.com\/sitio\/wp-json\/wp\/v2\/product_brand?post=10534"},{"taxonomy":"product_cat","embeddable":true,"href":"https:\/\/www.enterpricecorp.com\/sitio\/wp-json\/wp\/v2\/product_cat?post=10534"},{"taxonomy":"product_tag","embeddable":true,"href":"https:\/\/www.enterpricecorp.com\/sitio\/wp-json\/wp\/v2\/product_tag?post=10534"}],"curies":[{"name":"wp","href":"https:\/\/api.w.org\/{rel}","templated":true}]}}