{"id":10531,"date":"2025-09-02T01:35:12","date_gmt":"2025-09-02T01:35:12","guid":{"rendered":"https:\/\/www.enterpricecorp.com\/sitio\/?post_type=product&#038;p=10531"},"modified":"2025-09-02T01:35:12","modified_gmt":"2025-09-02T01:35:12","slug":"cms50dl1","status":"publish","type":"product","link":"https:\/\/www.enterpricecorp.com\/sitio\/producto\/cms50dl1\/","title":{"rendered":"CMS50DL1"},"content":{"rendered":"<h2 class=\"Normal--Web-\"><span class=\"Default-Paragraph-Font Strong\">Introducci\u00f3n<\/span><\/h2>\n<p class=\"Normal--Web-\">El principio del ox\u00edmetro de pulso CMS50DL1 es el siguiente: La tecnolog\u00eda de inspecci\u00f3n de oxihemoglobina fotoel\u00e9ctrica se adopta de acuerdo con la tecnolog\u00eda de escaneo y grabaci\u00f3n de pulso de capacidad, el ox\u00edmetro de pulso se puede utilizar para medir la saturaci\u00f3n de ox\u00edgeno de pulso y la frecuencia del pulso a trav\u00e9s del dedo. El producto es adecuado para ser utilizado en la familia, hospital, barra de ox\u00edgeno, salud comunitaria, cuidado f\u00edsico en deportes (se puede usar antes o despu\u00e9s de hacer deporte, y no se recomienda usar el dispositivo durante el proceso de hacer deporte) y etc.<\/p>\n","protected":false},"excerpt":{"rendered":"<h2 class=\"Normal--Web-\"><span class=\"Default-Paragraph-Font Strong\">Caracter\u00edsticas principales<\/span><\/h2>\n<ol>\n<li class=\"Normal--Web-\">Integrado con la sonda SpO2 y el m\u00f3dulo de visualizaci\u00f3n de procesamiento<\/li>\n<li class=\"Normal--Web-\">Peque\u00f1o en volumen, ligero en peso y conveniente en el transporte<\/li>\n<li class=\"Normal--Web-\">El funcionamiento del producto es simple, bajo consumo de energ\u00eda<\/li>\n<li class=\"Normal--Web-\">Visualizaci\u00f3n del valor de SpO2<\/li>\n<li class=\"Normal--Web-\">Visualizaci\u00f3n del valor de la frecuencia de pulso, visualizaci\u00f3n del gr\u00e1fico de barras<\/li>\n<li class=\"Normal--Web-\">Indicaci\u00f3n de baja tensi\u00f3n: el indicador de baja tensi\u00f3n aparece antes de trabajar de forma anormal, lo que se debe a la baja tensi\u00f3n<\/li>\n<\/ol>\n","protected":false},"featured_media":10532,"comment_status":"open","ping_status":"closed","template":"","meta":[],"product_brand":[],"product_cat":[105],"product_tag":[201],"class_list":{"0":"post-10531","1":"product","2":"type-product","3":"status-publish","4":"has-post-thumbnail","6":"product_cat-oximetro-de-pulso","7":"product_tag-oximetro-de-pulso","9":"first","10":"instock","11":"taxable","12":"shipping-taxable","13":"product-type-simple"},"_links":{"self":[{"href":"https:\/\/www.enterpricecorp.com\/sitio\/wp-json\/wp\/v2\/product\/10531","targetHints":{"allow":["GET"]}}],"collection":[{"href":"https:\/\/www.enterpricecorp.com\/sitio\/wp-json\/wp\/v2\/product"}],"about":[{"href":"https:\/\/www.enterpricecorp.com\/sitio\/wp-json\/wp\/v2\/types\/product"}],"replies":[{"embeddable":true,"href":"https:\/\/www.enterpricecorp.com\/sitio\/wp-json\/wp\/v2\/comments?post=10531"}],"version-history":[{"count":1,"href":"https:\/\/www.enterpricecorp.com\/sitio\/wp-json\/wp\/v2\/product\/10531\/revisions"}],"predecessor-version":[{"id":10533,"href":"https:\/\/www.enterpricecorp.com\/sitio\/wp-json\/wp\/v2\/product\/10531\/revisions\/10533"}],"wp:featuredmedia":[{"embeddable":true,"href":"https:\/\/www.enterpricecorp.com\/sitio\/wp-json\/wp\/v2\/media\/10532"}],"wp:attachment":[{"href":"https:\/\/www.enterpricecorp.com\/sitio\/wp-json\/wp\/v2\/media?parent=10531"}],"wp:term":[{"taxonomy":"product_brand","embeddable":true,"href":"https:\/\/www.enterpricecorp.com\/sitio\/wp-json\/wp\/v2\/product_brand?post=10531"},{"taxonomy":"product_cat","embeddable":true,"href":"https:\/\/www.enterpricecorp.com\/sitio\/wp-json\/wp\/v2\/product_cat?post=10531"},{"taxonomy":"product_tag","embeddable":true,"href":"https:\/\/www.enterpricecorp.com\/sitio\/wp-json\/wp\/v2\/product_tag?post=10531"}],"curies":[{"name":"wp","href":"https:\/\/api.w.org\/{rel}","templated":true}]}}