{"id":10528,"date":"2025-09-02T01:33:07","date_gmt":"2025-09-02T01:33:07","guid":{"rendered":"https:\/\/www.enterpricecorp.com\/sitio\/?post_type=product&#038;p=10528"},"modified":"2025-09-02T01:33:08","modified_gmt":"2025-09-02T01:33:08","slug":"cms50h","status":"publish","type":"product","link":"https:\/\/www.enterpricecorp.com\/sitio\/producto\/cms50h\/","title":{"rendered":"CMS50H"},"content":{"rendered":"<p class=\"Normal--Web-\"><strong>Introducci\u00f3n<\/strong><\/p>\n<p class=\"Normal--Web-\">El ox\u00edmetro de pulso CMS50H adopta la tecnolog\u00eda de inspecci\u00f3n de oxihemoglobina fotoel\u00e9ctrica de acuerdo con la tecnolog\u00eda de escaneo y grabaci\u00f3n de pulsos de capacidad, que se puede utilizar para medir la saturaci\u00f3n de ox\u00edgeno humano y la frecuencia del pulso a trav\u00e9s del dedo. El dispositivo es adecuado para ser utilizado en la familia, el hospital, la barra de ox\u00edgeno, la atenci\u00f3n m\u00e9dica comunitaria y el cuidado f\u00edsico en los deportes, etc. (Se puede usar antes o despu\u00e9s del ejercicio, pero no se recomienda su uso durante el ejercicio).<\/p>\n","protected":false},"excerpt":{"rendered":"<p class=\"Normal--Web-\"><strong>Funci\u00f3n<\/strong><\/p>\n<ol>\n<li class=\"Normal\">Sensor SpO2 integrado y m\u00f3dulo de visualizaci\u00f3n<\/li>\n<li class=\"Normal\">Peque\u00f1o en volumen, ligero en peso y conveniente en el transporte<\/li>\n<li class=\"Normal\">F\u00e1cil de operar, bajo consumo de energ\u00eda<\/li>\n<li class=\"Normal\">Men\u00fa de operaci\u00f3n para la configuraci\u00f3n de funciones<\/li>\n<li class=\"Normal\">Visualizaci\u00f3n del valor de SpO2<\/li>\n<li class=\"Normal\">\u00a0Visualizaci\u00f3n del valor de la frecuencia de pulso, visualizaci\u00f3n del gr\u00e1fico de barras<\/li>\n<li class=\"Normal\">\u00a0Pantalla de forma de onda de pulso<\/li>\n<li class=\"Normal\">\u00a0Pantalla PI<\/li>\n<li class=\"Normal\">\u00a0La direcci\u00f3n de la pantalla se puede cambiar autom\u00e1ticamente<\/li>\n<li class=\"Normal\">\u00a0Indicaci\u00f3n de sonido de frecuencia de pulso<\/li>\n<li class=\"Normal\">\u00a0Con los l\u00edmites de sobrecostos de datos medidos y la funci\u00f3n de alarma de bajo voltaje, el l\u00edmite de alarma superior \/ inferior se puede ajustar<\/li>\n<li class=\"Normal\">\u00a0Indicaci\u00f3n de la capacidad de la bater\u00eda<\/li>\n<li class=\"Normal\">\u00a0Indicaci\u00f3n de bajo voltaje: La indicaci\u00f3n de bajo voltaje aparece antes de trabajar anormal causada por bajo voltaje.<\/li>\n<li class=\"Normal\">\u00a0Funci\u00f3n de almacenamiento de datos, los datos almacenados se pueden cargar en la computadora<\/li>\n<li class=\"Normal\">\u00a0Transmisi\u00f3n de datos en tiempo real<\/li>\n<li class=\"Normal\">\u00a0Se puede conectar con sonda SpO2 externa (opcional)<\/li>\n<li class=\"Normal\">\u00a0Apagado autom\u00e1tico: en la interfaz de medici\u00f3n, el dispositivo se apagar\u00e1 autom\u00e1ticamente despu\u00e9s de que se apague el dedo en 5 segundos.<\/li>\n<\/ol>\n","protected":false},"featured_media":10529,"comment_status":"open","ping_status":"closed","template":"","meta":[],"product_brand":[],"product_cat":[105],"product_tag":[201],"class_list":{"0":"post-10528","1":"product","2":"type-product","3":"status-publish","4":"has-post-thumbnail","6":"product_cat-oximetro-de-pulso","7":"product_tag-oximetro-de-pulso","9":"first","10":"instock","11":"taxable","12":"shipping-taxable","13":"product-type-simple"},"_links":{"self":[{"href":"https:\/\/www.enterpricecorp.com\/sitio\/wp-json\/wp\/v2\/product\/10528","targetHints":{"allow":["GET"]}}],"collection":[{"href":"https:\/\/www.enterpricecorp.com\/sitio\/wp-json\/wp\/v2\/product"}],"about":[{"href":"https:\/\/www.enterpricecorp.com\/sitio\/wp-json\/wp\/v2\/types\/product"}],"replies":[{"embeddable":true,"href":"https:\/\/www.enterpricecorp.com\/sitio\/wp-json\/wp\/v2\/comments?post=10528"}],"version-history":[{"count":1,"href":"https:\/\/www.enterpricecorp.com\/sitio\/wp-json\/wp\/v2\/product\/10528\/revisions"}],"predecessor-version":[{"id":10530,"href":"https:\/\/www.enterpricecorp.com\/sitio\/wp-json\/wp\/v2\/product\/10528\/revisions\/10530"}],"wp:featuredmedia":[{"embeddable":true,"href":"https:\/\/www.enterpricecorp.com\/sitio\/wp-json\/wp\/v2\/media\/10529"}],"wp:attachment":[{"href":"https:\/\/www.enterpricecorp.com\/sitio\/wp-json\/wp\/v2\/media?parent=10528"}],"wp:term":[{"taxonomy":"product_brand","embeddable":true,"href":"https:\/\/www.enterpricecorp.com\/sitio\/wp-json\/wp\/v2\/product_brand?post=10528"},{"taxonomy":"product_cat","embeddable":true,"href":"https:\/\/www.enterpricecorp.com\/sitio\/wp-json\/wp\/v2\/product_cat?post=10528"},{"taxonomy":"product_tag","embeddable":true,"href":"https:\/\/www.enterpricecorp.com\/sitio\/wp-json\/wp\/v2\/product_tag?post=10528"}],"curies":[{"name":"wp","href":"https:\/\/api.w.org\/{rel}","templated":true}]}}