{"id":10524,"date":"2025-09-02T01:31:06","date_gmt":"2025-09-02T01:31:06","guid":{"rendered":"https:\/\/www.enterpricecorp.com\/sitio\/?post_type=product&#038;p=10524"},"modified":"2025-09-02T01:31:28","modified_gmt":"2025-09-02T01:31:28","slug":"cms50q1","status":"publish","type":"product","link":"https:\/\/www.enterpricecorp.com\/sitio\/producto\/cms50q1\/","title":{"rendered":"CMS50Q1"},"content":{"rendered":"<div class=\"woocommerce-tabs wc-tabs-wrapper\">\n<div id=\"tab-description\" class=\"woocommerce-Tabs-panel woocommerce-Tabs-panel--description panel entry-content wc-tab\" role=\"tabpanel\" aria-labelledby=\"tab-title-description\">\n<p class=\"Normal--Web-\"><strong>Introducci\u00f3n<\/strong><\/p>\n<p class=\"Normal--Web-\">El ox\u00edmetro de pulso se puede utilizar para medir la saturaci\u00f3n de ox\u00edgeno de pulso y la frecuencia del pulso a trav\u00e9s del dedo. El producto es apto para familia, hospital, barra de ox\u00edgeno, salud comunitaria, cuidado f\u00edsico en deportes (se puede usar antes o despu\u00e9s de hacer deporte y no se recomienda usar el dispositivo durante el proceso de hacer deporte) y etc.<\/p>\n<\/div>\n<\/div>\n<section class=\"related products\">\n<h2><\/h2>\n<\/section>\n","protected":false},"excerpt":{"rendered":"<p class=\"Normal--Web-\"><strong>Caracter\u00edsticas principales<\/strong><\/p>\n<ol>\n<li class=\"Normal--Web-\">Visualizaci\u00f3n del valor de SpO2<\/li>\n<li class=\"Normal--Web-\">Visualizaci\u00f3n del valor de la frecuencia de pulso, visualizaci\u00f3n del gr\u00e1fico de barras<\/li>\n<li class=\"Normal--Web-\">Pantalla de forma de onda de pulso<\/li>\n<li class=\"Normal--Web-\">El modo de visualizaci\u00f3n se puede cambiar<\/li>\n<li class=\"Normal--Web-\">El brillo de la pantalla se puede cambiar<\/li>\n<li class=\"Normal--Web-\">Indicaci\u00f3n de bajo voltaje: el indicador de bajo voltaje aparece antes de funcionar de manera anormal, lo que se debe a un bajo voltaje, funci\u00f3n de apagado autom\u00e1tico: cuando el dispositivo est\u00e1 bajo el estado de la interfaz de medici\u00f3n. Se apagar\u00e1 autom\u00e1ticamente en 5 segundos si el dedo se cae de la sonda<\/li>\n<\/ol>\n","protected":false},"featured_media":10525,"comment_status":"open","ping_status":"closed","template":"","meta":[],"product_brand":[],"product_cat":[105],"product_tag":[201],"class_list":{"0":"post-10524","1":"product","2":"type-product","3":"status-publish","4":"has-post-thumbnail","6":"product_cat-oximetro-de-pulso","7":"product_tag-oximetro-de-pulso","9":"first","10":"instock","11":"taxable","12":"shipping-taxable","13":"product-type-simple"},"_links":{"self":[{"href":"https:\/\/www.enterpricecorp.com\/sitio\/wp-json\/wp\/v2\/product\/10524","targetHints":{"allow":["GET"]}}],"collection":[{"href":"https:\/\/www.enterpricecorp.com\/sitio\/wp-json\/wp\/v2\/product"}],"about":[{"href":"https:\/\/www.enterpricecorp.com\/sitio\/wp-json\/wp\/v2\/types\/product"}],"replies":[{"embeddable":true,"href":"https:\/\/www.enterpricecorp.com\/sitio\/wp-json\/wp\/v2\/comments?post=10524"}],"version-history":[{"count":2,"href":"https:\/\/www.enterpricecorp.com\/sitio\/wp-json\/wp\/v2\/product\/10524\/revisions"}],"predecessor-version":[{"id":10527,"href":"https:\/\/www.enterpricecorp.com\/sitio\/wp-json\/wp\/v2\/product\/10524\/revisions\/10527"}],"wp:featuredmedia":[{"embeddable":true,"href":"https:\/\/www.enterpricecorp.com\/sitio\/wp-json\/wp\/v2\/media\/10525"}],"wp:attachment":[{"href":"https:\/\/www.enterpricecorp.com\/sitio\/wp-json\/wp\/v2\/media?parent=10524"}],"wp:term":[{"taxonomy":"product_brand","embeddable":true,"href":"https:\/\/www.enterpricecorp.com\/sitio\/wp-json\/wp\/v2\/product_brand?post=10524"},{"taxonomy":"product_cat","embeddable":true,"href":"https:\/\/www.enterpricecorp.com\/sitio\/wp-json\/wp\/v2\/product_cat?post=10524"},{"taxonomy":"product_tag","embeddable":true,"href":"https:\/\/www.enterpricecorp.com\/sitio\/wp-json\/wp\/v2\/product_tag?post=10524"}],"curies":[{"name":"wp","href":"https:\/\/api.w.org\/{rel}","templated":true}]}}