{"id":10521,"date":"2025-09-02T01:27:13","date_gmt":"2025-09-02T01:27:13","guid":{"rendered":"https:\/\/www.enterpricecorp.com\/sitio\/?post_type=product&#038;p=10521"},"modified":"2025-09-02T01:27:13","modified_gmt":"2025-09-02T01:27:13","slug":"cms50na","status":"publish","type":"product","link":"https:\/\/www.enterpricecorp.com\/sitio\/producto\/cms50na\/","title":{"rendered":"CMS50NA"},"content":{"rendered":"<h2 class=\"Normal--Web-\"><span class=\"Default-Paragraph-Font Strong\">Introducci\u00f3n<\/span><\/h2>\n<p class=\"Normal--Web-\">El ox\u00edmetro de pulso CMS50NA es un dispositivo no invasivo destinado a la comprobaci\u00f3n puntual de la saturaci\u00f3n de ox\u00edgeno de la hemoglobina arterial (SpO2) y la frecuencia del pulso de pacientes adultos y pedi\u00e1tricos en entornos dom\u00e9sticos y hospitalarios (incluido el uso cl\u00ednico en internistas \/ cirug\u00eda, anestesia, cuidados intensivos, etc.). Este dispositivo no est\u00e1 dise\u00f1ado para la monitorizaci\u00f3n continua.<\/p>\n","protected":false},"excerpt":{"rendered":"<h2 class=\"Normal--Web-\"><span class=\"Default-Paragraph-Font Strong\">Caracter\u00edsticas principales<\/span><\/h2>\n<p class=\"Normal--Web-\">\u25a0 Puede medir SpO2 y frecuencia de pulso con precisi\u00f3n<\/p>\n<p class=\"Normal--Web-\">\u25a0Pantalla de SpO2 y frecuencia de pulso, forma de onda de frecuencia de pulso y visualizaci\u00f3n de gr\u00e1ficos de barras<\/p>\n<p class=\"Normal--Web-\">\u25a0Indicaci\u00f3n de voltaje bajo de la bater\u00eda<\/p>\n<p class=\"Normal--Web-\">\u25a0El modo de visualizaci\u00f3n se puede cambiar.<\/p>\n<p class=\"Normal--Web-\">\u25a0 Brillo de pantalla ajustable<\/p>\n","protected":false},"featured_media":10522,"comment_status":"open","ping_status":"closed","template":"","meta":[],"product_brand":[],"product_cat":[105],"product_tag":[201],"class_list":{"0":"post-10521","1":"product","2":"type-product","3":"status-publish","4":"has-post-thumbnail","6":"product_cat-oximetro-de-pulso","7":"product_tag-oximetro-de-pulso","9":"first","10":"instock","11":"taxable","12":"shipping-taxable","13":"product-type-simple"},"_links":{"self":[{"href":"https:\/\/www.enterpricecorp.com\/sitio\/wp-json\/wp\/v2\/product\/10521","targetHints":{"allow":["GET"]}}],"collection":[{"href":"https:\/\/www.enterpricecorp.com\/sitio\/wp-json\/wp\/v2\/product"}],"about":[{"href":"https:\/\/www.enterpricecorp.com\/sitio\/wp-json\/wp\/v2\/types\/product"}],"replies":[{"embeddable":true,"href":"https:\/\/www.enterpricecorp.com\/sitio\/wp-json\/wp\/v2\/comments?post=10521"}],"version-history":[{"count":1,"href":"https:\/\/www.enterpricecorp.com\/sitio\/wp-json\/wp\/v2\/product\/10521\/revisions"}],"predecessor-version":[{"id":10523,"href":"https:\/\/www.enterpricecorp.com\/sitio\/wp-json\/wp\/v2\/product\/10521\/revisions\/10523"}],"wp:featuredmedia":[{"embeddable":true,"href":"https:\/\/www.enterpricecorp.com\/sitio\/wp-json\/wp\/v2\/media\/10522"}],"wp:attachment":[{"href":"https:\/\/www.enterpricecorp.com\/sitio\/wp-json\/wp\/v2\/media?parent=10521"}],"wp:term":[{"taxonomy":"product_brand","embeddable":true,"href":"https:\/\/www.enterpricecorp.com\/sitio\/wp-json\/wp\/v2\/product_brand?post=10521"},{"taxonomy":"product_cat","embeddable":true,"href":"https:\/\/www.enterpricecorp.com\/sitio\/wp-json\/wp\/v2\/product_cat?post=10521"},{"taxonomy":"product_tag","embeddable":true,"href":"https:\/\/www.enterpricecorp.com\/sitio\/wp-json\/wp\/v2\/product_tag?post=10521"}],"curies":[{"name":"wp","href":"https:\/\/api.w.org\/{rel}","templated":true}]}}