{"id":10493,"date":"2025-09-02T00:48:30","date_gmt":"2025-09-02T00:48:30","guid":{"rendered":"https:\/\/www.enterpricecorp.com\/sitio\/?post_type=product&#038;p=10493"},"modified":"2025-09-02T00:48:30","modified_gmt":"2025-09-02T00:48:30","slug":"oc5b-concentrador-de-oxigeno","status":"publish","type":"product","link":"https:\/\/www.enterpricecorp.com\/sitio\/producto\/oc5b-concentrador-de-oxigeno\/","title":{"rendered":"OC5B Concentrador de ox\u00edgeno"},"content":{"rendered":"<p class=\"Normal--Web-\"><strong>Funci\u00f3n<\/strong><\/p>\n<ul>\n<li class=\"Normal\">Con indicador de trabajo<\/li>\n<li class=\"Normal\">Filtros incorporados para purear el gas<\/li>\n<li class=\"Normal\">Indicador de estado de concentraci\u00f3n de ox\u00edgeno<\/li>\n<li class=\"Normal\">Funci\u00f3n de acumular tiempo<\/li>\n<li class=\"Normal\">Funci\u00f3n de apagado de temporizaci\u00f3n<\/li>\n<li class=\"Normal\">Alarma por corte de energ\u00eda<\/li>\n<li class=\"Normal\">Alarma para protecci\u00f3n de alta\/baja presi\u00f3n<\/li>\n<li class=\"Normal\">Alarma para caudal bajo<\/li>\n<li class=\"Normal\">Alarma para alta temperatura<\/li>\n<li class=\"Normal\">Medir SpO2 y frecuencia del pulso<\/li>\n<\/ul>\n","protected":false},"excerpt":{"rendered":"<p class=\"Normal--Web-\"><strong>Introducci\u00f3n<\/strong><\/p>\n<p class=\"Normal--Web-\">El concentrador de ox\u00edgeno OC5B consist\u00eda en compresor de aire, torre de adsorci\u00f3n de tamiz molecular, sensor y medidor de flujo. Con el tamiz molecular como absorbente, la m\u00e1quina adopta el m\u00e9todo PSA (absorbedores de cambio de presi\u00f3n) para concentrar directamente el ox\u00edgeno m\u00e9dico con alta concentraci\u00f3n del aire.<br \/>\nEs peque\u00f1o y port\u00e1til. La m\u00e1quina toma las ventajas de peque\u00f1o en volumen, ligero en peso, conveniente en movimiento (ya que tiene cami\u00f3n giratorio), estable en rendimiento, alto en seguridad, f\u00e1cil de operar, bajo en ruido, seguro en el trabajo, que cumple con los requisitos del dispositivo m\u00e9dico. La m\u00e1quina tambi\u00e9n puede realizar la medici\u00f3n y visualizaci\u00f3n de SpO2 y frecuencia de pulso conectando accesorios.<br \/>\nLa m\u00e1quina tiene una amplia aplicaci\u00f3n, que incluye familia, cl\u00ednica, hospital, barra de ox\u00edgeno, puesto avanzado de meseta, centro de gimnasio, etc.<\/p>\n","protected":false},"featured_media":10494,"comment_status":"open","ping_status":"closed","template":"","meta":[],"product_brand":[],"product_cat":[238],"product_tag":[239,200],"class_list":{"0":"post-10493","1":"product","2":"type-product","3":"status-publish","4":"has-post-thumbnail","6":"product_cat-concentrador-de-oxigeno","7":"product_tag-concentrador","8":"product_tag-oxigeno","10":"first","11":"instock","12":"taxable","13":"shipping-taxable","14":"product-type-simple"},"_links":{"self":[{"href":"https:\/\/www.enterpricecorp.com\/sitio\/wp-json\/wp\/v2\/product\/10493","targetHints":{"allow":["GET"]}}],"collection":[{"href":"https:\/\/www.enterpricecorp.com\/sitio\/wp-json\/wp\/v2\/product"}],"about":[{"href":"https:\/\/www.enterpricecorp.com\/sitio\/wp-json\/wp\/v2\/types\/product"}],"replies":[{"embeddable":true,"href":"https:\/\/www.enterpricecorp.com\/sitio\/wp-json\/wp\/v2\/comments?post=10493"}],"version-history":[{"count":1,"href":"https:\/\/www.enterpricecorp.com\/sitio\/wp-json\/wp\/v2\/product\/10493\/revisions"}],"predecessor-version":[{"id":10495,"href":"https:\/\/www.enterpricecorp.com\/sitio\/wp-json\/wp\/v2\/product\/10493\/revisions\/10495"}],"wp:featuredmedia":[{"embeddable":true,"href":"https:\/\/www.enterpricecorp.com\/sitio\/wp-json\/wp\/v2\/media\/10494"}],"wp:attachment":[{"href":"https:\/\/www.enterpricecorp.com\/sitio\/wp-json\/wp\/v2\/media?parent=10493"}],"wp:term":[{"taxonomy":"product_brand","embeddable":true,"href":"https:\/\/www.enterpricecorp.com\/sitio\/wp-json\/wp\/v2\/product_brand?post=10493"},{"taxonomy":"product_cat","embeddable":true,"href":"https:\/\/www.enterpricecorp.com\/sitio\/wp-json\/wp\/v2\/product_cat?post=10493"},{"taxonomy":"product_tag","embeddable":true,"href":"https:\/\/www.enterpricecorp.com\/sitio\/wp-json\/wp\/v2\/product_tag?post=10493"}],"curies":[{"name":"wp","href":"https:\/\/api.w.org\/{rel}","templated":true}]}}