{"id":10460,"date":"2025-09-01T23:23:16","date_gmt":"2025-09-01T23:23:16","guid":{"rendered":"https:\/\/www.enterpricecorp.com\/sitio\/?post_type=product&#038;p=10460"},"modified":"2025-09-01T23:23:16","modified_gmt":"2025-09-01T23:23:16","slug":"doppler-sonotrax-ii-pro","status":"publish","type":"product","link":"https:\/\/www.enterpricecorp.com\/sitio\/producto\/doppler-sonotrax-ii-pro\/","title":{"rendered":"Doppler Sonotrax II Pro"},"content":{"rendered":"","protected":false},"excerpt":{"rendered":"<p><strong>Caracter\u00edsticas:\u00a0<\/strong><\/p>\n<ul>\n<li>Dise\u00f1o ergon\u00f3mico, compacto y liviano<\/li>\n<li>Con \u201cBacklight\u201d luz de fondo<\/li>\n<li>Operaci\u00f3n con bater\u00eda de litio recargable 2.4VDC<\/li>\n<li>Precisi\u00f3n en la medici\u00f3n y sonido m\u00e1s claro<\/li>\n<li>Transductor ultras\u00f3nico a prueba de agua e intercambiable<\/li>\n<li>Auto apagado para el ahorro de energ\u00eda<\/li>\n<li>Grabaci\u00f3n de audio<\/li>\n<li>Indicador nivel de bater\u00eda<\/li>\n<\/ul>\n","protected":false},"featured_media":10461,"comment_status":"open","ping_status":"closed","template":"","meta":[],"product_brand":[],"product_cat":[94],"product_tag":[233,110],"class_list":{"0":"post-10460","1":"product","2":"type-product","3":"status-publish","4":"has-post-thumbnail","6":"product_cat-doppler-fetal","7":"product_tag-dopplers","8":"product_tag-ginecologia-y-obstetricia","10":"first","11":"instock","12":"taxable","13":"shipping-taxable","14":"product-type-simple"},"_links":{"self":[{"href":"https:\/\/www.enterpricecorp.com\/sitio\/wp-json\/wp\/v2\/product\/10460","targetHints":{"allow":["GET"]}}],"collection":[{"href":"https:\/\/www.enterpricecorp.com\/sitio\/wp-json\/wp\/v2\/product"}],"about":[{"href":"https:\/\/www.enterpricecorp.com\/sitio\/wp-json\/wp\/v2\/types\/product"}],"replies":[{"embeddable":true,"href":"https:\/\/www.enterpricecorp.com\/sitio\/wp-json\/wp\/v2\/comments?post=10460"}],"version-history":[{"count":1,"href":"https:\/\/www.enterpricecorp.com\/sitio\/wp-json\/wp\/v2\/product\/10460\/revisions"}],"predecessor-version":[{"id":10462,"href":"https:\/\/www.enterpricecorp.com\/sitio\/wp-json\/wp\/v2\/product\/10460\/revisions\/10462"}],"wp:featuredmedia":[{"embeddable":true,"href":"https:\/\/www.enterpricecorp.com\/sitio\/wp-json\/wp\/v2\/media\/10461"}],"wp:attachment":[{"href":"https:\/\/www.enterpricecorp.com\/sitio\/wp-json\/wp\/v2\/media?parent=10460"}],"wp:term":[{"taxonomy":"product_brand","embeddable":true,"href":"https:\/\/www.enterpricecorp.com\/sitio\/wp-json\/wp\/v2\/product_brand?post=10460"},{"taxonomy":"product_cat","embeddable":true,"href":"https:\/\/www.enterpricecorp.com\/sitio\/wp-json\/wp\/v2\/product_cat?post=10460"},{"taxonomy":"product_tag","embeddable":true,"href":"https:\/\/www.enterpricecorp.com\/sitio\/wp-json\/wp\/v2\/product_tag?post=10460"}],"curies":[{"name":"wp","href":"https:\/\/api.w.org\/{rel}","templated":true}]}}