{"id":10429,"date":"2025-09-01T02:31:41","date_gmt":"2025-09-01T02:31:41","guid":{"rendered":"https:\/\/www.enterpricecorp.com\/sitio\/?post_type=product&#038;p=10429"},"modified":"2025-09-01T02:31:41","modified_gmt":"2025-09-01T02:31:41","slug":"tarjeta-electronica-cama-full-electrica","status":"publish","type":"product","link":"https:\/\/www.enterpricecorp.com\/sitio\/producto\/tarjeta-electronica-cama-full-electrica\/","title":{"rendered":"Tarjeta Electr\u00f3nica Cama Full El\u00e9ctrica"},"content":{"rendered":"","protected":false},"excerpt":{"rendered":"<h2>Caracter\u00edsticas<\/h2>\n<p><strong>Informaci\u00f3n Importante: La imagen es de uso \u00fanicamente ilustrativo e informativo. Algunos colores y atributos pueden no estar disponibles o no corresponder al producto. Para mayor informaci\u00f3n sobre disponibilidad de colores y caracter\u00edsticas, consulte con su asesor comercial.<\/strong><\/p>\n<ul>\n<li>Tener precauci\u00f3n con el riesgo el\u00e9ctrico<\/li>\n<li>Precauci\u00f3n no se debe destapar<\/li>\n<li>Amperios 2A<\/li>\n<li>Modelo 2510 order 2510-3-120<\/li>\n<li>Tiene puerto serial, puerto de alimentaci\u00f3n, y 3 puntos de conexi\u00f3n para cabeza,cama y pies<\/li>\n<li>Control para cabeza (terminal amarillo), cama (terminal blanco), pies (terminal rojo)<\/li>\n<\/ul>\n<h2>Especificaciones<\/h2>\n<ul>\n<li><strong>Registro Sanitario<\/strong>\u00a02013DM-0010140<\/li>\n<li><strong>Referencia<\/strong>\u00a0NE-TF08IM Full El\u00e9ctrica NE-TS12IM Semi\u00e9lectrica<\/li>\n<li><strong>Voltaje<\/strong>\u00a0120 V \u2013 60 Hz<\/li>\n<\/ul>\n","protected":false},"featured_media":10430,"comment_status":"open","ping_status":"closed","template":"","meta":[],"product_brand":[],"product_cat":[81],"product_tag":[215,217],"class_list":{"0":"post-10429","1":"product","2":"type-product","3":"status-publish","4":"has-post-thumbnail","6":"product_cat-repuesto-para-cama","7":"product_tag-camillas","8":"product_tag-repuestos-para-cama","10":"first","11":"instock","12":"taxable","13":"shipping-taxable","14":"product-type-simple"},"_links":{"self":[{"href":"https:\/\/www.enterpricecorp.com\/sitio\/wp-json\/wp\/v2\/product\/10429","targetHints":{"allow":["GET"]}}],"collection":[{"href":"https:\/\/www.enterpricecorp.com\/sitio\/wp-json\/wp\/v2\/product"}],"about":[{"href":"https:\/\/www.enterpricecorp.com\/sitio\/wp-json\/wp\/v2\/types\/product"}],"replies":[{"embeddable":true,"href":"https:\/\/www.enterpricecorp.com\/sitio\/wp-json\/wp\/v2\/comments?post=10429"}],"version-history":[{"count":1,"href":"https:\/\/www.enterpricecorp.com\/sitio\/wp-json\/wp\/v2\/product\/10429\/revisions"}],"predecessor-version":[{"id":10432,"href":"https:\/\/www.enterpricecorp.com\/sitio\/wp-json\/wp\/v2\/product\/10429\/revisions\/10432"}],"wp:featuredmedia":[{"embeddable":true,"href":"https:\/\/www.enterpricecorp.com\/sitio\/wp-json\/wp\/v2\/media\/10430"}],"wp:attachment":[{"href":"https:\/\/www.enterpricecorp.com\/sitio\/wp-json\/wp\/v2\/media?parent=10429"}],"wp:term":[{"taxonomy":"product_brand","embeddable":true,"href":"https:\/\/www.enterpricecorp.com\/sitio\/wp-json\/wp\/v2\/product_brand?post=10429"},{"taxonomy":"product_cat","embeddable":true,"href":"https:\/\/www.enterpricecorp.com\/sitio\/wp-json\/wp\/v2\/product_cat?post=10429"},{"taxonomy":"product_tag","embeddable":true,"href":"https:\/\/www.enterpricecorp.com\/sitio\/wp-json\/wp\/v2\/product_tag?post=10429"}],"curies":[{"name":"wp","href":"https:\/\/api.w.org\/{rel}","templated":true}]}}