{"id":10417,"date":"2025-09-01T02:23:16","date_gmt":"2025-09-01T02:23:16","guid":{"rendered":"https:\/\/www.enterpricecorp.com\/sitio\/?post_type=product&#038;p=10417"},"modified":"2025-09-01T02:23:16","modified_gmt":"2025-09-01T02:23:16","slug":"rodillera-ajustable-konfort-plus","status":"publish","type":"product","link":"https:\/\/www.enterpricecorp.com\/sitio\/producto\/rodillera-ajustable-konfort-plus\/","title":{"rendered":"Rodillera Ajustable Konfort Plus"},"content":{"rendered":"<p><strong>Beneficios<\/strong><\/p>\n<p><strong>Informaci\u00f3n Importante: La imagen es de uso \u00fanicamente ilustrativo e informativo. Algunos colores y atributos pueden no estar disponibles o no corresponder al producto. Para mayor informaci\u00f3n sobre disponibilidad de colores y caracter\u00edsticas, consulte con su asesor comercial.<\/strong><\/p>\n<ul>\n<li>Gracias a su ajuste en velcro puede adaptarse a la medida de cada paciente.<\/li>\n<li>La flexibilidad y resistencia del neopreno aporta estabilidad y seguridad a la rodilla.<\/li>\n<\/ul>\n<p>Caracter\u00edsticas<\/p>\n<ul>\n<li>Soporte a la paleta<\/li>\n<li>Resistente<\/li>\n<li>F\u00e1cil colocaci\u00f3n<\/li>\n<li>Estabilizaci\u00f3n en movimiento<\/li>\n<li>Empaque eco-amigable<\/li>\n<\/ul>\n","protected":false},"excerpt":{"rendered":"<div class=\"woocommerce-product-details__short-description\">\n<p>Esta rodillera ajustable fabricada en neopreno aporta estabilidad, seguridad y sujeci\u00f3n a la rodilla en pacientes con problemas de r\u00f3tula. Ideal para usar en la marcha y en actividades deportivas. Ayuda en la reducci\u00f3n de edemas, procesos inflamatorios, ligeras contusiones, inestabilidad de r\u00f3tula, artritis y artrosis.<\/p>\n<\/div>\n<form class=\"cart\" action=\"https:\/\/bimedik.com.co\/producto\/rodillera-ajustable-konfort-plus\/\" enctype=\"multipart\/form-data\" method=\"post\">\n<div class=\"quantity\"><\/div>\n<\/form>\n","protected":false},"featured_media":10418,"comment_status":"open","ping_status":"closed","template":"","meta":[],"product_brand":[],"product_cat":[82],"product_tag":[225],"class_list":{"0":"post-10417","1":"product","2":"type-product","3":"status-publish","4":"has-post-thumbnail","6":"product_cat-linea-blanda","7":"product_tag-linea-blanda","9":"first","10":"instock","11":"taxable","12":"shipping-taxable","13":"product-type-simple"},"_links":{"self":[{"href":"https:\/\/www.enterpricecorp.com\/sitio\/wp-json\/wp\/v2\/product\/10417","targetHints":{"allow":["GET"]}}],"collection":[{"href":"https:\/\/www.enterpricecorp.com\/sitio\/wp-json\/wp\/v2\/product"}],"about":[{"href":"https:\/\/www.enterpricecorp.com\/sitio\/wp-json\/wp\/v2\/types\/product"}],"replies":[{"embeddable":true,"href":"https:\/\/www.enterpricecorp.com\/sitio\/wp-json\/wp\/v2\/comments?post=10417"}],"version-history":[{"count":1,"href":"https:\/\/www.enterpricecorp.com\/sitio\/wp-json\/wp\/v2\/product\/10417\/revisions"}],"predecessor-version":[{"id":10419,"href":"https:\/\/www.enterpricecorp.com\/sitio\/wp-json\/wp\/v2\/product\/10417\/revisions\/10419"}],"wp:featuredmedia":[{"embeddable":true,"href":"https:\/\/www.enterpricecorp.com\/sitio\/wp-json\/wp\/v2\/media\/10418"}],"wp:attachment":[{"href":"https:\/\/www.enterpricecorp.com\/sitio\/wp-json\/wp\/v2\/media?parent=10417"}],"wp:term":[{"taxonomy":"product_brand","embeddable":true,"href":"https:\/\/www.enterpricecorp.com\/sitio\/wp-json\/wp\/v2\/product_brand?post=10417"},{"taxonomy":"product_cat","embeddable":true,"href":"https:\/\/www.enterpricecorp.com\/sitio\/wp-json\/wp\/v2\/product_cat?post=10417"},{"taxonomy":"product_tag","embeddable":true,"href":"https:\/\/www.enterpricecorp.com\/sitio\/wp-json\/wp\/v2\/product_tag?post=10417"}],"curies":[{"name":"wp","href":"https:\/\/api.w.org\/{rel}","templated":true}]}}