{"id":10414,"date":"2025-09-01T02:21:22","date_gmt":"2025-09-01T02:21:22","guid":{"rendered":"https:\/\/www.enterpricecorp.com\/sitio\/?post_type=product&#038;p=10414"},"modified":"2025-09-01T02:21:22","modified_gmt":"2025-09-01T02:21:22","slug":"faja-abdominal-de-23-cm","status":"publish","type":"product","link":"https:\/\/www.enterpricecorp.com\/sitio\/producto\/faja-abdominal-de-23-cm\/","title":{"rendered":"Faja Abdominal de 23 cm"},"content":{"rendered":"<p><strong>Beneficios<\/strong><\/p>\n<p><strong>Informaci\u00f3n Importante: La imagen es de uso \u00fanicamente ilustrativo e informativo. Algunos colores y atributos pueden no estar disponibles o no corresponder al producto. Para mayor informaci\u00f3n sobre disponibilidad de colores y caracter\u00edsticas, consulte con su asesor comercial.<\/strong><\/p>\n<ul>\n<li>Limitan la flexi\u00f3n p\u00e9lvica para restaurar el alineamiento de la columna.<\/li>\n<li>Estimulan el h\u00e1bito al uso de t\u00e9cnicas adecuadas para el levantamiento de pesos.<\/li>\n<li>Proporcionan un firme apoyo al \u00e1rea lumbar baja ante el esfuerzo de cargas.<\/li>\n<\/ul>\n<p><strong>Beneficios<\/strong><\/p>\n<ul>\n<li>Protecci\u00f3n post-quir\u00fargica<\/li>\n<li>No irrita la piel<\/li>\n<li>Tama\u00f1o ajustable<\/li>\n<li>F\u00e1cil de limpiar<\/li>\n<li>Empaque eco-amigable<\/li>\n<\/ul>\n<p><strong>Especificaciones<\/strong><\/p>\n<ul>\n<li><strong>Referencia:<\/strong>KBF-AB23-S\/M<\/li>\n<li><strong>Registro Sanitario:<\/strong>\u00a02018DM-0018522<\/li>\n<li><strong>Dimensiones caja master:<\/strong>57 cm x 37 cm x 36 cm<\/li>\n<li><strong>Cantidad por caja master:<\/strong>Tallas S\/M 94 Unds<\/li>\n<li><strong>Peso neto caja master:<\/strong>\u00a011,5 kg<\/li>\n<li><strong>Peso bruto caja master:<\/strong>\u00a013,5 kg<\/li>\n<li><strong>Peso neto unidad:<\/strong>0,15 kg<\/li>\n<li><strong>Largo total producto:<\/strong>80 cm<\/li>\n<li><strong>Alto total producto:<\/strong>23,5 cm<\/li>\n<li><strong>Per\u00edmetro de sujeci\u00f3n de la faja:<\/strong>58 cm, 66 cm, 74 cm<\/li>\n<li><strong>Tipo de Tela:<\/strong>Resorte Reforzado<\/li>\n<\/ul>\n","protected":false},"excerpt":{"rendered":"<div class=\"woocommerce-product-details__short-description\">\n<p>Elaborada en el\u00e1stico libre de l\u00e1tex, velcro gancho y felpa, acompa\u00f1ada de un soporte de plaquetas en polipropileno posteriores, verticales. Dise\u00f1ada para brindar soporte y mejorar la funcionalidad de los m\u00fasculos abdominales en post-operatorios, hernias y post-partos.<\/p>\n<\/div>\n<form class=\"cart\" action=\"https:\/\/bimedik.com.co\/producto\/faja-abdominal-de-23-cm\/\" enctype=\"multipart\/form-data\" method=\"post\">\n<div class=\"quantity\"><\/div>\n<\/form>\n","protected":false},"featured_media":10415,"comment_status":"open","ping_status":"closed","template":"","meta":[],"product_brand":[],"product_cat":[82],"product_tag":[225],"class_list":{"0":"post-10414","1":"product","2":"type-product","3":"status-publish","4":"has-post-thumbnail","6":"product_cat-linea-blanda","7":"product_tag-linea-blanda","9":"first","10":"instock","11":"taxable","12":"shipping-taxable","13":"product-type-simple"},"_links":{"self":[{"href":"https:\/\/www.enterpricecorp.com\/sitio\/wp-json\/wp\/v2\/product\/10414","targetHints":{"allow":["GET"]}}],"collection":[{"href":"https:\/\/www.enterpricecorp.com\/sitio\/wp-json\/wp\/v2\/product"}],"about":[{"href":"https:\/\/www.enterpricecorp.com\/sitio\/wp-json\/wp\/v2\/types\/product"}],"replies":[{"embeddable":true,"href":"https:\/\/www.enterpricecorp.com\/sitio\/wp-json\/wp\/v2\/comments?post=10414"}],"version-history":[{"count":1,"href":"https:\/\/www.enterpricecorp.com\/sitio\/wp-json\/wp\/v2\/product\/10414\/revisions"}],"predecessor-version":[{"id":10416,"href":"https:\/\/www.enterpricecorp.com\/sitio\/wp-json\/wp\/v2\/product\/10414\/revisions\/10416"}],"wp:featuredmedia":[{"embeddable":true,"href":"https:\/\/www.enterpricecorp.com\/sitio\/wp-json\/wp\/v2\/media\/10415"}],"wp:attachment":[{"href":"https:\/\/www.enterpricecorp.com\/sitio\/wp-json\/wp\/v2\/media?parent=10414"}],"wp:term":[{"taxonomy":"product_brand","embeddable":true,"href":"https:\/\/www.enterpricecorp.com\/sitio\/wp-json\/wp\/v2\/product_brand?post=10414"},{"taxonomy":"product_cat","embeddable":true,"href":"https:\/\/www.enterpricecorp.com\/sitio\/wp-json\/wp\/v2\/product_cat?post=10414"},{"taxonomy":"product_tag","embeddable":true,"href":"https:\/\/www.enterpricecorp.com\/sitio\/wp-json\/wp\/v2\/product_tag?post=10414"}],"curies":[{"name":"wp","href":"https:\/\/api.w.org\/{rel}","templated":true}]}}