{"id":10408,"date":"2025-09-01T02:17:27","date_gmt":"2025-09-01T02:17:27","guid":{"rendered":"https:\/\/www.enterpricecorp.com\/sitio\/?post_type=product&#038;p=10408"},"modified":"2025-09-01T02:17:28","modified_gmt":"2025-09-01T02:17:28","slug":"cabestrillo-adulto-azul-profundo","status":"publish","type":"product","link":"https:\/\/www.enterpricecorp.com\/sitio\/producto\/cabestrillo-adulto-azul-profundo\/","title":{"rendered":"Cabestrillo Adulto Azul Profundo"},"content":{"rendered":"<p><strong>Beneficios<\/strong><\/p>\n<p>Informaci\u00f3n Importante: La imagen es de uso \u00fanicamente ilustrativo e informativo. Algunos colores y atributos pueden no estar disponibles o no corresponder al producto. Para mayor informaci\u00f3n sobre disponibilidad de colores y caracter\u00edsticas, consulte con su asesor comercial.<\/p>\n<ul>\n<li>Cuenta con un dise\u00f1o ergon\u00f3mico.<\/li>\n<li>Su funci\u00f3n es ser inmovilizador.<\/li>\n<li>Posee correas regulables para adaptarse a distintos tama\u00f1os.<\/li>\n<li>Es hecho con materiales suaves, frescos y livianos.<\/li>\n<li>Es lavable.<\/li>\n<li>Viene con empaque eco-amigable.<\/li>\n<\/ul>\n<p><strong>Caracter\u00edsticas<\/strong><\/p>\n<ul>\n<li>\n<ul>\n<li>INDICACIONES:\u00a0Fracturas de hombro, codo, post-operatorios, lesiones de tejidos blandos.<\/li>\n<li>INSTRUCCIONES DE USO<\/li>\n<li>1. Inserte el brazo en el producto.<\/li>\n<li>2. Pase la reata alrededor de la espalda y cintura.<\/li>\n<li>3. Ajuste la reata por medio de la hebilla hacia el frente. Deje la almohadilla encima de su hombro<\/li>\n<\/ul>\n<\/li>\n<\/ul>\n<ul>\n<li>RECOMENDACIONES DE LAVADO<\/li>\n<li>Lavar peri\u00f3dicamente a mano, con agua tibia y jab\u00f3n neutro, no usar blanqueador, no retorcer<\/li>\n<li>d\u00e9jela secar al aire libre.<\/li>\n<\/ul>\n<p><strong>Especificaciones<\/strong><\/p>\n<ul>\n<li><strong>Registro Sanitario:<\/strong>\u00a02018DM-0018516<\/li>\n<li><strong>Referencia:<\/strong>\u00a0KBC-AA<\/li>\n<li><strong>Dimensiones caja master:<\/strong>57cm<\/li>\n<li><strong>Cantidad por caja master:<\/strong>109 unidades<\/li>\n<li><strong>Peso neto caja master:\u00a0<\/strong>11 kg<\/li>\n<li><strong>Peso bruto caja master:\u00a0<\/strong>9 kg<\/li>\n<li><strong>Peso neto unidad:<\/strong>0,1 kg<\/li>\n<li><strong>Largo total producto:\u00a0<\/strong>41 cm<\/li>\n<li><strong>Alto total producto:\u00a0<\/strong>18 cm<\/li>\n<li><strong>Largo de la reata:<\/strong>\u00a0Superior: 107 cm Inferior: 107 cm<\/li>\n<li><strong>Ancho de la reata:\u00a0<\/strong>2,5 cm<\/li>\n<li><strong>Tipo de Tela:\u00a0<\/strong>Dacron \/ Dril<\/li>\n<\/ul>\n","protected":false},"excerpt":{"rendered":"<div class=\"woocommerce-product-details__short-description\">\n<p>Elaborado en tela de algod\u00f3n, reatas y bondeado en poli\u00e9ster, dise\u00f1ado para brindar un soporte en traumas e inestabilidad, con inmovilizador circular a la espalda, indicado en fracturas, esguinces y lesiones de hombro y codo.<\/p>\n<\/div>\n<form class=\"cart\" action=\"https:\/\/bimedik.com.co\/producto\/cabestrillo-adulto-azul-profundo\/\" enctype=\"multipart\/form-data\" method=\"post\">\n<div class=\"quantity\"><\/div>\n<\/form>\n","protected":false},"featured_media":10409,"comment_status":"open","ping_status":"closed","template":"","meta":[],"product_brand":[],"product_cat":[82],"product_tag":[225],"class_list":{"0":"post-10408","1":"product","2":"type-product","3":"status-publish","4":"has-post-thumbnail","6":"product_cat-linea-blanda","7":"product_tag-linea-blanda","9":"first","10":"instock","11":"taxable","12":"shipping-taxable","13":"product-type-simple"},"_links":{"self":[{"href":"https:\/\/www.enterpricecorp.com\/sitio\/wp-json\/wp\/v2\/product\/10408","targetHints":{"allow":["GET"]}}],"collection":[{"href":"https:\/\/www.enterpricecorp.com\/sitio\/wp-json\/wp\/v2\/product"}],"about":[{"href":"https:\/\/www.enterpricecorp.com\/sitio\/wp-json\/wp\/v2\/types\/product"}],"replies":[{"embeddable":true,"href":"https:\/\/www.enterpricecorp.com\/sitio\/wp-json\/wp\/v2\/comments?post=10408"}],"version-history":[{"count":1,"href":"https:\/\/www.enterpricecorp.com\/sitio\/wp-json\/wp\/v2\/product\/10408\/revisions"}],"predecessor-version":[{"id":10410,"href":"https:\/\/www.enterpricecorp.com\/sitio\/wp-json\/wp\/v2\/product\/10408\/revisions\/10410"}],"wp:featuredmedia":[{"embeddable":true,"href":"https:\/\/www.enterpricecorp.com\/sitio\/wp-json\/wp\/v2\/media\/10409"}],"wp:attachment":[{"href":"https:\/\/www.enterpricecorp.com\/sitio\/wp-json\/wp\/v2\/media?parent=10408"}],"wp:term":[{"taxonomy":"product_brand","embeddable":true,"href":"https:\/\/www.enterpricecorp.com\/sitio\/wp-json\/wp\/v2\/product_brand?post=10408"},{"taxonomy":"product_cat","embeddable":true,"href":"https:\/\/www.enterpricecorp.com\/sitio\/wp-json\/wp\/v2\/product_cat?post=10408"},{"taxonomy":"product_tag","embeddable":true,"href":"https:\/\/www.enterpricecorp.com\/sitio\/wp-json\/wp\/v2\/product_tag?post=10408"}],"curies":[{"name":"wp","href":"https:\/\/api.w.org\/{rel}","templated":true}]}}