{"id":10171,"date":"2025-08-31T22:53:20","date_gmt":"2025-08-31T22:53:20","guid":{"rendered":"https:\/\/www.enterpricecorp.com\/sitio\/?post_type=product&#038;p=10171"},"modified":"2025-08-31T22:53:20","modified_gmt":"2025-08-31T22:53:20","slug":"silla-de-ruedas-pediatrica-deportiva-g5-gris-konfort-plus","status":"publish","type":"product","link":"https:\/\/www.enterpricecorp.com\/sitio\/producto\/silla-de-ruedas-pediatrica-deportiva-g5-gris-konfort-plus\/","title":{"rendered":"Silla de Ruedas Pedi\u00e1trica Deportiva G5 Gris Konfort Plus"},"content":{"rendered":"<p><strong>Beneficios<\/strong><\/p>\n<ul>\n<li>Llantas antivuelco.<\/li>\n<\/ul>\n<p><strong>Caracter\u00edsticas<\/strong><\/p>\n<ul>\n<li>Plataforma del apoya pies pl\u00e1sticos.<\/li>\n<li>Aro impulsor de aluminio.<\/li>\n<li>Panel lateral en pl\u00e1stico y ajustable.<\/li>\n<li>Tijeras en aluminio color azul.<\/li>\n<li>Confortable y resistente tapicer\u00eda de nylon e ignifuga.<\/li>\n<li>\u0178Freno de seguridad ergon\u00f3mico.<\/li>\n<\/ul>\n<p><strong>Espeficicacaciones<\/strong><\/p>\n<ul>\n<li><strong>Ancho del asiento:\u00a0<\/strong>Ajustable de 26cm, 30cm y 36cm.<\/li>\n<li><strong>Profundidad del asiento:\u00a0<\/strong>De 31 cm.<\/li>\n<li><strong>Altura del asiento al piso:\u00a0<\/strong>42.5 cm.<\/li>\n<li><strong>Estructura:\u00a0<\/strong>Aluminio.<\/li>\n<li><strong>Apoya brazos:<\/strong>\u00a0Removibles y graduables en altura.<\/li>\n<li><strong>Apoya pies:\u00a0<\/strong>Removibles y graduables en altura.<\/li>\n<li><strong>Estilo del espaldar:\u00a0<\/strong>Fijo.<\/li>\n<li><strong>Altura del espaldar:\u00a0<\/strong>40 cm.<\/li>\n<li><strong>Ruedas delanteras: <\/strong>Macizas de 6\u201d.<\/li>\n<li><strong>Ruedas traseras:<\/strong>\u00a0Inflables de 22\u201d con pin de desmonte r\u00e1pido con radios de 3\/8\u201d.<\/li>\n<li><strong>Rines:\u00a0<\/strong>Radio<\/li>\n<li><strong>Peso del producto:\u00a0<\/strong>16.30 Kg.<\/li>\n<li><strong>Peso m\u00e1x. usuario:\u00a0<\/strong>73 Kg.<\/li>\n<li><strong>Peso del empaque:\u00a0<\/strong>19.45 Kg.<\/li>\n<li><strong>Dimensiones de la caja:\u00a0<\/strong>75.0 x 33.0 x 88.0 cm.<\/li>\n<\/ul>\n<p><strong>Silla<\/strong><\/p>\n<p>Ni\u00f1o con estilo de vida activo que le gusta salir de su casa y moverse de forma independiente<\/p>\n","protected":false},"excerpt":{"rendered":"<p>Para ni\u00f1os que quieren realizar sus actividades cotidianas libremente con m\u00faltiples opciones de configuraci\u00f3n que se adapta al crecimiento.<\/p>\n","protected":false},"featured_media":10172,"comment_status":"open","ping_status":"closed","template":"","meta":[],"product_brand":[],"product_cat":[75],"product_tag":[207],"class_list":{"0":"post-10171","1":"product","2":"type-product","3":"status-publish","4":"has-post-thumbnail","6":"product_cat-sillas-de-ruedas-pedriaticas","7":"product_tag-silla-de-ruedas","9":"first","10":"instock","11":"taxable","12":"shipping-taxable","13":"product-type-simple"},"_links":{"self":[{"href":"https:\/\/www.enterpricecorp.com\/sitio\/wp-json\/wp\/v2\/product\/10171","targetHints":{"allow":["GET"]}}],"collection":[{"href":"https:\/\/www.enterpricecorp.com\/sitio\/wp-json\/wp\/v2\/product"}],"about":[{"href":"https:\/\/www.enterpricecorp.com\/sitio\/wp-json\/wp\/v2\/types\/product"}],"replies":[{"embeddable":true,"href":"https:\/\/www.enterpricecorp.com\/sitio\/wp-json\/wp\/v2\/comments?post=10171"}],"version-history":[{"count":1,"href":"https:\/\/www.enterpricecorp.com\/sitio\/wp-json\/wp\/v2\/product\/10171\/revisions"}],"predecessor-version":[{"id":10173,"href":"https:\/\/www.enterpricecorp.com\/sitio\/wp-json\/wp\/v2\/product\/10171\/revisions\/10173"}],"wp:featuredmedia":[{"embeddable":true,"href":"https:\/\/www.enterpricecorp.com\/sitio\/wp-json\/wp\/v2\/media\/10172"}],"wp:attachment":[{"href":"https:\/\/www.enterpricecorp.com\/sitio\/wp-json\/wp\/v2\/media?parent=10171"}],"wp:term":[{"taxonomy":"product_brand","embeddable":true,"href":"https:\/\/www.enterpricecorp.com\/sitio\/wp-json\/wp\/v2\/product_brand?post=10171"},{"taxonomy":"product_cat","embeddable":true,"href":"https:\/\/www.enterpricecorp.com\/sitio\/wp-json\/wp\/v2\/product_cat?post=10171"},{"taxonomy":"product_tag","embeddable":true,"href":"https:\/\/www.enterpricecorp.com\/sitio\/wp-json\/wp\/v2\/product_tag?post=10171"}],"curies":[{"name":"wp","href":"https:\/\/api.w.org\/{rel}","templated":true}]}}