{"id":10151,"date":"2025-08-31T22:28:05","date_gmt":"2025-08-31T22:28:05","guid":{"rendered":"https:\/\/www.enterpricecorp.com\/sitio\/?post_type=product&#038;p=10151"},"modified":"2025-08-31T22:28:05","modified_gmt":"2025-08-31T22:28:05","slug":"silla-de-ruedas-konfort-standard","status":"publish","type":"product","link":"https:\/\/www.enterpricecorp.com\/sitio\/producto\/silla-de-ruedas-konfort-standard\/","title":{"rendered":"Silla de ruedas Konfort Standard"},"content":{"rendered":"<p><strong>Caracteristicas<\/strong><\/p>\n<ul>\n<li>Apoyabrazos removibles tipo escritorio con l\u00e1mina lateral<\/li>\n<li>Estructura en acero martillado color negro grafito plegable, con un calibre de tubo de 3 mm<\/li>\n<li>Confortable tapicer\u00eda en cordob\u00e1n acolchado<\/li>\n<li>Freno manual en llantas traseras<\/li>\n<li>Reposapi\u00e9s abatibles y removibles<\/li>\n<li>Aros de propulsi\u00f3n<\/li>\n<li>Ruedas delanteras rin estrella y material maciza<\/li>\n<li>Llantas traseras macizas rin estrella<\/li>\n<li>Capacidad de peso de hasta 120 Kg<\/li>\n<li>Tama\u00f1os: 36 cm, 45 cm y 51 cm<\/li>\n<\/ul>\n<p><strong>Especificaciones<\/strong><\/p>\n<ul>\n<li><strong>Material\u00a0<\/strong>Acero martillado pintado.<\/li>\n<li><strong>Peso neto\u00a0<\/strong>19,12 Kg.<\/li>\n<li><strong>Capacidad de peso<\/strong>\u00a0130 kg.<\/li>\n<li><strong>Ruedas delanteras\u00a0<\/strong>Rin estrella maciza 8 x 1 3\/8 \u00ab.<\/li>\n<li><strong>Llantas traseras\u00a0<\/strong>Rin estrella maciza en poliuretano 24 x 1 3\/8 \u00ab.<\/li>\n<\/ul>\n<p><strong>User persona<\/strong><\/p>\n<p>Adulto con dificultad para moverse que requiera estar sentado por un corto periodo de tiempo.<\/p>\n","protected":false},"excerpt":{"rendered":"<p>Para quienes necesitan ayuda para movilizarse por un rato, en una silla de ruedas con marco de mayor resistencia.<\/p>\n<p><strong>Beneficios<\/strong><\/p>\n<p><strong>Informaci\u00f3n Importante: La imagen es de uso \u00fanicamente ilustrativo e informativo. Algunos colores y atributos pueden no estar disponibles o no corresponder al producto. Para mayor informaci\u00f3n sobre disponibilidad de colores y caracter\u00edsticas, consulte con su asesor comercial.<\/strong><\/p>\n<ul>\n<li>Resistente y segura, brinda mayor durabilidad por su marco en acero martillado y calibre del tubo de 3 mil\u00edmetros.<\/li>\n<li>Mayor facilidad para hacer transferencias por sus apoyabrazos removibles por medio de pin y sus reposapi\u00e9s abatibles.<\/li>\n<li>F\u00e1cil limpieza por su tapicer\u00eda en cordob\u00e1n.<\/li>\n<\/ul>\n<p><strong>Medidas<\/strong><\/p>\n<ul>\n<li><strong>Ancho total de la silla\u00a0<\/strong>68 cm.<\/li>\n<li><strong>Longitud de la silla<\/strong>\u00a0102 cm.<\/li>\n<li><strong>Altura del respaldo<\/strong>\u00a042 cm.<\/li>\n<li><strong>Altura del asiento al piso<\/strong>\u00a052 cm.<\/li>\n<li><strong>Altura del apoyabrazos<\/strong>\u00a022 cm.<\/li>\n<li><strong>Profundidad del asiento<\/strong>\u00a043 cm.<\/li>\n<li><strong>Ancho del asiento<\/strong>\u00a045 cm \/ 36 cm \/45 cm \/ 51 cm.<\/li>\n<\/ul>\n","protected":false},"featured_media":10152,"comment_status":"open","ping_status":"closed","template":"","meta":[],"product_brand":[],"product_cat":[74],"product_tag":[207],"class_list":{"0":"post-10151","1":"product","2":"type-product","3":"status-publish","4":"has-post-thumbnail","6":"product_cat-sillas-de-ruedas-estandar-linea-moviliarios","7":"product_tag-silla-de-ruedas","9":"first","10":"instock","11":"taxable","12":"shipping-taxable","13":"product-type-simple"},"_links":{"self":[{"href":"https:\/\/www.enterpricecorp.com\/sitio\/wp-json\/wp\/v2\/product\/10151","targetHints":{"allow":["GET"]}}],"collection":[{"href":"https:\/\/www.enterpricecorp.com\/sitio\/wp-json\/wp\/v2\/product"}],"about":[{"href":"https:\/\/www.enterpricecorp.com\/sitio\/wp-json\/wp\/v2\/types\/product"}],"replies":[{"embeddable":true,"href":"https:\/\/www.enterpricecorp.com\/sitio\/wp-json\/wp\/v2\/comments?post=10151"}],"version-history":[{"count":1,"href":"https:\/\/www.enterpricecorp.com\/sitio\/wp-json\/wp\/v2\/product\/10151\/revisions"}],"predecessor-version":[{"id":10156,"href":"https:\/\/www.enterpricecorp.com\/sitio\/wp-json\/wp\/v2\/product\/10151\/revisions\/10156"}],"wp:featuredmedia":[{"embeddable":true,"href":"https:\/\/www.enterpricecorp.com\/sitio\/wp-json\/wp\/v2\/media\/10152"}],"wp:attachment":[{"href":"https:\/\/www.enterpricecorp.com\/sitio\/wp-json\/wp\/v2\/media?parent=10151"}],"wp:term":[{"taxonomy":"product_brand","embeddable":true,"href":"https:\/\/www.enterpricecorp.com\/sitio\/wp-json\/wp\/v2\/product_brand?post=10151"},{"taxonomy":"product_cat","embeddable":true,"href":"https:\/\/www.enterpricecorp.com\/sitio\/wp-json\/wp\/v2\/product_cat?post=10151"},{"taxonomy":"product_tag","embeddable":true,"href":"https:\/\/www.enterpricecorp.com\/sitio\/wp-json\/wp\/v2\/product_tag?post=10151"}],"curies":[{"name":"wp","href":"https:\/\/api.w.org\/{rel}","templated":true}]}}