{"id":10133,"date":"2025-08-31T22:19:25","date_gmt":"2025-08-31T22:19:25","guid":{"rendered":"https:\/\/www.enterpricecorp.com\/sitio\/?post_type=product&#038;p=10133"},"modified":"2025-08-31T22:19:25","modified_gmt":"2025-08-31T22:19:25","slug":"silla-de-ruedas-estandar-elevable-o-removible-konfort-basic","status":"publish","type":"product","link":"https:\/\/www.enterpricecorp.com\/sitio\/producto\/silla-de-ruedas-estandar-elevable-o-removible-konfort-basic\/","title":{"rendered":"Silla de Ruedas Est\u00e1ndar Elevable o Removible Konfort Basic"},"content":{"rendered":"<p><strong>Beneficios<\/strong><\/p>\n<p>Informaci\u00f3n Importante: La imagen es de uso \u00fanicamente ilustrativo e informativo. Algunos colores y atributos pueden no estar disponibles o no corresponder al producto. Para mayor informaci\u00f3n sobre disponibilidad de colores y caracter\u00edsticas, consulte con su asesor comercial.<\/p>\n<ul>\n<li>F\u00e1cil de transportar y almacenar ya que es plegable y tiene piezas removibles.<\/li>\n<li>Mayor durabilidad por su estructura en acero martillado.<\/li>\n<li>Mayor facilidad para hacer transferencias por sus apoyabrazos y reposapi\u00e9s removibles.<\/li>\n<li>F\u00e1cil limpieza por su tapicer\u00eda en cordob\u00e1n.<\/li>\n<\/ul>\n<p><b>Caracter\u00edsticas<\/b><\/p>\n<p>NOTA Importante: El producto puede oxidarse si entra en contacto con el agua, aseg\u00farese de mantenerlo en un lugar seco.<\/p>\n<ul>\n<li>Marco plegable en acero martillado de medidas est\u00e1ndar para pacientes adultos<\/li>\n<li>Sus llantas traseras en poliuretano (PU) se adaptan a todo tipo de terreno y ayudan a amortiguar en el desplazamiento<\/li>\n<li>Reposapi\u00e9s con plataforma abatible y banda para sujeci\u00f3n de piernas<\/li>\n<li>Color del marco negro grafito<\/li>\n<li>Bolsillo en el respaldo<\/li>\n<\/ul>\n<p><strong>Especificaciones<\/strong><\/p>\n<ul>\n<li><strong>Material\u00a0<\/strong>Acero martillado.<\/li>\n<li><strong>Peso neto\u00a0<\/strong>16,7 Kg.<\/li>\n<li><strong>Capacidad de peso\u00a0<\/strong>90 kg.<\/li>\n<li><strong>Ruedas delanteras\u00a0<\/strong>Rin estrella \u2013 maciza<\/li>\n<li><strong>Llantas traseras\u00a0<\/strong>Rin estrella en poliuretano color negro 23,5 x 1,090 \u00ab.<\/li>\n<\/ul>\n","protected":false},"excerpt":{"rendered":"<p>Para quienes necesitan ayuda para movilizarse por un rato y desean hacer transferencias con mayor facilidad.<\/p>\n<p><strong>Medidas<\/strong><\/p>\n<ul>\n<li><strong>Altura de los reposapi\u00e9s<\/strong>\u00a041- 49 cm.<\/li>\n<li><strong>Altura del apoyabrazos\u00a0<\/strong>21,5 cm.<\/li>\n<li><strong>Altura del respaldo\u00a0<\/strong>42 cm.<\/li>\n<li><strong>Ancho del asiento\u00a0<\/strong>45 cm.<\/li>\n<li><strong>Ancho total de la silla\u00a0<\/strong>64,4 cm.<\/li>\n<li><strong>Profundidad del asiento\u00a0<\/strong>43,5 cm.<\/li>\n<\/ul>\n<p><strong>User persona<\/strong><\/p>\n<p>Adulto con dificultad para moverse que requiera estar sentado por un corto periodo de tiempo.<\/p>\n","protected":false},"featured_media":10134,"comment_status":"open","ping_status":"closed","template":"","meta":[],"product_brand":[],"product_cat":[74],"product_tag":[207],"class_list":{"0":"post-10133","1":"product","2":"type-product","3":"status-publish","4":"has-post-thumbnail","6":"product_cat-sillas-de-ruedas-estandar-linea-moviliarios","7":"product_tag-silla-de-ruedas","9":"first","10":"instock","11":"taxable","12":"shipping-taxable","13":"product-type-simple"},"_links":{"self":[{"href":"https:\/\/www.enterpricecorp.com\/sitio\/wp-json\/wp\/v2\/product\/10133","targetHints":{"allow":["GET"]}}],"collection":[{"href":"https:\/\/www.enterpricecorp.com\/sitio\/wp-json\/wp\/v2\/product"}],"about":[{"href":"https:\/\/www.enterpricecorp.com\/sitio\/wp-json\/wp\/v2\/types\/product"}],"replies":[{"embeddable":true,"href":"https:\/\/www.enterpricecorp.com\/sitio\/wp-json\/wp\/v2\/comments?post=10133"}],"version-history":[{"count":1,"href":"https:\/\/www.enterpricecorp.com\/sitio\/wp-json\/wp\/v2\/product\/10133\/revisions"}],"predecessor-version":[{"id":10138,"href":"https:\/\/www.enterpricecorp.com\/sitio\/wp-json\/wp\/v2\/product\/10133\/revisions\/10138"}],"wp:featuredmedia":[{"embeddable":true,"href":"https:\/\/www.enterpricecorp.com\/sitio\/wp-json\/wp\/v2\/media\/10134"}],"wp:attachment":[{"href":"https:\/\/www.enterpricecorp.com\/sitio\/wp-json\/wp\/v2\/media?parent=10133"}],"wp:term":[{"taxonomy":"product_brand","embeddable":true,"href":"https:\/\/www.enterpricecorp.com\/sitio\/wp-json\/wp\/v2\/product_brand?post=10133"},{"taxonomy":"product_cat","embeddable":true,"href":"https:\/\/www.enterpricecorp.com\/sitio\/wp-json\/wp\/v2\/product_cat?post=10133"},{"taxonomy":"product_tag","embeddable":true,"href":"https:\/\/www.enterpricecorp.com\/sitio\/wp-json\/wp\/v2\/product_tag?post=10133"}],"curies":[{"name":"wp","href":"https:\/\/api.w.org\/{rel}","templated":true}]}}