{"id":10113,"date":"2025-08-31T22:05:52","date_gmt":"2025-08-31T22:05:52","guid":{"rendered":"https:\/\/www.enterpricecorp.com\/sitio\/?post_type=product&#038;p=10113"},"modified":"2025-08-31T22:05:52","modified_gmt":"2025-08-31T22:05:52","slug":"silla-de-ruedas-ligera-en-aluminio-konfort-plus","status":"publish","type":"product","link":"https:\/\/www.enterpricecorp.com\/sitio\/producto\/silla-de-ruedas-ligera-en-aluminio-konfort-plus\/","title":{"rendered":"Silla de Ruedas Ligera en Aluminio Konfort Plus"},"content":{"rendered":"<p>Para quienes necesitan ayuda para movilizarse con autonom\u00eda y activamente en exteriores o interiores. Cuando necesite transportarla o guardarla ser\u00e1 m\u00e1s f\u00e1cil gracias a su opci\u00f3n de plegado de su marco y llantas desmontables. Mayor adaptabilidad gracias a sus m\u00faltiples configuraciones en medida.<\/p>\n<p><strong>Beneficios<\/strong><\/p>\n<p><strong>Informaci\u00f3n Importante: La imagen es de uso \u00fanicamente ilustrativo e informativo. Algunos colores y atributos pueden no estar disponibles o no corresponder al producto. Para mayor informaci\u00f3n sobre disponibilidad de colores y caracter\u00edsticas, consulte con su asesor comercial.<\/strong><\/p>\n<ul>\n<li>Liviana por su marco en aluminio.<\/li>\n<li>F\u00e1cil de transportar y almacenar por sus llantas con pin de desmonte r\u00e1pido.<\/li>\n<li>F\u00e1cil para realizar transferencias por sus apoyabrazos abatibles.<\/li>\n<li>Segura por sus ruedas antivuelco y detalles reflectivos en las llantas traseras.<\/li>\n<li>Permite una mejor propulsi\u00f3n por eje graduable en altura.<\/li>\n<\/ul>\n<p><strong>Medidas<\/strong><\/p>\n<ul>\n<li><strong>Ancho total de la silla\u00a0<\/strong>61 cm.<\/li>\n<li><strong>Altura del respaldo\u00a0<\/strong>40 cm.<\/li>\n<li><strong>Altura del apoyabrazos\u00a0<\/strong>20 cm.<\/li>\n<li><strong>Altura de los reposapi\u00e9s\u00a0<\/strong>m\u00edn 42 cm \u2013 m\u00e1x 50 cm.<\/li>\n<li><strong>Profundidad del asiento<\/strong>\u00a044 cm.<\/li>\n<li><strong>Ancho del asiento\u00a0<\/strong>40 cm \/ 43 cm.<\/li>\n<\/ul>\n<p><strong>User persona<\/strong><\/p>\n<p>Adulto con estilo de vida activo, que le gusta salir de su casa y moverse de forma independiente o con ayuda<\/p>\n","protected":false},"excerpt":{"rendered":"<div class=\"woocommerce-product-details__short-description\">\n<p><b>Caracter\u00edsticas<\/b><\/p>\n<ul>\n<li>Marco plegable en aluminio liviano disponible en dos tama\u00f1os<\/li>\n<li>Llantas en poliuretano rin radio con pin de desmonte r\u00e1pido y detalles reflectivos<\/li>\n<li>Configuraci\u00f3n para graduaci\u00f3n en altura en sus llantas traseras y delanteras que permite modificar el centro de gravedad de la silla<\/li>\n<li>Confortable tapicer\u00eda en lona<\/li>\n<li>Freno manual en llantas traseras<\/li>\n<li>Banda para sujeci\u00f3n de piernas en cada uno de los reposapi\u00e9s<\/li>\n<li>Reposapi\u00e9s abatibles y removibles con plataforma graduable en altura y posici\u00f3n tibio tarsica<\/li>\n<li>Recomendaci\u00f3n de uso: 30% en interiores, 70% en exteriores<\/li>\n<\/ul>\n<p><strong>Especificaciones<\/strong><\/p>\n<ul>\n<li><strong>Material<\/strong>\u00a0Aluminio.<\/li>\n<li><strong>Peso neto\u00a0<\/strong>15,40 kg.<\/li>\n<li><strong>Capacidad de peso\u00a0<\/strong>113 kg.<\/li>\n<li><strong>Ruedas\u00a0<\/strong><b>delanteras Rin<\/b>\u00a0estrella maciza 8 x 1,2\u2033.<\/li>\n<li><strong>Llantas traseras\u00a0<\/strong>Rin radio en poliuretano 24 x 1 3\/8\u2033.<\/li>\n<\/ul>\n<\/div>\n","protected":false},"featured_media":10114,"comment_status":"open","ping_status":"closed","template":"","meta":[],"product_brand":[],"product_cat":[73],"product_tag":[207],"class_list":{"0":"post-10113","1":"product","2":"type-product","3":"status-publish","4":"has-post-thumbnail","6":"product_cat-sillas-de-ruedas-estandar","7":"product_tag-silla-de-ruedas","9":"first","10":"instock","11":"taxable","12":"shipping-taxable","13":"product-type-simple"},"_links":{"self":[{"href":"https:\/\/www.enterpricecorp.com\/sitio\/wp-json\/wp\/v2\/product\/10113","targetHints":{"allow":["GET"]}}],"collection":[{"href":"https:\/\/www.enterpricecorp.com\/sitio\/wp-json\/wp\/v2\/product"}],"about":[{"href":"https:\/\/www.enterpricecorp.com\/sitio\/wp-json\/wp\/v2\/types\/product"}],"replies":[{"embeddable":true,"href":"https:\/\/www.enterpricecorp.com\/sitio\/wp-json\/wp\/v2\/comments?post=10113"}],"version-history":[{"count":1,"href":"https:\/\/www.enterpricecorp.com\/sitio\/wp-json\/wp\/v2\/product\/10113\/revisions"}],"predecessor-version":[{"id":10119,"href":"https:\/\/www.enterpricecorp.com\/sitio\/wp-json\/wp\/v2\/product\/10113\/revisions\/10119"}],"wp:featuredmedia":[{"embeddable":true,"href":"https:\/\/www.enterpricecorp.com\/sitio\/wp-json\/wp\/v2\/media\/10114"}],"wp:attachment":[{"href":"https:\/\/www.enterpricecorp.com\/sitio\/wp-json\/wp\/v2\/media?parent=10113"}],"wp:term":[{"taxonomy":"product_brand","embeddable":true,"href":"https:\/\/www.enterpricecorp.com\/sitio\/wp-json\/wp\/v2\/product_brand?post=10113"},{"taxonomy":"product_cat","embeddable":true,"href":"https:\/\/www.enterpricecorp.com\/sitio\/wp-json\/wp\/v2\/product_cat?post=10113"},{"taxonomy":"product_tag","embeddable":true,"href":"https:\/\/www.enterpricecorp.com\/sitio\/wp-json\/wp\/v2\/product_tag?post=10113"}],"curies":[{"name":"wp","href":"https:\/\/api.w.org\/{rel}","templated":true}]}}