{"id":10096,"date":"2025-08-31T21:55:55","date_gmt":"2025-08-31T21:55:55","guid":{"rendered":"https:\/\/www.enterpricecorp.com\/sitio\/?post_type=product&#038;p=10096"},"modified":"2025-09-02T16:32:03","modified_gmt":"2025-09-02T16:32:03","slug":"silla-de-ruedas-iron-light-konfort-standard","status":"publish","type":"product","link":"https:\/\/www.enterpricecorp.com\/sitio\/producto\/silla-de-ruedas-iron-light-konfort-standard\/","title":{"rendered":"Silla de Ruedas Iron Light Konfort Standard"},"content":{"rendered":"<p><strong>Beneficios<\/strong><\/p>\n<p><strong>Informaci\u00f3n Importante: La imagen es de uso \u00fanicamente ilustrativo e informativo. Algunos colores y atributos pueden no estar disponibles o no corresponder al producto. Para mayor informaci\u00f3n sobre disponibilidad de colores y caracter\u00edsticas, consulte con su asesor comercial.<\/strong><\/p>\n<ul>\n<li>Es segura y resistente por su marco en acero reforzado.<\/li>\n<li>Mejor propulsi\u00f3n por eje graduable en altura.<\/li>\n<li>Segura para usarse en exteriores por sus detalles reflectivos en llantas traseras.<\/li>\n<li>F\u00e1cil para realizar transferencias por sus apoyabrazos abatibles.<\/li>\n<li>Pr\u00e1ctica para almacenar y transportar por sus llantas con pin de desmonte r\u00e1pido.<\/li>\n<li>Facilita rodar por varios terrenos ya que sus ruedas delanteras son grandes.<\/li>\n<\/ul>\n<p><strong>Caracter\u00edsticas<\/strong><\/p>\n<ul>\n<li>Marco plegable en acero pintado disponible en dos tama\u00f1os<\/li>\n<li>Llantas en poliuretano rin radio con pin de desmonte r\u00e1pido<\/li>\n<li>Configuraci\u00f3n para graduaci\u00f3n en altura en sus llantas traseras y delanteras que permite modificar el centro de gravedad de la silla<\/li>\n<li>Confortable tapicer\u00eda en lona<\/li>\n<li>Freno manual en llantas traseras<\/li>\n<li>Banda para sujeci\u00f3n de piernas en los reposapi\u00e9s<\/li>\n<li>Reposapi\u00e9s abatibles y removibles con plataforma graduable en altura<\/li>\n<li>Recomendaci\u00f3n de uso: 30% en interiores, 70% en exteriores<\/li>\n<\/ul>\n","protected":false},"excerpt":{"rendered":"<p>Para quienes necesitan ayuda para movilizarse con autonom\u00eda y activamente en exteriores o interiores. Cuando necesite transportarla o guardarla ser\u00e1 m\u00e1s f\u00e1cil gracias a su opci\u00f3n de desmonte r\u00e1pido de sus llantas y plegado del marco. Cuenta con diferentes opciones de configuraci\u00f3n para adaptarse a las necesidades requeridas.<\/p>\n<p><strong>Especificaciones<\/strong><\/p>\n<ul>\n<li><strong>Material<\/strong>\u00a0Acero.<\/li>\n<li><strong>Peso Neto<\/strong>\u00a021,24 kg.<\/li>\n<li><strong>Capacidad de Peso<\/strong>\u00a0113 kg.<\/li>\n<li><strong>Ruedas delanteras<\/strong>\u00a0Rin Estrella Maciza 8 x 2\u2033 graduables en altura.<\/li>\n<li><strong>Llantas traseras<\/strong>\u00a0Rin radio en poliuretano 24 x 1 3\/8\u2033 con pin de desmonte r\u00e1pido y graduaci\u00f3n en altura.<\/li>\n<\/ul>\n<p>Medidas<\/p>\n<ul>\n<li><strong>Ancho Total de la Silla<\/strong>\u00a064 cm<\/li>\n<li><strong>Ancho del Asiento<\/strong>\u00a046 cm<\/li>\n<li><strong>Altura Total de la Silla<\/strong>\u00a095 cm<\/li>\n<li><strong>Altura del Respaldo<\/strong>\u00a047 cm<\/li>\n<li><strong>Altura del Apoyabrazos<\/strong>\u00a020 cm<\/li>\n<li><strong>Altura de los Reposapi\u00e9s<\/strong>\u00a0M\u00edn 30 cm \u2013 M\u00e1x 41 cm<\/li>\n<li><strong>Profundidad del Asiento\u00a0<\/strong>41 cm<\/li>\n<\/ul>\n<p><strong>User persona<\/strong><\/p>\n<p>Adulto con estilo de vida activo, que le gusta salir de su casa y moverse de forma independiente o con ayuda<\/p>\n","protected":false},"featured_media":10098,"comment_status":"open","ping_status":"closed","template":"","meta":[],"product_brand":[],"product_cat":[73],"product_tag":[207],"class_list":{"0":"post-10096","1":"product","2":"type-product","3":"status-publish","4":"has-post-thumbnail","6":"product_cat-sillas-de-ruedas-estandar","7":"product_tag-silla-de-ruedas","9":"first","10":"instock","11":"taxable","12":"shipping-taxable","13":"product-type-simple"},"_links":{"self":[{"href":"https:\/\/www.enterpricecorp.com\/sitio\/wp-json\/wp\/v2\/product\/10096","targetHints":{"allow":["GET"]}}],"collection":[{"href":"https:\/\/www.enterpricecorp.com\/sitio\/wp-json\/wp\/v2\/product"}],"about":[{"href":"https:\/\/www.enterpricecorp.com\/sitio\/wp-json\/wp\/v2\/types\/product"}],"replies":[{"embeddable":true,"href":"https:\/\/www.enterpricecorp.com\/sitio\/wp-json\/wp\/v2\/comments?post=10096"}],"version-history":[{"count":1,"href":"https:\/\/www.enterpricecorp.com\/sitio\/wp-json\/wp\/v2\/product\/10096\/revisions"}],"predecessor-version":[{"id":10102,"href":"https:\/\/www.enterpricecorp.com\/sitio\/wp-json\/wp\/v2\/product\/10096\/revisions\/10102"}],"wp:featuredmedia":[{"embeddable":true,"href":"https:\/\/www.enterpricecorp.com\/sitio\/wp-json\/wp\/v2\/media\/10098"}],"wp:attachment":[{"href":"https:\/\/www.enterpricecorp.com\/sitio\/wp-json\/wp\/v2\/media?parent=10096"}],"wp:term":[{"taxonomy":"product_brand","embeddable":true,"href":"https:\/\/www.enterpricecorp.com\/sitio\/wp-json\/wp\/v2\/product_brand?post=10096"},{"taxonomy":"product_cat","embeddable":true,"href":"https:\/\/www.enterpricecorp.com\/sitio\/wp-json\/wp\/v2\/product_cat?post=10096"},{"taxonomy":"product_tag","embeddable":true,"href":"https:\/\/www.enterpricecorp.com\/sitio\/wp-json\/wp\/v2\/product_tag?post=10096"}],"curies":[{"name":"wp","href":"https:\/\/api.w.org\/{rel}","templated":true}]}}