{"id":10076,"date":"2025-08-31T21:37:54","date_gmt":"2025-08-31T21:37:54","guid":{"rendered":"https:\/\/www.enterpricecorp.com\/sitio\/?post_type=product&#038;p=10076"},"modified":"2025-08-31T21:37:54","modified_gmt":"2025-08-31T21:37:54","slug":"silla-de-ruedas-de-posicionamiento-pediatrica-k380-konfort-plus","status":"publish","type":"product","link":"https:\/\/www.enterpricecorp.com\/sitio\/producto\/silla-de-ruedas-de-posicionamiento-pediatrica-k380-konfort-plus\/","title":{"rendered":"Silla de Ruedas de Posicionamiento Pedi\u00e1trica K380 Konfort Plus"},"content":{"rendered":"<p><strong>Beneficios<\/strong><\/p>\n<p><strong>Informaci\u00f3n Importante: La imagen es de uso \u00fanicamente ilustrativo e informativo. Algunos colores y atributos pueden no estar disponibles o no corresponder al producto. Para mayor informaci\u00f3n sobre disponibilidad de colores y caracter\u00edsticas, consulte con su asesor comercial.<\/strong><\/p>\n<ul>\n<li>Pr\u00e1ctico para almacenar y transportar por su marco plegable y llantas con pin de desmonte r\u00e1pido y respaldo abatible.<\/li>\n<li>Se adapta a las necesidades corporales gracias a su graduaci\u00f3n de ancho, profundidad del asiento, altura de los apoyabrazos y reposapi\u00e9s.<\/li>\n<li>Seguridad por sus ruedas antivuelco y frenos para el cuidador.<\/li>\n<li>Favorece la independencia en las actividades de la vida diaria f\u00e1cil adaptaci\u00f3n de mesa de trabajo.<\/li>\n<\/ul>\n<p><strong>Especificaciones<\/strong><\/p>\n<ul>\n<li><strong>Material marco<\/strong>\u00a0Aluminio.<\/li>\n<li><strong>Peso neto<\/strong>25,5 Kg.<\/li>\n<li><strong>Capacidad de peso<\/strong>65 kg.<\/li>\n<li><strong>Ruedas delanteras\u00a0<\/strong>Rin estrella maciza 6 X 1\u2033.<\/li>\n<li><strong>Llantas traseras\u00a0<\/strong>Rin radio estrella 22\u2033 x 1 3\/8\u2033. .<\/li>\n<li><strong>Reclinable\u00a0<\/strong>de 90\u00b0 a -120\u00b0 en 5 posiciones.<\/li>\n<li><strong>Basculaci\u00f3n\u00a0<\/strong>de -0 a 60\u00b0 grados.<\/li>\n<\/ul>\n<p><strong>Medidas<\/strong><\/p>\n<ul>\n<li><strong>Ancho total de la silla\u00a0<\/strong>52 cm.<\/li>\n<li><strong>Ancho del asiento\u00a0<\/strong>34 cm.<\/li>\n<li><strong>Altura del respaldo\u00a0<\/strong>44 cm.<\/li>\n<li><strong>Altura del apoyabrazos\u00a0<\/strong>21 cm.<\/li>\n<li><strong>Profundidad del asiento\u00a0<\/strong>38 cm.<\/li>\n<\/ul>\n<p><strong>User personas<\/strong><\/p>\n<p>Ni\u00f1o con dificultad para moverse, que es cuidado por sus padres o un cuidador y necesita soportes, basculaci\u00f3n y reclinaci\u00f3n para estar sentado.<\/p>\n","protected":false},"excerpt":{"rendered":"<div class=\"woocommerce-product-details__short-description\">\n<p>Para ni\u00f1os que deben estar bien posicionados y necesitan ayuda de su cuidador para movilizarse, que necesitan basculaci\u00f3n y m\u00faltiples opciones de configuraci\u00f3n, se adapta al usuario en la medida de su crecimiento.<\/p>\n<\/div>\n","protected":false},"featured_media":10077,"comment_status":"open","ping_status":"closed","template":"","meta":[],"product_brand":[],"product_cat":[75],"product_tag":[207],"class_list":{"0":"post-10076","1":"product","2":"type-product","3":"status-publish","4":"has-post-thumbnail","6":"product_cat-sillas-de-ruedas-pedriaticas","7":"product_tag-silla-de-ruedas","9":"first","10":"instock","11":"taxable","12":"shipping-taxable","13":"product-type-simple"},"_links":{"self":[{"href":"https:\/\/www.enterpricecorp.com\/sitio\/wp-json\/wp\/v2\/product\/10076","targetHints":{"allow":["GET"]}}],"collection":[{"href":"https:\/\/www.enterpricecorp.com\/sitio\/wp-json\/wp\/v2\/product"}],"about":[{"href":"https:\/\/www.enterpricecorp.com\/sitio\/wp-json\/wp\/v2\/types\/product"}],"replies":[{"embeddable":true,"href":"https:\/\/www.enterpricecorp.com\/sitio\/wp-json\/wp\/v2\/comments?post=10076"}],"version-history":[{"count":1,"href":"https:\/\/www.enterpricecorp.com\/sitio\/wp-json\/wp\/v2\/product\/10076\/revisions"}],"predecessor-version":[{"id":10081,"href":"https:\/\/www.enterpricecorp.com\/sitio\/wp-json\/wp\/v2\/product\/10076\/revisions\/10081"}],"wp:featuredmedia":[{"embeddable":true,"href":"https:\/\/www.enterpricecorp.com\/sitio\/wp-json\/wp\/v2\/media\/10077"}],"wp:attachment":[{"href":"https:\/\/www.enterpricecorp.com\/sitio\/wp-json\/wp\/v2\/media?parent=10076"}],"wp:term":[{"taxonomy":"product_brand","embeddable":true,"href":"https:\/\/www.enterpricecorp.com\/sitio\/wp-json\/wp\/v2\/product_brand?post=10076"},{"taxonomy":"product_cat","embeddable":true,"href":"https:\/\/www.enterpricecorp.com\/sitio\/wp-json\/wp\/v2\/product_cat?post=10076"},{"taxonomy":"product_tag","embeddable":true,"href":"https:\/\/www.enterpricecorp.com\/sitio\/wp-json\/wp\/v2\/product_tag?post=10076"}],"curies":[{"name":"wp","href":"https:\/\/api.w.org\/{rel}","templated":true}]}}