{"id":10062,"date":"2025-08-31T21:29:46","date_gmt":"2025-08-31T21:29:46","guid":{"rendered":"https:\/\/www.enterpricecorp.com\/sitio\/?post_type=product&#038;p=10062"},"modified":"2025-08-31T21:29:46","modified_gmt":"2025-08-31T21:29:46","slug":"silla-de-ruedas-neurologica-pediatrica-k100-konfort-plus","status":"publish","type":"product","link":"https:\/\/www.enterpricecorp.com\/sitio\/producto\/silla-de-ruedas-neurologica-pediatrica-k100-konfort-plus\/","title":{"rendered":"Silla de Ruedas Neurol\u00f3gica Pedi\u00e1trica K100 Konfort Plus"},"content":{"rendered":"<div class=\"woocommerce-tabs wc-tabs-wrapper\">\n<div id=\"tab-description\" class=\"woocommerce-Tabs-panel woocommerce-Tabs-panel--description panel entry-content wc-tab\" role=\"tabpanel\" aria-labelledby=\"tab-title-description\">\n<p><strong>Beneficios:<\/strong><\/p>\n<p><strong>Informaci\u00f3n Importante: La imagen es de uso \u00fanicamente ilustrativo e informativo. Algunos colores y atributos pueden no estar disponibles o no corresponder al producto. Para mayor informaci\u00f3n sobre disponibilidad de colores y caracter\u00edsticas, consulte con su asesor comercial.<\/strong><\/p>\n<ul>\n<li>Liviana y resistente por su estructura en aluminio.<\/li>\n<li>Pr\u00e1ctico para almacenar y transportar por sus llantas con pin de desmonte r\u00e1pido.<\/li>\n<li>Brinda al usuario varias opciones de posicionamiento que facilitan y ayudan en su postura y comodidad por su basculaci\u00f3n de hasta 30\u00b0 y aditamentos para soporte de tronco y cabeza.<\/li>\n<li>Facilidad para realizar las transferencias por sus reposapi\u00e9s abatibles y removibles y apoyabrazos abatibles.<\/li>\n<\/ul>\n<p><strong>Caracter\u00edsticas<\/strong><\/p>\n<ul>\n<li>Marco plegable en aluminio pintado<\/li>\n<li>Aditamentos desmontables pr\u00e1cticos y f\u00e1ciles de configurar<\/li>\n<li>Sistema de basculaci\u00f3n por medio de guaya de f\u00e1cil accionamiento<\/li>\n<li>Respaldo alto acolchado con opci\u00f3n de reclinaci\u00f3n por medio de tornillo<\/li>\n<li>Soporte cef\u00e1lico acolchado ajustable en altura y profundidad<\/li>\n<li>Soporte de troncos acolchados para alineamiento del paciente<\/li>\n<li>Apoyabrazos removibles ajustables en altura<\/li>\n<li>Llantas traseras en PU rin estrella con pin de desmonte r\u00e1pido<\/li>\n<\/ul>\n<p><strong>Especificaciones<\/strong><\/p>\n<ul>\n<li><strong>Material<\/strong>\u00a0Aluminio.<\/li>\n<li><strong>Peso neto<\/strong>16,5 Kg.<\/li>\n<li><strong>Capacidad de peso<\/strong>90 kg.<\/li>\n<li><strong>Ruedas delanteras\u00a0<\/strong>Rin estrella llanta maciza 6\u2033.<\/li>\n<li><strong>Llantas traseras\u00a0<\/strong>en PU rin estrella de 20\u201d.<\/li>\n<li><strong>Reclinable\u00a0<\/strong>mediante tornillo de 90\u00b0 a 112\u00b0.<\/li>\n<li><strong>Basculaci\u00f3n\u00a0<\/strong>activada por medio de guaya de 0 a 30\u00b0.<\/li>\n<\/ul>\n<p><strong>Medidas<\/strong><\/p>\n<ul>\n<li><strong>Ancho total de la silla\u00a0<\/strong>50 cm.<\/li>\n<li><strong>Altura total de la silla\u00a0<\/strong>95 cm.<\/li>\n<li><strong>Altura del respaldo\u00a0<\/strong>39 cm.<\/li>\n<li><strong>Altura del apoyabrazos\u00a0<\/strong>19 cm.<\/li>\n<li><strong>Ancho del asiento\u00a0<\/strong>25 cm \/ 33 cm \/ 38 cm.<\/li>\n<\/ul>\n<p><strong>User persona<\/strong><\/p>\n<p>Ni\u00f1o con dificultad para moverse, que es cuidado por sus padres o un cuidador y necesita soportes, basculaci\u00f3n y reclinaci\u00f3n para estar sentado<\/p>\n<\/div>\n<\/div>\n","protected":false},"excerpt":{"rendered":"<div class=\"woocommerce-product-details__short-description\">\n<p>Para ni\u00f1os que deben estar bien posicionados y necesitan ayuda de su cuidador para movilizarse, que necesitan basculaci\u00f3n y m\u00faltiples opciones de configuraci\u00f3n.<\/p>\n<\/div>\n","protected":false},"featured_media":10063,"comment_status":"open","ping_status":"closed","template":"","meta":[],"product_brand":[],"product_cat":[75],"product_tag":[207],"class_list":{"0":"post-10062","1":"product","2":"type-product","3":"status-publish","4":"has-post-thumbnail","6":"product_cat-sillas-de-ruedas-pedriaticas","7":"product_tag-silla-de-ruedas","9":"first","10":"instock","11":"taxable","12":"shipping-taxable","13":"product-type-simple"},"_links":{"self":[{"href":"https:\/\/www.enterpricecorp.com\/sitio\/wp-json\/wp\/v2\/product\/10062","targetHints":{"allow":["GET"]}}],"collection":[{"href":"https:\/\/www.enterpricecorp.com\/sitio\/wp-json\/wp\/v2\/product"}],"about":[{"href":"https:\/\/www.enterpricecorp.com\/sitio\/wp-json\/wp\/v2\/types\/product"}],"replies":[{"embeddable":true,"href":"https:\/\/www.enterpricecorp.com\/sitio\/wp-json\/wp\/v2\/comments?post=10062"}],"version-history":[{"count":1,"href":"https:\/\/www.enterpricecorp.com\/sitio\/wp-json\/wp\/v2\/product\/10062\/revisions"}],"predecessor-version":[{"id":10067,"href":"https:\/\/www.enterpricecorp.com\/sitio\/wp-json\/wp\/v2\/product\/10062\/revisions\/10067"}],"wp:featuredmedia":[{"embeddable":true,"href":"https:\/\/www.enterpricecorp.com\/sitio\/wp-json\/wp\/v2\/media\/10063"}],"wp:attachment":[{"href":"https:\/\/www.enterpricecorp.com\/sitio\/wp-json\/wp\/v2\/media?parent=10062"}],"wp:term":[{"taxonomy":"product_brand","embeddable":true,"href":"https:\/\/www.enterpricecorp.com\/sitio\/wp-json\/wp\/v2\/product_brand?post=10062"},{"taxonomy":"product_cat","embeddable":true,"href":"https:\/\/www.enterpricecorp.com\/sitio\/wp-json\/wp\/v2\/product_cat?post=10062"},{"taxonomy":"product_tag","embeddable":true,"href":"https:\/\/www.enterpricecorp.com\/sitio\/wp-json\/wp\/v2\/product_tag?post=10062"}],"curies":[{"name":"wp","href":"https:\/\/api.w.org\/{rel}","templated":true}]}}